

{"id":9282,"date":"2020-08-16T12:53:20","date_gmt":"2020-08-16T10:53:20","guid":{"rendered":"https:\/\/smart4health.testing.linux15.3pc.de\/impressum\/"},"modified":"2021-06-03T14:09:34","modified_gmt":"2021-06-03T12:09:34","slug":"ficha-tecnica","status":"publish","type":"page","link":"https:\/\/smart4health.eu\/pt-pt\/ficha-tecnica\/","title":{"rendered":"Ficha t\u00e9cnica"},"content":{"rendered":"\n[et_pb_section fb_built=&#8221;1&#8243; _builder_version=&#8221;4.5.1&#8243; _module_preset=&#8221;default&#8221; background_color=&#8221;#ffffff&#8221; custom_margin=&#8221;0px||||false|false&#8221;][et_pb_row _builder_version=&#8221;4.5.1&#8243; _module_preset=&#8221;default&#8221; background_color=&#8221;#ffffff&#8221;][et_pb_column type=&#8221;4_4&#8243; _builder_version=&#8221;4.5.1&#8243; _module_preset=&#8221;default&#8221;][et_pb_text _builder_version=&#8221;4.9.4&#8243; _module_preset=&#8221;default&#8221; hover_enabled=&#8221;0&#8243; sticky_enabled=&#8221;0&#8243;]<p><strong>Hasso-Plattner-Institut f\u00fcr Digital Engineering gGmbH<\/strong><br \/>Prof.-Dr.-Helmert-Str. 2-3<br \/>14482 Potsdam<br \/>Telefon: +49 (0)331 \/ 5509-0<br \/>Telefax: +49 (0)331 \/ 5509-129<br \/>E-Mail: hpi-info(at)hpi.de<br \/>Website: www.hpi.de<\/p>\n<p>Escrit\u00f3rio registado: Potsdam<br \/>Tribunal de registo: AG Potsdam, HRB 12184 P<br \/>Director Executivo: Prof. Dr. Christoph Meinel (CEO), Dr. Marcus K\u00f6lling (CFO)<\/p>\n<p><strong>Pessoas respons\u00e1veis pelo conte\u00fado:<\/strong><br \/>Dr. Attila Wohlbrandt<\/p>\n<p><strong>Editor:\u00a0<\/strong><br \/>Cons\u00f3rcio Smart4Health<\/p>\n<p><strong><\/strong><\/p>\n<p><strong>Texts:<\/strong><br \/>Cons\u00f3rcio Smart4Health<\/p>\n<p><strong>Informa\u00e7\u00e3o legal:<\/strong><br \/>O cons\u00f3rcio Smart4Health verifica e atualiza constantemente as informa\u00e7\u00f5es nas respetivas p\u00e1ginas web. Apesar do m\u00e1ximo cuidado, n\u00e3o podemos descartar a possibilidade de alguns dados ficarem desatualizados. Portanto, n\u00e3o nos responsabilizamos pela moeda, exatid\u00e3o e integridade das informa\u00e7\u00f5es exibidas. O mesmo se aplica a todas as outras p\u00e1ginas web que podem ser acedidas atrav\u00e9s dos hiperlink. O cons\u00f3rcio n\u00e3o \u00e9 respons\u00e1vel pelo conte\u00fado das p\u00e1ginas que podem ser acedidas atrav\u00e9s desses links. Al\u00e9m disso, o cons\u00f3rcio reserva o direito de fazer altera\u00e7\u00f5es ou acr\u00e9scimos \u00e0s informa\u00e7\u00f5es exibidas. Conte\u00fado e estrutura do site Smart4Health \u00e9 protegido por direitos de autor. A reprodu\u00e7\u00e3o de informa\u00e7\u00f5es ou dados, em particular o uso de textos, trechos de texto ou material ilustrativo, requer aprova\u00e7\u00e3o pr\u00e9via.<\/p>\n<p><strong>Aviso de privacidade:<\/strong><br \/>Por favor, consulte o aviso de privacidade para mais informa\u00e7\u00f5es.<\/p>\n<p><strong>Pol\u00edtica de Privacidade de Dados<\/strong><br \/>Os parceiros do cons\u00f3rcio do projeto Smart4Health s\u00e3o respons\u00e1veis por todo o conte\u00fado interno da p\u00e1gina web. Em caso de cr\u00edticas ou coment\u00e1rios sobre o seu conte\u00fado, entre em contato com Dr. Attila Wohlbrandt (attila.wohlbrandt(at)hpi.de).<\/p>\n<p><strong>Direitos Autorais<\/strong><br \/>Este site e o seu conte\u00fado est\u00e3o sujeitos \u00e0 lei alem\u00e3 de direitos de autor. A reprodu\u00e7\u00e3o n\u00e3o autorizada fora dos limites restritos da Lei de Direitos de Autor \u00e9 proibida sem o consentimento por escrito do cons\u00f3rcio.<\/p>\n<p><strong>Responsabilidade pelo conte\u00fado recuper\u00e1vel<\/strong><br \/>Os conte\u00fados recuper\u00e1veis aqui n\u00e3o reivindicam corre\u00e7\u00e3o, usabilidade e \/ ou integridade. As informa\u00e7\u00f5es legais n\u00e3o s\u00e3o vinculativas e, portanto, n\u00e3o s\u00e3o juridicamente vinculativas. Pelo contr\u00e1rio, elas t\u00eam um car\u00e1ter informativo, sem qualquer garantia de ser dada a sua corre\u00e7\u00e3o.<\/p>\n<p><strong>Responsabilidade por links<\/strong><br \/>As liga\u00e7\u00f5es externas de terceiros que apresentam conte\u00fado dos respetivos fornecedores n\u00e3o s\u00e3o as do cons\u00f3rcio. Essas refer\u00eancias s\u00e3o reconhec\u00edveis como tal no contexto ou s\u00e3o marcadas separadamente. O cons\u00f3rcio n\u00e3o tem influ\u00eancia alguma sobre o conte\u00fado fornecido e n\u00e3o adota este conte\u00fado como pr\u00f3prio atrav\u00e9s dos links.<\/p>\n<p><strong>Cr\u00e9ditos de imagem<br \/><\/strong>Os direitos de autor de quaisquer figuras e imagens pertencem ao Smart4Health Consortium, salvo indica\u00e7\u00e3o em contr\u00e1rio.<\/p>\n<p>&nbsp;<\/p>[\/et_pb_text][\/et_pb_column][\/et_pb_row][\/et_pb_section][et_pb_section fb_built=&#8221;1&#8243; fullwidth=&#8221;on&#8221; _builder_version=&#8221;4.5.1&#8243; _module_preset=&#8221;default&#8221;][et_pb_text_extender _builder_version=&#8221;4.5.1&#8243; _module_preset=&#8221;default&#8221;][\/et_pb_text_extender][\/et_pb_section][et_pb_section fb_built=&#8221;1&#8243; fullwidth=&#8221;on&#8221; _builder_version=&#8221;4.5.1&#8243; _module_preset=&#8221;default&#8221;][et_pb_text_extender _builder_version=&#8221;4.5.1&#8243; _module_preset=&#8221;default&#8221;][\/et_pb_text_extender][\/et_pb_section]\n","protected":false},"excerpt":{"rendered":"<p>Hasso-Plattner-Institut f\u00fcr Digital Engineering gGmbHProf.-Dr.-Helmert-Str. 2-314482 PotsdamTelefon: +49 (0)331 \/ 5509-0Telefax: +49 (0)331 \/ 5509-129E-Mail: hpi-info(at)hpi.deWebsite: www.hpi.de Escrit\u00f3rio registado: PotsdamTribunal de registo: AG Potsdam, HRB 12184 PDirector Executivo: Prof. Dr. Christoph Meinel (CEO), Dr. Marcus K\u00f6lling (CFO) Pessoas respons\u00e1veis pelo conte\u00fado:Dr. Attila Wohlbrandt Editor:\u00a0Cons\u00f3rcio Smart4Health Texts:Cons\u00f3rcio Smart4Health Informa\u00e7\u00e3o legal:O cons\u00f3rcio Smart4Health verifica e atualiza constantemente [&hellip;]<\/p>\n","protected":false},"author":10,"featured_media":0,"parent":0,"menu_order":0,"comment_status":"closed","ping_status":"closed","template":"","meta":{"_et_pb_use_builder":"on","_et_pb_old_content":"","_et_gb_content_width":""},"yoast_head":"<!-- This site is optimized with the Yoast SEO plugin v20.6 - https:\/\/yoast.com\/wordpress\/plugins\/seo\/ -->\n<title>Ficha t\u00e9cnica - Smart4Health<\/title>\n<meta name=\"robots\" content=\"index, follow, max-snippet:-1, max-image-preview:large, max-video-preview:-1\" \/>\n<link rel=\"canonical\" href=\"https:\/\/smart4health.eu\/pt-pt\/ficha-tecnica\/\" \/>\n<meta property=\"og:locale\" content=\"pt_PT\" \/>\n<meta property=\"og:type\" content=\"article\" \/>\n<meta property=\"og:title\" content=\"Ficha t\u00e9cnica - Smart4Health\" \/>\n<meta property=\"og:description\" content=\"Hasso-Plattner-Institut f\u00fcr Digital Engineering gGmbHProf.-Dr.-Helmert-Str. 2-314482 PotsdamTelefon: +49 (0)331 \/ 5509-0Telefax: +49 (0)331 \/ 5509-129E-Mail: hpi-info(at)hpi.deWebsite: www.hpi.de Escrit\u00f3rio registado: PotsdamTribunal de registo: AG Potsdam, HRB 12184 PDirector Executivo: Prof. Dr. Christoph Meinel (CEO), Dr. Marcus K\u00f6lling (CFO) Pessoas respons\u00e1veis pelo conte\u00fado:Dr. Attila Wohlbrandt Editor:\u00a0Cons\u00f3rcio Smart4Health Texts:Cons\u00f3rcio Smart4Health Informa\u00e7\u00e3o legal:O cons\u00f3rcio Smart4Health verifica e atualiza constantemente [&hellip;]\" \/>\n<meta property=\"og:url\" content=\"https:\/\/smart4health.eu\/pt-pt\/ficha-tecnica\/\" \/>\n<meta property=\"og:site_name\" content=\"Smart4Health\" \/>\n<meta property=\"article:modified_time\" content=\"2021-06-03T12:09:34+00:00\" \/>\n<meta name=\"twitter:card\" content=\"summary_large_image\" \/>\n<meta name=\"twitter:label1\" content=\"Tempo estimado de leitura\" \/>\n\t<meta name=\"twitter:data1\" content=\"2 minutos\" \/>\n<script type=\"application\/ld+json\" class=\"yoast-schema-graph\">{\"@context\":\"https:\/\/schema.org\",\"@graph\":[{\"@type\":\"WebPage\",\"@id\":\"https:\/\/smart4health.eu\/pt-pt\/ficha-tecnica\/\",\"url\":\"https:\/\/smart4health.eu\/pt-pt\/ficha-tecnica\/\",\"name\":\"Ficha t\u00e9cnica - Smart4Health\",\"isPartOf\":{\"@id\":\"https:\/\/smart4health.eu\/pt-pt\/en\/#website\"},\"datePublished\":\"2020-08-16T10:53:20+00:00\",\"dateModified\":\"2021-06-03T12:09:34+00:00\",\"breadcrumb\":{\"@id\":\"https:\/\/smart4health.eu\/pt-pt\/ficha-tecnica\/#breadcrumb\"},\"inLanguage\":\"pt-PT\",\"potentialAction\":[{\"@type\":\"ReadAction\",\"target\":[\"https:\/\/smart4health.eu\/pt-pt\/ficha-tecnica\/\"]}]},{\"@type\":\"BreadcrumbList\",\"@id\":\"https:\/\/smart4health.eu\/pt-pt\/ficha-tecnica\/#breadcrumb\",\"itemListElement\":[{\"@type\":\"ListItem\",\"position\":1,\"name\":\"Startseite\",\"item\":\"https:\/\/smart4health.eu\/pt-pt\/\"},{\"@type\":\"ListItem\",\"position\":2,\"name\":\"Ficha t\u00e9cnica\"}]},{\"@type\":\"WebSite\",\"@id\":\"https:\/\/smart4health.eu\/pt-pt\/en\/#website\",\"url\":\"https:\/\/smart4health.eu\/pt-pt\/en\/\",\"name\":\"Smart4Health\",\"description\":\"\",\"potentialAction\":[{\"@type\":\"SearchAction\",\"target\":{\"@type\":\"EntryPoint\",\"urlTemplate\":\"https:\/\/smart4health.eu\/pt-pt\/en\/?s={search_term_string}\"},\"query-input\":\"required name=search_term_string\"}],\"inLanguage\":\"pt-PT\"}]}<\/script>\n<!-- \/ Yoast SEO plugin. -->","yoast_head_json":{"title":"Ficha t\u00e9cnica - Smart4Health","robots":{"index":"index","follow":"follow","max-snippet":"max-snippet:-1","max-image-preview":"max-image-preview:large","max-video-preview":"max-video-preview:-1"},"canonical":"https:\/\/smart4health.eu\/pt-pt\/ficha-tecnica\/","og_locale":"pt_PT","og_type":"article","og_title":"Ficha t\u00e9cnica - Smart4Health","og_description":"Hasso-Plattner-Institut f\u00fcr Digital Engineering gGmbHProf.-Dr.-Helmert-Str. 2-314482 PotsdamTelefon: +49 (0)331 \/ 5509-0Telefax: +49 (0)331 \/ 5509-129E-Mail: hpi-info(at)hpi.deWebsite: www.hpi.de Escrit\u00f3rio registado: PotsdamTribunal de registo: AG Potsdam, HRB 12184 PDirector Executivo: Prof. Dr. Christoph Meinel (CEO), Dr. Marcus K\u00f6lling (CFO) Pessoas respons\u00e1veis pelo conte\u00fado:Dr. Attila Wohlbrandt Editor:\u00a0Cons\u00f3rcio Smart4Health Texts:Cons\u00f3rcio Smart4Health Informa\u00e7\u00e3o legal:O cons\u00f3rcio Smart4Health verifica e atualiza constantemente [&hellip;]","og_url":"https:\/\/smart4health.eu\/pt-pt\/ficha-tecnica\/","og_site_name":"Smart4Health","article_modified_time":"2021-06-03T12:09:34+00:00","twitter_card":"summary_large_image","twitter_misc":{"Tempo estimado de leitura":"2 minutos"},"schema":{"@context":"https:\/\/schema.org","@graph":[{"@type":"WebPage","@id":"https:\/\/smart4health.eu\/pt-pt\/ficha-tecnica\/","url":"https:\/\/smart4health.eu\/pt-pt\/ficha-tecnica\/","name":"Ficha t\u00e9cnica - Smart4Health","isPartOf":{"@id":"https:\/\/smart4health.eu\/pt-pt\/en\/#website"},"datePublished":"2020-08-16T10:53:20+00:00","dateModified":"2021-06-03T12:09:34+00:00","breadcrumb":{"@id":"https:\/\/smart4health.eu\/pt-pt\/ficha-tecnica\/#breadcrumb"},"inLanguage":"pt-PT","potentialAction":[{"@type":"ReadAction","target":["https:\/\/smart4health.eu\/pt-pt\/ficha-tecnica\/"]}]},{"@type":"BreadcrumbList","@id":"https:\/\/smart4health.eu\/pt-pt\/ficha-tecnica\/#breadcrumb","itemListElement":[{"@type":"ListItem","position":1,"name":"Startseite","item":"https:\/\/smart4health.eu\/pt-pt\/"},{"@type":"ListItem","position":2,"name":"Ficha t\u00e9cnica"}]},{"@type":"WebSite","@id":"https:\/\/smart4health.eu\/pt-pt\/en\/#website","url":"https:\/\/smart4health.eu\/pt-pt\/en\/","name":"Smart4Health","description":"","potentialAction":[{"@type":"SearchAction","target":{"@type":"EntryPoint","urlTemplate":"https:\/\/smart4health.eu\/pt-pt\/en\/?s={search_term_string}"},"query-input":"required name=search_term_string"}],"inLanguage":"pt-PT"}]}},"_links":{"self":[{"href":"https:\/\/smart4health.eu\/pt-pt\/wp-json\/wp\/v2\/pages\/9282"}],"collection":[{"href":"https:\/\/smart4health.eu\/pt-pt\/wp-json\/wp\/v2\/pages"}],"about":[{"href":"https:\/\/smart4health.eu\/pt-pt\/wp-json\/wp\/v2\/types\/page"}],"author":[{"embeddable":true,"href":"https:\/\/smart4health.eu\/pt-pt\/wp-json\/wp\/v2\/users\/10"}],"replies":[{"embeddable":true,"href":"https:\/\/smart4health.eu\/pt-pt\/wp-json\/wp\/v2\/comments?post=9282"}],"version-history":[{"count":9,"href":"https:\/\/smart4health.eu\/pt-pt\/wp-json\/wp\/v2\/pages\/9282\/revisions"}],"predecessor-version":[{"id":14911,"href":"https:\/\/smart4health.eu\/pt-pt\/wp-json\/wp\/v2\/pages\/9282\/revisions\/14911"}],"wp:attachment":[{"href":"https:\/\/smart4health.eu\/pt-pt\/wp-json\/wp\/v2\/media?parent=9282"}],"curies":[{"name":"wp","href":"https:\/\/api.w.org\/{rel}","templated":true}]}}