

{"id":9257,"date":"2020-08-16T20:16:35","date_gmt":"2020-08-16T18:16:35","guid":{"rendered":"https:\/\/smart4health.testing.linux15.3pc.de\/services-und-apps\/"},"modified":"2020-11-26T16:38:30","modified_gmt":"2020-11-26T15:38:30","slug":"servico-e-funcionalidades","status":"publish","type":"page","link":"https:\/\/smart4health.eu\/pt-pt\/servico-e-funcionalidades\/","title":{"rendered":"Servi\u00e7o e funcionalidades"},"content":{"rendered":"<p>[et_pb_section fb_built=&#8221;1&#8243; _builder_version=&#8221;4.5.1&#8243; _module_preset=&#8221;default&#8221; background_color=&#8221;#ffffff&#8221; custom_margin=&#8221;||||false|false&#8221;][et_pb_row _builder_version=&#8221;4.5.1&#8243; _module_preset=&#8221;default&#8221; background_color=&#8221;#ffffff&#8221; custom_margin=&#8221;||20px||false|false&#8221;][et_pb_column type=&#8221;4_4&#8243; _builder_version=&#8221;4.5.1&#8243; _module_preset=&#8221;default&#8221;][et_pb_text _builder_version=&#8221;4.6.6&#8243; _module_preset=&#8221;default&#8221;]<\/p>\n<p>O servi\u00e7o Smart4Health ir\u00e1 oferecer v\u00e1rias funcionalidades que lhe permitir\u00e3o gerir e partilhar seletivamente os seus dados pessoais de sa\u00fade. Ap\u00f3s o processo de registo, ir\u00e1 ser direcionado para um painel de controlo onde poder\u00e1 visualizar as diferentes funcionalidades chamadas de \u2018<em>MyHealthview\u2019<\/em>, \u2018<em>Mob.E.Health\u2019<\/em>, \u2018<em>MyTrusted<\/em>\u2019, \u2018<em>MyTime<\/em>\u2019, \u2018<em>MyWor<\/em>k\u2019 e \u2018<em>MyScience\u2019. <\/em>Estas funcionalidades fazem parte do processo de desenvolvimento, como tal, ser\u00e3o adicionadas, alteradas e refinadas ao longo do tempo tendo em conta o feedback e o envolvimento dos utilizadores.<span><\/span><\/p>\n<p>[\/et_pb_text][\/et_pb_column][\/et_pb_row][et_pb_row _builder_version=&#8221;4.5.1&#8243; _module_preset=&#8221;default&#8221; background_color=&#8221;#ffffff&#8221; custom_margin=&#8221;||20px||false|false&#8221;][et_pb_column type=&#8221;4_4&#8243; _builder_version=&#8221;4.5.1&#8243; _module_preset=&#8221;default&#8221;][et_pb_accordion open_toggle_text_color=&#8221;#35a1ad&#8221; _builder_version=&#8221;4.5.1&#8243; _module_preset=&#8221;default&#8221; toggle_text_color=&#8221;#35a1ad&#8221; toggle_level=&#8221;h3&#8243; toggle_font=&#8221;|600|||||||&#8221; toggle_font_size=&#8221;16px&#8221;][et_pb_accordion_item title=&#8221;MyTrusted&#8221; _builder_version=&#8221;4.5.1&#8243; _module_preset=&#8221;default&#8221; custom_css_main_element=&#8221;display: none; &#8221; open=&#8221;off&#8221;]<span style=\"font-weight: 600;\">Compartilhe o seu hist\u00f3rico de sa\u00fade com os seus entes queridos ou o diagn\u00f3stico do especialista com seu cl\u00ednico geral.<\/span> <span>Se a sua m\u00e3e se encontra a receber cuidados de sa\u00fade ou o seu marido acabou de fazer uma cirurgia, poder\u00e1 acompanha-los, desde que eles lhe tenham concedido acesso aos registos de sa\u00fade. Deste modo pode seguir as decis\u00f5es dos m\u00e9dicos ou o desenvolvimento do estado de sa\u00fade dos seus familiares. Tem a possibilidade de partilhar o seu hist\u00f3rico de sa\u00fade com os seus entes queridos, mantendo o controlo total sobre o que eles podem aceder e por quanto tempo, n\u00e3o importa se \u00e9 um resumo do paciente com um m\u00e9dico num caso de urg\u00eancia, uma receita para o seu farmac\u00eautico ou a partilha total para o seu c\u00f4njuge.<\/span>[\/et_pb_accordion_item][et_pb_accordion_item title=&#8221;MyTrusted&#8221; _builder_version=&#8221;4.5.1&#8243; _module_preset=&#8221;default&#8221; open=&#8221;off&#8221;]<span style=\"font-weight: 600;\">Compartilhe o seu hist\u00f3rico de sa\u00fade com os seus entes queridos ou o diagn\u00f3stico do especialista com seu cl\u00ednico geral.<\/span> <span>Se a sua m\u00e3e se encontra a receber cuidados de sa\u00fade ou o seu marido acabou de fazer uma cirurgia, poder\u00e1 acompanha-los, desde que eles lhe tenham concedido acesso aos registos de sa\u00fade. Deste modo pode seguir as decis\u00f5es dos m\u00e9dicos ou o desenvolvimento do estado de sa\u00fade dos seus familiares. Tem a possibilidade de partilhar o seu hist\u00f3rico de sa\u00fade com os seus entes queridos, mantendo o controlo total sobre o que eles podem aceder e por quanto tempo, n\u00e3o importa se \u00e9 um resumo do paciente com um m\u00e9dico num caso de urg\u00eancia, uma receita para o seu farmac\u00eautico ou a partilha total para o seu c\u00f4njuge.<\/span>[\/et_pb_accordion_item][et_pb_accordion_item title=&#8221;MyHealthView&#8221; _builder_version=&#8221;4.5.1&#8243; _module_preset=&#8221;default&#8221; open=&#8221;off&#8221;]<\/p>\n<p>Aqui \u00e9 poss\u00edvel visualizar e gerir todos os seus registos pessoais de sa\u00fade, tais como planos de medica\u00e7\u00e3o, sum\u00e1rios de paciente, relat\u00f3rios de diagn\u00f3stico e imagens. Esta funcionalidade permite-lhe ser capaz de encontrar com facilidade toda a informa\u00e7\u00e3o que precisa, podendo filtrar, etiquetar e selecionar qual a informa\u00e7\u00e3o a exibir.<\/p>\n<p>[\/et_pb_accordion_item][et_pb_accordion_item title=&#8221;MyTime\/MyWork&#8221; _builder_version=&#8221;4.6.6&#8243; _module_preset=&#8221;default&#8221; open=&#8221;on&#8221;]<\/p>\n<p>Com estas funcionalidades ter\u00e1 a possibilidade de colecionar, guardar e seguir os seus dados relacionados com sa\u00fade auto gerados por aplica\u00e7\u00f5es e <em>wearables<\/em> (como por exemplo, Apps de sa\u00fade, fitness etc) assim como dados que poder\u00e3o ser colecionados no contexto do seu local de trabalho (como por exemplo, bandas de pulso, contador de passos, etc).<\/p>\n<p>[\/et_pb_accordion_item][et_pb_accordion_item title=&#8221;Mob.E.Health&#8221; open=&#8221;off&#8221; _builder_version=&#8221;4.6.6&#8243; _module_preset=&#8221;default&#8221;]<\/p>\n<p>Com esta fun\u00e7\u00e3o poder\u00e1 pr\u00e9 definir um conjunto de informa\u00e7\u00f5es chave (tais como medica\u00e7\u00e3o, alergias etc ), que podem ser traduzidas para diferentes linguagens de forma a poder ser poss\u00edvel partilha-las em situa\u00e7\u00f5es n\u00e3o planeadas com qualquer pessoa que necessite de ter um entendimento sobre o seu estado geral de sa\u00fade. A qualquer momento, poder\u00e1 alterar o conte\u00fado e os direitos de acesso a esta informa\u00e7\u00e3o chave.<\/p>\n<p>[\/et_pb_accordion_item][et_pb_accordion_item title=&#8221;MyScience&#8221; _builder_version=&#8221;4.5.1&#8243; _module_preset=&#8221;default&#8221; open=&#8221;off&#8221;]<\/p>\n<p>Esta fun\u00e7\u00e3o d\u00e1 ao utilizador a possibilidade de providenciar os seus dados de sa\u00fade para prop\u00f3sitos de investiga\u00e7\u00e3o cient\u00edfica depois de nos ser dado o seu consentimento. Nesse consentimento, poder\u00e1 selecionar se pretende dar acesso a todos os seus dados ou a partes selecionadas, e se pretende ser novamente contatado para prop\u00f3sitos de investiga\u00e7\u00e3o a um n\u00edvel geral. A qualquer momento poder\u00e1 revogar o seu consentimento.<\/p>\n<p>[\/et_pb_accordion_item][\/et_pb_accordion][\/et_pb_column][\/et_pb_row][\/et_pb_section][et_pb_section fb_built=&#8221;1&#8243; fullwidth=&#8221;on&#8221; _builder_version=&#8221;4.5.1&#8243; _module_preset=&#8221;default&#8221;][et_pb_text_extender _builder_version=&#8221;4.5.1&#8243; _module_preset=&#8221;default&#8221;][\/et_pb_text_extender][\/et_pb_section][et_pb_section fb_built=&#8221;1&#8243; fullwidth=&#8221;on&#8221; _builder_version=&#8221;4.5.1&#8243; _module_preset=&#8221;default&#8221;][et_pb_text_extender _builder_version=&#8221;4.5.1&#8243; _module_preset=&#8221;default&#8221;][\/et_pb_text_extender][\/et_pb_section]<\/p>\n","protected":false},"excerpt":{"rendered":"<p>O servi\u00e7o Smart4Health ir\u00e1 oferecer v\u00e1rias funcionalidades que lhe permitir\u00e3o gerir e partilhar seletivamente os seus dados pessoais de sa\u00fade. Ap\u00f3s o processo de registo, ir\u00e1 ser direcionado para um painel de controlo onde poder\u00e1 visualizar as diferentes funcionalidades chamadas de \u2018MyHealthview\u2019, \u2018Mob.E.Health\u2019, \u2018MyTrusted\u2019, \u2018MyTime\u2019, \u2018MyWork\u2019 e \u2018MyScience\u2019. Estas funcionalidades fazem parte do processo de [&hellip;]<\/p>\n","protected":false},"author":10,"featured_media":0,"parent":0,"menu_order":0,"comment_status":"closed","ping_status":"closed","template":"","meta":{"_et_pb_use_builder":"on","_et_pb_old_content":"","_et_gb_content_width":""},"yoast_head":"<!-- This site is optimized with the Yoast SEO plugin v20.6 - https:\/\/yoast.com\/wordpress\/plugins\/seo\/ -->\n<title>Servi\u00e7o e funcionalidades - Smart4Health<\/title>\n<meta name=\"robots\" content=\"index, follow, max-snippet:-1, max-image-preview:large, max-video-preview:-1\" \/>\n<link rel=\"canonical\" href=\"https:\/\/smart4health.eu\/pt-pt\/servico-e-funcionalidades\/\" \/>\n<meta property=\"og:locale\" content=\"pt_PT\" \/>\n<meta property=\"og:type\" content=\"article\" \/>\n<meta property=\"og:title\" content=\"Servi\u00e7o e funcionalidades - Smart4Health\" \/>\n<meta property=\"og:description\" content=\"O servi\u00e7o Smart4Health ir\u00e1 oferecer v\u00e1rias funcionalidades que lhe permitir\u00e3o gerir e partilhar seletivamente os seus dados pessoais de sa\u00fade. Ap\u00f3s o processo de registo, ir\u00e1 ser direcionado para um painel de controlo onde poder\u00e1 visualizar as diferentes funcionalidades chamadas de \u2018MyHealthview\u2019, \u2018Mob.E.Health\u2019, \u2018MyTrusted\u2019, \u2018MyTime\u2019, \u2018MyWork\u2019 e \u2018MyScience\u2019. Estas funcionalidades fazem parte do processo de [&hellip;]\" \/>\n<meta property=\"og:url\" content=\"https:\/\/smart4health.eu\/pt-pt\/servico-e-funcionalidades\/\" \/>\n<meta property=\"og:site_name\" content=\"Smart4Health\" \/>\n<meta property=\"article:modified_time\" content=\"2020-11-26T15:38:30+00:00\" \/>\n<meta name=\"twitter:card\" content=\"summary_large_image\" \/>\n<meta name=\"twitter:label1\" content=\"Tempo estimado de leitura\" \/>\n\t<meta name=\"twitter:data1\" content=\"5 minutos\" \/>\n<script type=\"application\/ld+json\" class=\"yoast-schema-graph\">{\"@context\":\"https:\/\/schema.org\",\"@graph\":[{\"@type\":\"WebPage\",\"@id\":\"https:\/\/smart4health.eu\/pt-pt\/servico-e-funcionalidades\/\",\"url\":\"https:\/\/smart4health.eu\/pt-pt\/servico-e-funcionalidades\/\",\"name\":\"Servi\u00e7o e funcionalidades - Smart4Health\",\"isPartOf\":{\"@id\":\"https:\/\/smart4health.eu\/pt-pt\/en\/#website\"},\"datePublished\":\"2020-08-16T18:16:35+00:00\",\"dateModified\":\"2020-11-26T15:38:30+00:00\",\"breadcrumb\":{\"@id\":\"https:\/\/smart4health.eu\/pt-pt\/servico-e-funcionalidades\/#breadcrumb\"},\"inLanguage\":\"pt-PT\",\"potentialAction\":[{\"@type\":\"ReadAction\",\"target\":[\"https:\/\/smart4health.eu\/pt-pt\/servico-e-funcionalidades\/\"]}]},{\"@type\":\"BreadcrumbList\",\"@id\":\"https:\/\/smart4health.eu\/pt-pt\/servico-e-funcionalidades\/#breadcrumb\",\"itemListElement\":[{\"@type\":\"ListItem\",\"position\":1,\"name\":\"Startseite\",\"item\":\"https:\/\/smart4health.eu\/pt-pt\/\"},{\"@type\":\"ListItem\",\"position\":2,\"name\":\"Servi\u00e7o e funcionalidades\"}]},{\"@type\":\"WebSite\",\"@id\":\"https:\/\/smart4health.eu\/pt-pt\/en\/#website\",\"url\":\"https:\/\/smart4health.eu\/pt-pt\/en\/\",\"name\":\"Smart4Health\",\"description\":\"\",\"potentialAction\":[{\"@type\":\"SearchAction\",\"target\":{\"@type\":\"EntryPoint\",\"urlTemplate\":\"https:\/\/smart4health.eu\/pt-pt\/en\/?s={search_term_string}\"},\"query-input\":\"required name=search_term_string\"}],\"inLanguage\":\"pt-PT\"}]}<\/script>\n<!-- \/ Yoast SEO plugin. -->","yoast_head_json":{"title":"Servi\u00e7o e funcionalidades - Smart4Health","robots":{"index":"index","follow":"follow","max-snippet":"max-snippet:-1","max-image-preview":"max-image-preview:large","max-video-preview":"max-video-preview:-1"},"canonical":"https:\/\/smart4health.eu\/pt-pt\/servico-e-funcionalidades\/","og_locale":"pt_PT","og_type":"article","og_title":"Servi\u00e7o e funcionalidades - Smart4Health","og_description":"O servi\u00e7o Smart4Health ir\u00e1 oferecer v\u00e1rias funcionalidades que lhe permitir\u00e3o gerir e partilhar seletivamente os seus dados pessoais de sa\u00fade. Ap\u00f3s o processo de registo, ir\u00e1 ser direcionado para um painel de controlo onde poder\u00e1 visualizar as diferentes funcionalidades chamadas de \u2018MyHealthview\u2019, \u2018Mob.E.Health\u2019, \u2018MyTrusted\u2019, \u2018MyTime\u2019, \u2018MyWork\u2019 e \u2018MyScience\u2019. Estas funcionalidades fazem parte do processo de [&hellip;]","og_url":"https:\/\/smart4health.eu\/pt-pt\/servico-e-funcionalidades\/","og_site_name":"Smart4Health","article_modified_time":"2020-11-26T15:38:30+00:00","twitter_card":"summary_large_image","twitter_misc":{"Tempo estimado de leitura":"5 minutos"},"schema":{"@context":"https:\/\/schema.org","@graph":[{"@type":"WebPage","@id":"https:\/\/smart4health.eu\/pt-pt\/servico-e-funcionalidades\/","url":"https:\/\/smart4health.eu\/pt-pt\/servico-e-funcionalidades\/","name":"Servi\u00e7o e funcionalidades - Smart4Health","isPartOf":{"@id":"https:\/\/smart4health.eu\/pt-pt\/en\/#website"},"datePublished":"2020-08-16T18:16:35+00:00","dateModified":"2020-11-26T15:38:30+00:00","breadcrumb":{"@id":"https:\/\/smart4health.eu\/pt-pt\/servico-e-funcionalidades\/#breadcrumb"},"inLanguage":"pt-PT","potentialAction":[{"@type":"ReadAction","target":["https:\/\/smart4health.eu\/pt-pt\/servico-e-funcionalidades\/"]}]},{"@type":"BreadcrumbList","@id":"https:\/\/smart4health.eu\/pt-pt\/servico-e-funcionalidades\/#breadcrumb","itemListElement":[{"@type":"ListItem","position":1,"name":"Startseite","item":"https:\/\/smart4health.eu\/pt-pt\/"},{"@type":"ListItem","position":2,"name":"Servi\u00e7o e funcionalidades"}]},{"@type":"WebSite","@id":"https:\/\/smart4health.eu\/pt-pt\/en\/#website","url":"https:\/\/smart4health.eu\/pt-pt\/en\/","name":"Smart4Health","description":"","potentialAction":[{"@type":"SearchAction","target":{"@type":"EntryPoint","urlTemplate":"https:\/\/smart4health.eu\/pt-pt\/en\/?s={search_term_string}"},"query-input":"required name=search_term_string"}],"inLanguage":"pt-PT"}]}},"_links":{"self":[{"href":"https:\/\/smart4health.eu\/pt-pt\/wp-json\/wp\/v2\/pages\/9257"}],"collection":[{"href":"https:\/\/smart4health.eu\/pt-pt\/wp-json\/wp\/v2\/pages"}],"about":[{"href":"https:\/\/smart4health.eu\/pt-pt\/wp-json\/wp\/v2\/types\/page"}],"author":[{"embeddable":true,"href":"https:\/\/smart4health.eu\/pt-pt\/wp-json\/wp\/v2\/users\/10"}],"replies":[{"embeddable":true,"href":"https:\/\/smart4health.eu\/pt-pt\/wp-json\/wp\/v2\/comments?post=9257"}],"version-history":[{"count":13,"href":"https:\/\/smart4health.eu\/pt-pt\/wp-json\/wp\/v2\/pages\/9257\/revisions"}],"predecessor-version":[{"id":11955,"href":"https:\/\/smart4health.eu\/pt-pt\/wp-json\/wp\/v2\/pages\/9257\/revisions\/11955"}],"wp:attachment":[{"href":"https:\/\/smart4health.eu\/pt-pt\/wp-json\/wp\/v2\/media?parent=9257"}],"curies":[{"name":"wp","href":"https:\/\/api.w.org\/{rel}","templated":true}]}}