

{"id":13032,"date":"2021-02-02T15:45:08","date_gmt":"2021-02-02T14:45:08","guid":{"rendered":"https:\/\/smart4health.eu\/?page_id=13032"},"modified":"2021-07-09T14:44:00","modified_gmt":"2021-07-09T12:44:00","slug":"caso-de-estudo-smart4health-no-dia-a-dia-e-no-trabalho-em-cuidados-comunitarios","status":"publish","type":"page","link":"https:\/\/smart4health.eu\/pt-pt\/caso-de-estudo-smart4health-no-dia-a-dia-e-no-trabalho-em-cuidados-comunitarios\/","title":{"rendered":"Caso de estudo: Smart4Health no dia-a-dia e no trabalho em cuidados comunit\u00e1rios"},"content":{"rendered":"<p>[et_pb_section fb_built=&#8221;1&#8243; admin_label=&#8221;Service Section&#8221; _builder_version=&#8221;4.7.4&#8243; background_color=&#8221;#ffffff&#8221; background_enable_image=&#8221;off&#8221; background_position=&#8221;top_center&#8221; min_height=&#8221;115px&#8221; custom_margin=&#8221;21px|||||&#8221; custom_padding=&#8221;0px|0px|0px|0px||&#8221;][et_pb_row disabled_on=&#8221;on|off|off&#8221; _builder_version=&#8221;4.7.4&#8243; min_height=&#8221;109px&#8221; custom_margin=&#8221;-44px|auto||auto||&#8221; custom_padding=&#8221;1px|||||&#8221;][et_pb_column type=&#8221;4_4&#8243; _builder_version=&#8221;3.25&#8243; custom_padding=&#8221;|||&#8221; custom_padding__hover=&#8221;|||&#8221;][et_pb_text admin_label=&#8221;Title&#8221; _builder_version=&#8221;4.8.2&#8243; text_font=&#8221;Poppins||||||||&#8221; text_font_size=&#8221;16px&#8221; text_line_height=&#8221;1.8em&#8221; header_font=&#8221;||||||||&#8221; header_font_size=&#8221;40px&#8221; header_2_font=&#8221;Poppins|600|||||||&#8221; header_2_text_color=&#8221;#3d9faf&#8221; header_2_font_size=&#8221;36px&#8221; header_2_line_height=&#8221;1.4em&#8221; max_width=&#8221;737px&#8221; min_height=&#8221;104px&#8221; custom_margin=&#8221;3px|-14px|55px|||&#8221; custom_padding=&#8221;0px|0px|0px|||&#8221; animation_style=&#8221;fold&#8221; animation_direction=&#8221;left&#8221; animation_intensity_fold=&#8221;10%&#8221; animation_starting_opacity=&#8221;100%&#8221;]<\/p>\n<h2><strong>Smart4Health no dia-a-dia e no trabalho em cuidados comunit\u00e1rios<\/strong><\/h2>\n<p><strong>Aceda e fa\u00e7a a gest\u00e3o dos seus dados de sa\u00fade em qualquer lugar <\/strong><\/p>\n<p><strong><\/strong><\/p>\n<p>[\/et_pb_text][\/et_pb_column][\/et_pb_row][\/et_pb_section][et_pb_section fb_built=&#8221;1&#8243; specialty=&#8221;on&#8221; admin_label=&#8221;CUC5&#8243; _builder_version=&#8221;4.8.2&#8243; _module_preset=&#8221;default&#8221; custom_margin=&#8221;-20px|||||&#8221;][et_pb_column type=&#8221;1_2&#8243; _builder_version=&#8221;3.25&#8243; custom_padding=&#8221;|||&#8221; custom_padding__hover=&#8221;|||&#8221;][et_pb_image src=&#8221;https:\/\/smart4health.eu\/wp-content\/uploads\/2021\/01\/20210112_s4h_cuc_final_DailyLifeANDWOrkingCommunityCare.png&#8221; title_text=&#8221;20210112_s4h_cuc_final_DailyLifeANDWOrkingCommunityCare&#8221; show_bottom_space=&#8221;off&#8221; force_fullwidth=&#8221;on&#8221; align_tablet=&#8221;center&#8221; align_phone=&#8221;&#8221; align_last_edited=&#8221;on|desktop&#8221; disabled_on=&#8221;on|off|off&#8221; _builder_version=&#8221;4.7.7&#8243; custom_margin=&#8221;|54px||||&#8221; custom_padding=&#8221;26px|68px||||&#8221;][\/et_pb_image][et_pb_text disabled_on=&#8221;off|off|off&#8221; admin_label=&#8221;Title&#8221; _builder_version=&#8221;4.7.4&#8243; text_font=&#8221;Poppins||||||||&#8221; text_font_size=&#8221;16px&#8221; text_line_height=&#8221;1.8em&#8221; header_font=&#8221;||||||||&#8221; header_2_font=&#8221;Poppins|600|||||||&#8221; header_2_text_color=&#8221;#3d9faf&#8221; header_2_font_size=&#8221;36px&#8221; header_2_line_height=&#8221;1.4em&#8221; max_width=&#8221;904px&#8221; custom_margin=&#8221;||50px|||&#8221; custom_padding=&#8221;0px|102px|0px|0px||&#8221; animation_style=&#8221;fold&#8221; animation_direction=&#8221;left&#8221; animation_intensity_fold=&#8221;10%&#8221; animation_starting_opacity=&#8221;100%&#8221; inline_fonts=&#8221;Poppins&#8221;]<\/p>\n<p><span style=\"font-size: medium;\">#CUC6_LUXEMBOURG<br \/>#CUC6_SHD<br \/>#S4H_Luxemburgo<br \/># S4H_CUC6_SHD_Luxemburgo<br \/>#SHD_vida _localdetrabalho _e health<br \/># SHD_leben_arbeiten_eGesundheit<br \/>#SHD_vivre_travailler_esant\u00e9<\/span><\/p>\n<p>[\/et_pb_text][\/et_pb_column][et_pb_column type=&#8221;1_2&#8243; specialty_columns=&#8221;2&#8243; _builder_version=&#8221;3.25&#8243; custom_padding=&#8221;|||&#8221; custom_padding__hover=&#8221;|||&#8221;][et_pb_row_inner column_structure=&#8221;1_2,1_2&#8243; _builder_version=&#8221;4.6.1&#8243; _module_preset=&#8221;default&#8221; min_height=&#8221;130px&#8221; custom_margin=&#8221;-28px||-33px|-2px||&#8221; custom_padding=&#8221;2px|||||&#8221;][et_pb_column_inner type=&#8221;1_2&#8243; saved_specialty_column_type=&#8221;1_2&#8243; _builder_version=&#8221;4.6.1&#8243; _module_preset=&#8221;default&#8221;][et_pb_text admin_label=&#8221;Title&#8221; _builder_version=&#8221;4.8.2&#8243; text_font=&#8221;Poppins||||||||&#8221; text_line_height=&#8221;1.8em&#8221; header_font=&#8221;||||||||&#8221; header_2_font=&#8221;Poppins|600|||||||&#8221; header_2_text_color=&#8221;#3d9faf&#8221; header_2_font_size=&#8221;36px&#8221; header_2_line_height=&#8221;1.4em&#8221; max_width=&#8221;550px&#8221; min_height=&#8221;83px&#8221; custom_margin=&#8221;||-2px|-2px||&#8221; custom_padding=&#8221;|0px|0px|||&#8221; animation_style=&#8221;fold&#8221; animation_direction=&#8221;left&#8221; animation_intensity_fold=&#8221;10%&#8221; animation_starting_opacity=&#8221;100%&#8221; inline_fonts=&#8221;Poppins&#8221;]<\/p>\n<h2><span style=\"font-size: x-large; font-family: Poppins;\">Onde?<br \/> <\/span><\/h2>\n<ul>\n<li>\n<p>Luxemburgo<\/p>\n<\/li>\n<\/ul>\n<p>[\/et_pb_text][\/et_pb_column_inner][et_pb_column_inner type=&#8221;1_2&#8243; saved_specialty_column_type=&#8221;1_2&#8243; _builder_version=&#8221;4.6.1&#8243; _module_preset=&#8221;default&#8221;][et_pb_text admin_label=&#8221;Title&#8221; _builder_version=&#8221;4.8.2&#8243; text_font=&#8221;Poppins||||||||&#8221; text_font_size=&#8221;16px&#8221; text_line_height=&#8221;1.8em&#8221; header_font=&#8221;||||||||&#8221; header_2_font=&#8221;Poppins|600|||||||&#8221; header_2_text_color=&#8221;#3d9faf&#8221; header_2_font_size=&#8221;36px&#8221; header_2_line_height=&#8221;1.4em&#8221; max_width=&#8221;594px&#8221; custom_margin=&#8221;|-18px||-22px||&#8221; custom_padding=&#8221;|0px|17px|0px||&#8221; animation_style=&#8221;fold&#8221; animation_direction=&#8221;left&#8221; animation_intensity_fold=&#8221;10%&#8221; animation_starting_opacity=&#8221;100%&#8221; inline_fonts=&#8221;Poppins&#8221;]<\/p>\n<h2><span style=\"font-size: x-large; font-family: Poppins;\">Para quem?<br \/> <\/span><\/h2>\n<ul>\n<li><span style=\"font-size: small;\">Pessoal do St\u00ebftung H\u00ebllef Doheem, a maior comunidade de enfermagem, terapeutas, cuidados pessoais e dom\u00e9sticos e telecuidados no Luxemburgo<\/span><\/li>\n<\/ul>\n<p>[\/et_pb_text][\/et_pb_column_inner][\/et_pb_row_inner][et_pb_row_inner _builder_version=&#8221;4.6.1&#8243; _module_preset=&#8221;default&#8221; custom_padding=&#8221;0px|||||&#8221;][et_pb_column_inner saved_specialty_column_type=&#8221;1_2&#8243; _builder_version=&#8221;4.6.1&#8243; _module_preset=&#8221;default&#8221;][et_pb_text admin_label=&#8221;Title&#8221; _builder_version=&#8221;4.9.0&#8243; text_font=&#8221;Poppins||||||||&#8221; text_font_size=&#8221;16px&#8221; text_line_height=&#8221;1.8em&#8221; header_font=&#8221;||||||||&#8221; header_2_font=&#8221;Poppins|600|||||||&#8221; header_2_text_color=&#8221;#3d9faf&#8221; header_2_font_size=&#8221;36px&#8221; header_2_line_height=&#8221;1.4em&#8221; max_width=&#8221;575px&#8221; min_height=&#8221;187px&#8221; custom_margin=&#8221;2px||-2px|-1px||&#8221; custom_padding=&#8221;|0px|0px|0px||&#8221; animation_style=&#8221;fold&#8221; animation_direction=&#8221;left&#8221; animation_intensity_fold=&#8221;10%&#8221; animation_starting_opacity=&#8221;100%&#8221; inline_fonts=&#8221;Poppins&#8221;]<\/p>\n<h2><span style=\"font-size: x-large; font-family: Poppins;\"><strong>O qu\u00ea?<\/strong><br \/> <\/span><\/h2>\n<ul>\n<li><span style=\"font-size: small;\">Os funcion\u00e1rios poder\u00e3o utilizar dispositivos port\u00e1teis inteligentes que monitorizam a sua sa\u00fade e bem-estar nas costas, enquanto estes executam os seus deveres de cuidados assim como na sua vida privada.<\/span><\/li>\n<li><span style=\"font-size: small;\">Os dados de sa\u00fade e bem-estar s\u00e3o recolhidos e enviados para a plataforma Smart4Health.<\/span><\/li>\n<li><span style=\"font-size: small;\">Os trabalhadores fornecem feedback valioso e validam a solu\u00e7\u00e3o.<\/span><\/li>\n<\/ul>\n<p>[\/et_pb_text][et_pb_text admin_label=&#8221;Title&#8221; _builder_version=&#8221;4.9.0&#8243; text_font=&#8221;Poppins||||||||&#8221; text_font_size=&#8221;16px&#8221; text_line_height=&#8221;1.8em&#8221; header_font=&#8221;||||||||&#8221; header_2_font=&#8221;Poppins|600|||||||&#8221; header_2_text_color=&#8221;#3d9faf&#8221; header_2_font_size=&#8221;36px&#8221; header_2_line_height=&#8221;1.4em&#8221; max_width=&#8221;572px&#8221; min_height=&#8221;200px&#8221; custom_margin=&#8221;0px||0px|0px|false|false&#8221; custom_padding=&#8221;0px|0px|0px|0px||&#8221; animation_style=&#8221;fold&#8221; animation_direction=&#8221;left&#8221; animation_intensity_fold=&#8221;10%&#8221; animation_starting_opacity=&#8221;100%&#8221; inline_fonts=&#8221;Poppins&#8221;]<\/p>\n<h2><span style=\"font-size: x-large; font-family: Poppins;\">Porqu\u00ea?<br \/> <\/span><\/h2>\n<ul>\n<li><span style=\"font-size: small;\">Armazene e fa\u00e7a a gest\u00e3o de forma segura seus pr\u00f3prios dados de sa\u00fade e bem-estar a qualquer hora, em qualquer lugar.<\/span><\/li>\n<li><span style=\"font-size: small;\">Partilhe os seus pr\u00f3prios dados de sa\u00fade e bem-estar com profissionais de sa\u00fade, treinadores de fitness e outras pessoas de confian\u00e7a.<\/span><\/li>\n<\/ul>\n<p>[\/et_pb_text][\/et_pb_column_inner][\/et_pb_row_inner][\/et_pb_column][\/et_pb_section][et_pb_section fb_built=&#8221;1&#8243; _builder_version=&#8221;4.7.4&#8243; _module_preset=&#8221;default&#8221;][et_pb_row _builder_version=&#8221;4.7.4&#8243; _module_preset=&#8221;default&#8221;][et_pb_column type=&#8221;4_4&#8243; _builder_version=&#8221;4.7.4&#8243; _module_preset=&#8221;default&#8221;][et_pb_text admin_label=&#8221;Title&#8221; _builder_version=&#8221;4.7.4&#8243; text_font=&#8221;Poppins||||||||&#8221; text_line_height=&#8221;1.8em&#8221; header_font=&#8221;||||||||&#8221; header_2_font=&#8221;Poppins|600|||||||&#8221; header_2_text_color=&#8221;#3d9faf&#8221; header_2_font_size=&#8221;36px&#8221; header_2_line_height=&#8221;1.4em&#8221; max_width=&#8221;550px&#8221; min_height=&#8221;83px&#8221; custom_margin=&#8221;||-41px|-2px||&#8221; custom_padding=&#8221;|0px|0px|||&#8221; animation_style=&#8221;fold&#8221; animation_direction=&#8221;left&#8221; animation_intensity_fold=&#8221;10%&#8221; animation_starting_opacity=&#8221;100%&#8221; inline_fonts=&#8221;Poppins&#8221;]<\/p>\n<h2><span style=\"font-size: x-large; font-family: Poppins;\">Parceiros l\u00edderes<br \/> <\/span><\/h2>\n<p>&nbsp;<\/p>\n<p>[\/et_pb_text][\/et_pb_column][\/et_pb_row][\/et_pb_section][et_pb_section fb_built=&#8221;1&#8243; _builder_version=&#8221;4.7.4&#8243; _module_preset=&#8221;default&#8221;][et_pb_row column_structure=&#8221;1_4,1_4,1_4,1_4&#8243; _builder_version=&#8221;4.7.4&#8243; _module_preset=&#8221;default&#8221;][et_pb_column type=&#8221;1_4&#8243; _builder_version=&#8221;4.7.4&#8243; _module_preset=&#8221;default&#8221;][et_pb_image src=&#8221;https:\/\/smart4health.eu\/wp-content\/uploads\/2020\/08\/hellef-200&#215;110-1.png&#8221; title_text=&#8221;hellef-200&#215;110-1&#8243; _builder_version=&#8221;4.7.4&#8243; _module_preset=&#8221;default&#8221; custom_padding=&#8221;|20px||20px|false|false&#8221;][\/et_pb_image][\/et_pb_column][et_pb_column type=&#8221;1_4&#8243; _builder_version=&#8221;4.7.4&#8243; _module_preset=&#8221;default&#8221;][et_pb_image src=&#8221;https:\/\/smart4health.eu\/wp-content\/uploads\/2020\/08\/ZS-300&#215;129-1.png&#8221; title_text=&#8221;ZS-300&#215;129&#8243; _builder_version=&#8221;4.7.4&#8243; _module_preset=&#8221;default&#8221; custom_padding=&#8221;|20px||20px|false|false&#8221;][\/et_pb_image][\/et_pb_column][et_pb_column type=&#8221;1_4&#8243; _builder_version=&#8221;4.7.4&#8243; _module_preset=&#8221;default&#8221;][et_pb_image src=&#8221;https:\/\/smart4health.eu\/wp-content\/uploads\/2020\/08\/ittm-200&#215;110-1.png&#8221; title_text=&#8221;ittm-200&#215;110-1&#8243; _builder_version=&#8221;4.7.4&#8243; _module_preset=&#8221;default&#8221; custom_padding=&#8221;|20px||20px|false|false&#8221;][\/et_pb_image][\/et_pb_column][et_pb_column type=&#8221;1_4&#8243; _builder_version=&#8221;4.7.4&#8243; _module_preset=&#8221;default&#8221;][et_pb_image src=&#8221;https:\/\/smart4health.eu\/wp-content\/uploads\/2021\/02\/UNINOVA-1.png&#8221; title_text=&#8221;UNINOVA&#8221; _builder_version=&#8221;4.9.0&#8243; _module_preset=&#8221;default&#8221; custom_padding=&#8221;|20px||20px|false|false&#8221;][\/et_pb_image][\/et_pb_column][\/et_pb_row][\/et_pb_section][et_pb_section fb_built=&#8221;1&#8243; _builder_version=&#8221;4.7.4&#8243; _module_preset=&#8221;default&#8221;][et_pb_row _builder_version=&#8221;4.7.4&#8243; _module_preset=&#8221;default&#8221;][et_pb_column type=&#8221;4_4&#8243; _builder_version=&#8221;4.7.4&#8243; _module_preset=&#8221;default&#8221;][et_pb_button button_url=&#8221;https:\/\/smart4health.eu\/pt-pt\/?page_id=12876&#8243; button_text=&#8221;Mais casos de estudo&#8221; button_alignment=&#8221;center&#8221; _builder_version=&#8221;4.8.2&#8243; _module_preset=&#8221;default&#8221; custom_margin=&#8221;-1px|||||&#8221;][\/et_pb_button][\/et_pb_column][\/et_pb_row][et_pb_row _builder_version=&#8221;4.9.7&#8243; _module_preset=&#8221;default&#8221;][et_pb_column type=&#8221;4_4&#8243; _builder_version=&#8221;4.9.7&#8243; _module_preset=&#8221;default&#8221;][et_pb_text admin_label=&#8221;Title&#8221; _builder_version=&#8221;4.8.1&#8243; text_font=&#8221;Poppins||||||||&#8221; text_line_height=&#8221;1.8em&#8221; header_font=&#8221;||||||||&#8221; header_2_font=&#8221;Poppins|600|||||||&#8221; header_2_text_color=&#8221;#3d9faf&#8221; header_2_font_size=&#8221;36px&#8221; header_2_line_height=&#8221;1.4em&#8221; max_width=&#8221;550px&#8221; min_height=&#8221;51px&#8221; custom_margin=&#8221;||52px|-2px||&#8221; custom_padding=&#8221;26px|0px|0px|||&#8221; animation_style=&#8221;fold&#8221; animation_direction=&#8221;left&#8221; animation_intensity_fold=&#8221;10%&#8221; animation_starting_opacity=&#8221;100%&#8221; locked=&#8221;off&#8221; inline_fonts=&#8221;Poppins&#8221;]<\/p>\n<h2><span style=\"font-family: Poppins; font-size: x-large;\">Contacto<\/span><\/h2>\n<p>[\/et_pb_text][et_pb_text _builder_version=&#8221;4.9.7&#8243; _module_preset=&#8221;default&#8221; custom_margin=&#8221;-40px|||||&#8221; custom_padding=&#8221;||0px|||&#8221;]<\/p>\n<p><span style=\"font-size: large;\">Se tiver quaisquer perguntas ou coment\u00e1rios, por favor sinta-se \u00e0 vontade para nos enviar um e-mail.<\/span><span style=\"font-size: large;\"><\/span><strong><span style=\"font-size: large; color: #31a1ad;\"><\/span><\/strong><\/p>\n<p>[\/et_pb_text][et_pb_button button_url=&#8221;mailto:CUC_6@smart4health.eu&#8221; button_text=&#8221;CUC_6@smart4health.eu&#8221; button_alignment=&#8221;center&#8221; _builder_version=&#8221;4.9.7&#8243; _module_preset=&#8221;default&#8221; hover_enabled=&#8221;0&#8243; sticky_enabled=&#8221;0&#8243;][\/et_pb_button][\/et_pb_column][\/et_pb_row][\/et_pb_section]<\/p>\n","protected":false},"excerpt":{"rendered":"<p>Smart4Health no dia-a-dia e no trabalho em cuidados comunit\u00e1rios Aceda e fa\u00e7a a gest\u00e3o dos seus dados de sa\u00fade em qualquer lugar #CUC6_LUXEMBOURG#CUC6_SHD#S4H_Luxemburgo# S4H_CUC6_SHD_Luxemburgo#SHD_vida _localdetrabalho _e health# SHD_leben_arbeiten_eGesundheit#SHD_vivre_travailler_esant\u00e9Onde? Luxemburgo Para quem? Pessoal do St\u00ebftung H\u00ebllef Doheem, a maior comunidade de enfermagem, terapeutas, cuidados pessoais e dom\u00e9sticos e telecuidados no Luxemburgo O qu\u00ea? Os funcion\u00e1rios poder\u00e3o [&hellip;]<\/p>\n","protected":false},"author":10,"featured_media":0,"parent":0,"menu_order":0,"comment_status":"closed","ping_status":"closed","template":"","meta":{"_et_pb_use_builder":"on","_et_pb_old_content":"","_et_gb_content_width":""},"yoast_head":"<!-- This site is optimized with the Yoast SEO plugin v20.6 - https:\/\/yoast.com\/wordpress\/plugins\/seo\/ -->\n<title>Caso de estudo: Smart4Health no dia-a-dia e no trabalho em cuidados comunit\u00e1rios - Smart4Health<\/title>\n<meta name=\"robots\" content=\"index, follow, max-snippet:-1, max-image-preview:large, max-video-preview:-1\" \/>\n<link rel=\"canonical\" href=\"https:\/\/smart4health.eu\/pt-pt\/caso-de-estudo-smart4health-no-dia-a-dia-e-no-trabalho-em-cuidados-comunitarios\/\" \/>\n<meta property=\"og:locale\" content=\"pt_PT\" \/>\n<meta property=\"og:type\" content=\"article\" \/>\n<meta property=\"og:title\" content=\"Caso de estudo: Smart4Health no dia-a-dia e no trabalho em cuidados comunit\u00e1rios - Smart4Health\" \/>\n<meta property=\"og:description\" content=\"Smart4Health no dia-a-dia e no trabalho em cuidados comunit\u00e1rios Aceda e fa\u00e7a a gest\u00e3o dos seus dados de sa\u00fade em qualquer lugar #CUC6_LUXEMBOURG#CUC6_SHD#S4H_Luxemburgo# S4H_CUC6_SHD_Luxemburgo#SHD_vida _localdetrabalho _e health# SHD_leben_arbeiten_eGesundheit#SHD_vivre_travailler_esant\u00e9Onde? Luxemburgo Para quem? Pessoal do St\u00ebftung H\u00ebllef Doheem, a maior comunidade de enfermagem, terapeutas, cuidados pessoais e dom\u00e9sticos e telecuidados no Luxemburgo O qu\u00ea? Os funcion\u00e1rios poder\u00e3o [&hellip;]\" \/>\n<meta property=\"og:url\" content=\"https:\/\/smart4health.eu\/pt-pt\/caso-de-estudo-smart4health-no-dia-a-dia-e-no-trabalho-em-cuidados-comunitarios\/\" \/>\n<meta property=\"og:site_name\" content=\"Smart4Health\" \/>\n<meta property=\"article:modified_time\" content=\"2021-07-09T12:44:00+00:00\" \/>\n<meta name=\"twitter:card\" content=\"summary_large_image\" \/>\n<meta name=\"twitter:label1\" content=\"Tempo estimado de leitura\" \/>\n\t<meta name=\"twitter:data1\" content=\"2 minutos\" \/>\n<script type=\"application\/ld+json\" class=\"yoast-schema-graph\">{\"@context\":\"https:\/\/schema.org\",\"@graph\":[{\"@type\":\"WebPage\",\"@id\":\"https:\/\/smart4health.eu\/pt-pt\/caso-de-estudo-smart4health-no-dia-a-dia-e-no-trabalho-em-cuidados-comunitarios\/\",\"url\":\"https:\/\/smart4health.eu\/pt-pt\/caso-de-estudo-smart4health-no-dia-a-dia-e-no-trabalho-em-cuidados-comunitarios\/\",\"name\":\"Caso de estudo: Smart4Health no dia-a-dia e no trabalho em cuidados comunit\u00e1rios - Smart4Health\",\"isPartOf\":{\"@id\":\"https:\/\/smart4health.eu\/pt-pt\/en\/#website\"},\"datePublished\":\"2021-02-02T14:45:08+00:00\",\"dateModified\":\"2021-07-09T12:44:00+00:00\",\"breadcrumb\":{\"@id\":\"https:\/\/smart4health.eu\/pt-pt\/caso-de-estudo-smart4health-no-dia-a-dia-e-no-trabalho-em-cuidados-comunitarios\/#breadcrumb\"},\"inLanguage\":\"pt-PT\",\"potentialAction\":[{\"@type\":\"ReadAction\",\"target\":[\"https:\/\/smart4health.eu\/pt-pt\/caso-de-estudo-smart4health-no-dia-a-dia-e-no-trabalho-em-cuidados-comunitarios\/\"]}]},{\"@type\":\"BreadcrumbList\",\"@id\":\"https:\/\/smart4health.eu\/pt-pt\/caso-de-estudo-smart4health-no-dia-a-dia-e-no-trabalho-em-cuidados-comunitarios\/#breadcrumb\",\"itemListElement\":[{\"@type\":\"ListItem\",\"position\":1,\"name\":\"Startseite\",\"item\":\"https:\/\/smart4health.eu\/pt-pt\/\"},{\"@type\":\"ListItem\",\"position\":2,\"name\":\"Caso de estudo: Smart4Health no dia-a-dia e no trabalho em cuidados comunit\u00e1rios\"}]},{\"@type\":\"WebSite\",\"@id\":\"https:\/\/smart4health.eu\/pt-pt\/en\/#website\",\"url\":\"https:\/\/smart4health.eu\/pt-pt\/en\/\",\"name\":\"Smart4Health\",\"description\":\"\",\"potentialAction\":[{\"@type\":\"SearchAction\",\"target\":{\"@type\":\"EntryPoint\",\"urlTemplate\":\"https:\/\/smart4health.eu\/pt-pt\/en\/?s={search_term_string}\"},\"query-input\":\"required name=search_term_string\"}],\"inLanguage\":\"pt-PT\"}]}<\/script>\n<!-- \/ Yoast SEO plugin. -->","yoast_head_json":{"title":"Caso de estudo: Smart4Health no dia-a-dia e no trabalho em cuidados comunit\u00e1rios - Smart4Health","robots":{"index":"index","follow":"follow","max-snippet":"max-snippet:-1","max-image-preview":"max-image-preview:large","max-video-preview":"max-video-preview:-1"},"canonical":"https:\/\/smart4health.eu\/pt-pt\/caso-de-estudo-smart4health-no-dia-a-dia-e-no-trabalho-em-cuidados-comunitarios\/","og_locale":"pt_PT","og_type":"article","og_title":"Caso de estudo: Smart4Health no dia-a-dia e no trabalho em cuidados comunit\u00e1rios - Smart4Health","og_description":"Smart4Health no dia-a-dia e no trabalho em cuidados comunit\u00e1rios Aceda e fa\u00e7a a gest\u00e3o dos seus dados de sa\u00fade em qualquer lugar #CUC6_LUXEMBOURG#CUC6_SHD#S4H_Luxemburgo# S4H_CUC6_SHD_Luxemburgo#SHD_vida _localdetrabalho _e health# SHD_leben_arbeiten_eGesundheit#SHD_vivre_travailler_esant\u00e9Onde? Luxemburgo Para quem? Pessoal do St\u00ebftung H\u00ebllef Doheem, a maior comunidade de enfermagem, terapeutas, cuidados pessoais e dom\u00e9sticos e telecuidados no Luxemburgo O qu\u00ea? Os funcion\u00e1rios poder\u00e3o [&hellip;]","og_url":"https:\/\/smart4health.eu\/pt-pt\/caso-de-estudo-smart4health-no-dia-a-dia-e-no-trabalho-em-cuidados-comunitarios\/","og_site_name":"Smart4Health","article_modified_time":"2021-07-09T12:44:00+00:00","twitter_card":"summary_large_image","twitter_misc":{"Tempo estimado de leitura":"2 minutos"},"schema":{"@context":"https:\/\/schema.org","@graph":[{"@type":"WebPage","@id":"https:\/\/smart4health.eu\/pt-pt\/caso-de-estudo-smart4health-no-dia-a-dia-e-no-trabalho-em-cuidados-comunitarios\/","url":"https:\/\/smart4health.eu\/pt-pt\/caso-de-estudo-smart4health-no-dia-a-dia-e-no-trabalho-em-cuidados-comunitarios\/","name":"Caso de estudo: Smart4Health no dia-a-dia e no trabalho em cuidados comunit\u00e1rios - Smart4Health","isPartOf":{"@id":"https:\/\/smart4health.eu\/pt-pt\/en\/#website"},"datePublished":"2021-02-02T14:45:08+00:00","dateModified":"2021-07-09T12:44:00+00:00","breadcrumb":{"@id":"https:\/\/smart4health.eu\/pt-pt\/caso-de-estudo-smart4health-no-dia-a-dia-e-no-trabalho-em-cuidados-comunitarios\/#breadcrumb"},"inLanguage":"pt-PT","potentialAction":[{"@type":"ReadAction","target":["https:\/\/smart4health.eu\/pt-pt\/caso-de-estudo-smart4health-no-dia-a-dia-e-no-trabalho-em-cuidados-comunitarios\/"]}]},{"@type":"BreadcrumbList","@id":"https:\/\/smart4health.eu\/pt-pt\/caso-de-estudo-smart4health-no-dia-a-dia-e-no-trabalho-em-cuidados-comunitarios\/#breadcrumb","itemListElement":[{"@type":"ListItem","position":1,"name":"Startseite","item":"https:\/\/smart4health.eu\/pt-pt\/"},{"@type":"ListItem","position":2,"name":"Caso de estudo: Smart4Health no dia-a-dia e no trabalho em cuidados comunit\u00e1rios"}]},{"@type":"WebSite","@id":"https:\/\/smart4health.eu\/pt-pt\/en\/#website","url":"https:\/\/smart4health.eu\/pt-pt\/en\/","name":"Smart4Health","description":"","potentialAction":[{"@type":"SearchAction","target":{"@type":"EntryPoint","urlTemplate":"https:\/\/smart4health.eu\/pt-pt\/en\/?s={search_term_string}"},"query-input":"required name=search_term_string"}],"inLanguage":"pt-PT"}]}},"_links":{"self":[{"href":"https:\/\/smart4health.eu\/pt-pt\/wp-json\/wp\/v2\/pages\/13032"}],"collection":[{"href":"https:\/\/smart4health.eu\/pt-pt\/wp-json\/wp\/v2\/pages"}],"about":[{"href":"https:\/\/smart4health.eu\/pt-pt\/wp-json\/wp\/v2\/types\/page"}],"author":[{"embeddable":true,"href":"https:\/\/smart4health.eu\/pt-pt\/wp-json\/wp\/v2\/users\/10"}],"replies":[{"embeddable":true,"href":"https:\/\/smart4health.eu\/pt-pt\/wp-json\/wp\/v2\/comments?post=13032"}],"version-history":[{"count":12,"href":"https:\/\/smart4health.eu\/pt-pt\/wp-json\/wp\/v2\/pages\/13032\/revisions"}],"predecessor-version":[{"id":15075,"href":"https:\/\/smart4health.eu\/pt-pt\/wp-json\/wp\/v2\/pages\/13032\/revisions\/15075"}],"wp:attachment":[{"href":"https:\/\/smart4health.eu\/pt-pt\/wp-json\/wp\/v2\/media?parent=13032"}],"curies":[{"name":"wp","href":"https:\/\/api.w.org\/{rel}","templated":true}]}}