

{"id":12993,"date":"2021-02-02T15:42:28","date_gmt":"2021-02-02T14:42:28","guid":{"rendered":"https:\/\/smart4health.eu\/?page_id=12993"},"modified":"2021-02-04T17:48:20","modified_gmt":"2021-02-04T16:48:20","slug":"caso-de-estudo-citizen-use-case-ehrs-dos-eua-infraestrutura-de-melhores-praticas-e-base-de-dados-de-investigacao","status":"publish","type":"page","link":"https:\/\/smart4health.eu\/pt-pt\/caso-de-estudo-citizen-use-case-ehrs-dos-eua-infraestrutura-de-melhores-praticas-e-base-de-dados-de-investigacao\/","title":{"rendered":"Caso de estudo: Citizen use case: EHRs dos EUA+ infraestrutura de melhores pr\u00e1ticas e base de dados de investiga\u00e7\u00e3o"},"content":{"rendered":"<p>[et_pb_section fb_built=&#8221;1&#8243; admin_label=&#8221;Service Section&#8221; _builder_version=&#8221;4.7.4&#8243; background_color=&#8221;#ffffff&#8221; background_enable_image=&#8221;off&#8221; background_position=&#8221;top_center&#8221; min_height=&#8221;115px&#8221; custom_margin=&#8221;21px|||||&#8221; custom_padding=&#8221;0px|0px|0px|0px||&#8221;][et_pb_row disabled_on=&#8221;on|off|off&#8221; _builder_version=&#8221;4.7.4&#8243; min_height=&#8221;109px&#8221; custom_margin=&#8221;-44px|auto||auto||&#8221; custom_padding=&#8221;1px|||||&#8221;][et_pb_column type=&#8221;4_4&#8243; _builder_version=&#8221;3.25&#8243; custom_padding=&#8221;|||&#8221; custom_padding__hover=&#8221;|||&#8221;][et_pb_text admin_label=&#8221;Title&#8221; _builder_version=&#8221;4.8.1&#8243; text_font=&#8221;Poppins||||||||&#8221; text_font_size=&#8221;16px&#8221; text_line_height=&#8221;1.8em&#8221; header_font=&#8221;||||||||&#8221; header_font_size=&#8221;40px&#8221; header_2_font=&#8221;Poppins|600|||||||&#8221; header_2_text_color=&#8221;#3d9faf&#8221; header_2_font_size=&#8221;36px&#8221; header_2_line_height=&#8221;1.4em&#8221; max_width=&#8221;737px&#8221; min_height=&#8221;104px&#8221; custom_margin=&#8221;3px|-14px|55px|||&#8221; custom_padding=&#8221;0px|0px|0px|||&#8221; animation_style=&#8221;fold&#8221; animation_direction=&#8221;left&#8221; animation_intensity_fold=&#8221;10%&#8221; animation_starting_opacity=&#8221;100%&#8221;]<\/p>\n<h2>EHRs dos EUA+ infraestrutura de melhores pr\u00e1ticas e base de dados de investiga\u00e7\u00e3o<\/h2>\n<p><strong><\/strong><\/p>\n<p>[\/et_pb_text][\/et_pb_column][\/et_pb_row][\/et_pb_section][et_pb_section fb_built=&#8221;1&#8243; specialty=&#8221;on&#8221; admin_label=&#8221;CUC5&#8243; _builder_version=&#8221;4.8.2&#8243; _module_preset=&#8221;default&#8221; custom_margin=&#8221;-20px|||||&#8221; hover_enabled=&#8221;0&#8243; sticky_enabled=&#8221;0&#8243;][et_pb_column type=&#8221;1_2&#8243; _builder_version=&#8221;3.25&#8243; custom_padding=&#8221;|||&#8221; custom_padding__hover=&#8221;|||&#8221;][et_pb_image src=&#8221;https:\/\/smart4health.eu\/wp-content\/uploads\/2021\/01\/20210111_s4h_cuc_final_bestpractice.png&#8221; title_text=&#8221;20210111_s4h_cuc_final_bestpractice&#8221; show_bottom_space=&#8221;off&#8221; force_fullwidth=&#8221;on&#8221; align_tablet=&#8221;center&#8221; align_phone=&#8221;&#8221; align_last_edited=&#8221;on|desktop&#8221; disabled_on=&#8221;on|off|off&#8221; _builder_version=&#8221;4.7.7&#8243; custom_margin=&#8221;|54px|20px|||&#8221; custom_padding=&#8221;26px|77px||||&#8221;][\/et_pb_image][et_pb_text disabled_on=&#8221;off|off|off&#8221; admin_label=&#8221;Title&#8221; _builder_version=&#8221;4.7.4&#8243; text_font=&#8221;Poppins||||||||&#8221; text_font_size=&#8221;16px&#8221; text_line_height=&#8221;1.8em&#8221; header_font=&#8221;||||||||&#8221; header_2_font=&#8221;Poppins|600|||||||&#8221; header_2_text_color=&#8221;#3d9faf&#8221; header_2_font_size=&#8221;36px&#8221; header_2_line_height=&#8221;1.4em&#8221; max_width=&#8221;904px&#8221; custom_margin=&#8221;||50px|||&#8221; custom_padding=&#8221;0px|102px|0px|0px||&#8221; animation_style=&#8221;fold&#8221; animation_direction=&#8221;left&#8221; animation_intensity_fold=&#8221;10%&#8221; animation_starting_opacity=&#8221;100%&#8221; inline_fonts=&#8221;Poppins&#8221;]<\/p>\n<p>#bestpractice #EHR #data #infrastructure #data4life #researchplatform #cuc1<\/p>\n<p>[\/et_pb_text][\/et_pb_column][et_pb_column type=&#8221;1_2&#8243; specialty_columns=&#8221;2&#8243; _builder_version=&#8221;3.25&#8243; custom_padding=&#8221;|||&#8221; custom_padding__hover=&#8221;|||&#8221;][et_pb_row_inner column_structure=&#8221;1_2,1_2&#8243; _builder_version=&#8221;4.6.1&#8243; _module_preset=&#8221;default&#8221; min_height=&#8221;130px&#8221; custom_margin=&#8221;-28px||-33px|-2px||&#8221; custom_padding=&#8221;2px|||||&#8221;][et_pb_column_inner type=&#8221;1_2&#8243; saved_specialty_column_type=&#8221;1_2&#8243; _builder_version=&#8221;4.6.1&#8243; _module_preset=&#8221;default&#8221;][et_pb_text admin_label=&#8221;Title&#8221; _builder_version=&#8221;4.8.1&#8243; text_font=&#8221;Poppins||||||||&#8221; text_line_height=&#8221;1.8em&#8221; header_font=&#8221;||||||||&#8221; header_2_font=&#8221;Poppins|600|||||||&#8221; header_2_text_color=&#8221;#3d9faf&#8221; header_2_font_size=&#8221;36px&#8221; header_2_line_height=&#8221;1.4em&#8221; max_width=&#8221;550px&#8221; min_height=&#8221;83px&#8221; custom_margin=&#8221;||-2px|-2px||&#8221; custom_padding=&#8221;|0px|0px|||&#8221; animation_style=&#8221;fold&#8221; animation_direction=&#8221;left&#8221; animation_intensity_fold=&#8221;10%&#8221; animation_starting_opacity=&#8221;100%&#8221; inline_fonts=&#8221;Poppins&#8221;]<\/p>\n<h2><span style=\"font-size: x-large; font-family: Poppins;\">Onde?<br \/> <\/span><\/h2>\n<ul>\n<li>\n<p>Caso de uso remoto, processo interno <\/p>\n<\/li>\n<\/ul>\n<p>[\/et_pb_text][\/et_pb_column_inner][et_pb_column_inner type=&#8221;1_2&#8243; saved_specialty_column_type=&#8221;1_2&#8243; _builder_version=&#8221;4.6.1&#8243; _module_preset=&#8221;default&#8221;][et_pb_text admin_label=&#8221;Title&#8221; _builder_version=&#8221;4.8.1&#8243; text_font=&#8221;Poppins||||||||&#8221; text_font_size=&#8221;16px&#8221; text_line_height=&#8221;1.8em&#8221; header_font=&#8221;||||||||&#8221; header_2_font=&#8221;Poppins|600|||||||&#8221; header_2_text_color=&#8221;#3d9faf&#8221; header_2_font_size=&#8221;36px&#8221; header_2_line_height=&#8221;1.4em&#8221; max_width=&#8221;563px&#8221; custom_margin=&#8221;|||-1px||&#8221; custom_padding=&#8221;|0px|17px|0px||&#8221; animation_style=&#8221;fold&#8221; animation_direction=&#8221;left&#8221; animation_intensity_fold=&#8221;10%&#8221; animation_starting_opacity=&#8221;100%&#8221; inline_fonts=&#8221;Poppins&#8221;]<\/p>\n<h2><span style=\"font-size: x-large; font-family: Poppins;\">Para Quem?<br \/> <\/span><\/h2>\n<ul>\n<li><span style=\"font-size: small;\">Grupo de desenvolvimento do Smart4Health (Data4Life, ISMMS)<\/span><\/li>\n<\/ul>\n<p>[\/et_pb_text][\/et_pb_column_inner][\/et_pb_row_inner][et_pb_row_inner _builder_version=&#8221;4.6.1&#8243; _module_preset=&#8221;default&#8221; custom_padding=&#8221;0px|||||&#8221;][et_pb_column_inner saved_specialty_column_type=&#8221;1_2&#8243; _builder_version=&#8221;4.6.1&#8243; _module_preset=&#8221;default&#8221;][et_pb_text admin_label=&#8221;Title&#8221; _builder_version=&#8221;4.8.1&#8243; text_font=&#8221;Poppins||||||||&#8221; text_font_size=&#8221;16px&#8221; text_line_height=&#8221;1.8em&#8221; header_font=&#8221;||||||||&#8221; header_2_font=&#8221;Poppins|600|||||||&#8221; header_2_text_color=&#8221;#3d9faf&#8221; header_2_font_size=&#8221;36px&#8221; header_2_line_height=&#8221;1.4em&#8221; max_width=&#8221;575px&#8221; min_height=&#8221;187px&#8221; custom_margin=&#8221;2px||-73px|-1px||&#8221; custom_padding=&#8221;|0px|0px|0px||&#8221; animation_style=&#8221;fold&#8221; animation_direction=&#8221;left&#8221; animation_intensity_fold=&#8221;10%&#8221; animation_starting_opacity=&#8221;100%&#8221; inline_fonts=&#8221;Poppins&#8221;]<\/p>\n<h2><span style=\"font-size: x-large; font-family: Poppins;\">O qu\u00ea<br \/> <\/span><\/h2>\n<ul>\n<li><span style=\"font-size: small;\">Utilizamos um sistema quadro de quais as melhores pr\u00e1ticas de utiliza\u00e7\u00e3o de Registos Eletr\u00f3nicos de Sa\u00fade (RES) dos EUA para popular a infraestrutura de dados que sustenta o Smart4Health.<\/span><\/li>\n<li><span style=\"font-size: small;\">Os dados deste sistema (RES) dos EUA, bem como a investiga\u00e7\u00e3o realizada com ele, fornecer\u00e3o no futuro informa\u00e7\u00f5es \u00e0 plataforma de investiga\u00e7\u00e3o do Smart4Health, assim que tiverem sido recolhidos dados suficientes doados pelos cidad\u00e3os.<\/span><\/li>\n<\/ul>\n<p>&nbsp;<\/p>\n<ul><\/ul>\n<p>[\/et_pb_text][et_pb_text admin_label=&#8221;Title&#8221; _builder_version=&#8221;4.8.1&#8243; text_font=&#8221;Poppins||||||||&#8221; text_font_size=&#8221;16px&#8221; text_line_height=&#8221;1.8em&#8221; header_font=&#8221;||||||||&#8221; header_2_font=&#8221;Poppins|600|||||||&#8221; header_2_text_color=&#8221;#3d9faf&#8221; header_2_font_size=&#8221;36px&#8221; header_2_line_height=&#8221;1.4em&#8221; max_width=&#8221;572px&#8221; min_height=&#8221;74px&#8221; custom_margin=&#8221;36px||0px|0px|false|false&#8221; custom_padding=&#8221;0px|0px|0px|0px||&#8221; animation_style=&#8221;fold&#8221; animation_direction=&#8221;left&#8221; animation_intensity_fold=&#8221;10%&#8221; animation_starting_opacity=&#8221;100%&#8221; inline_fonts=&#8221;Poppins&#8221;]<\/p>\n<h2><span style=\"font-size: x-large; font-family: Poppins;\">Porqu\u00ea?<br \/> <\/span><\/h2>\n<ul>\n<li><span style=\"font-size: small;\">Aprender como criar e implementar a infraestrutura de dados Smart4Health.<\/span><\/li>\n<li><span style=\"font-size: small;\">Criar objetivos de investiga\u00e7\u00e3o baseados em casos de uso de cidad\u00e3o utilizando RES acess\u00edveis.<\/span><span style=\"font-size: small;\"><br \/><\/span><\/li>\n<\/ul>\n<p>[\/et_pb_text][\/et_pb_column_inner][\/et_pb_row_inner][\/et_pb_column][\/et_pb_section][et_pb_section fb_built=&#8221;1&#8243; _builder_version=&#8221;4.7.4&#8243; _module_preset=&#8221;default&#8221;][et_pb_row _builder_version=&#8221;4.7.4&#8243; _module_preset=&#8221;default&#8221;][et_pb_column type=&#8221;4_4&#8243; _builder_version=&#8221;4.7.4&#8243; _module_preset=&#8221;default&#8221;][et_pb_text admin_label=&#8221;Title&#8221; _builder_version=&#8221;4.8.1&#8243; text_font=&#8221;Poppins||||||||&#8221; text_line_height=&#8221;1.8em&#8221; header_font=&#8221;||||||||&#8221; header_2_font=&#8221;Poppins|600|||||||&#8221; header_2_text_color=&#8221;#3d9faf&#8221; header_2_font_size=&#8221;36px&#8221; header_2_line_height=&#8221;1.4em&#8221; max_width=&#8221;550px&#8221; min_height=&#8221;83px&#8221; custom_margin=&#8221;||-41px|-2px||&#8221; custom_padding=&#8221;|0px|0px|||&#8221; animation_style=&#8221;fold&#8221; animation_direction=&#8221;left&#8221; animation_intensity_fold=&#8221;10%&#8221; animation_starting_opacity=&#8221;100%&#8221; inline_fonts=&#8221;Poppins&#8221;]<\/p>\n<h2><span style=\"font-size: x-large; font-family: Poppins;\">Parceiros principais<br \/>\n<\/span><\/h2>\n<p>&nbsp;[\/et_pb_text][\/et_pb_column][\/et_pb_row][\/et_pb_section][et_pb_section fb_built=&#8221;1&#8243; _builder_version=&#8221;4.7.4&#8243; _module_preset=&#8221;default&#8221;][et_pb_row column_structure=&#8221;1_4,1_4,1_4,1_4&#8243; _builder_version=&#8221;4.7.4&#8243; _module_preset=&#8221;default&#8221;][et_pb_column type=&#8221;1_4&#8243; _builder_version=&#8221;4.7.4&#8243; _module_preset=&#8221;default&#8221;][et_pb_image src=&#8221;https:\/\/smart4health.eu\/wp-content\/uploads\/2020\/08\/mountsinai-200&#215;110-1.png&#8221; title_text=&#8221;mountsinai-200&#215;110-1&#8243; _builder_version=&#8221;4.7.4&#8243; _module_preset=&#8221;default&#8221; custom_padding=&#8221;|20px||20px|false|false&#8221;][\/et_pb_image][\/et_pb_column][et_pb_column type=&#8221;1_4&#8243; _builder_version=&#8221;4.7.4&#8243; _module_preset=&#8221;default&#8221;][et_pb_image src=&#8221;https:\/\/smart4health.eu\/wp-content\/uploads\/2020\/08\/uniklinik-300&#215;148-1.png&#8221; title_text=&#8221;uniklinik-300&#215;148-1&#8243; _builder_version=&#8221;4.7.4&#8243; _module_preset=&#8221;default&#8221; custom_padding=&#8221;|20px||20px|false|false&#8221;][\/et_pb_image][\/et_pb_column][et_pb_column type=&#8221;1_4&#8243; _builder_version=&#8221;4.7.4&#8243; _module_preset=&#8221;default&#8221;][et_pb_image src=&#8221;https:\/\/smart4health.eu\/wp-content\/uploads\/2020\/08\/maastrich-500&#215;246-1-300&#215;148-1.png&#8221; title_text=&#8221;maastrich-500&#215;246-1-300&#215;148&#8243; _builder_version=&#8221;4.7.4&#8243; _module_preset=&#8221;default&#8221; custom_padding=&#8221;|20px||20px|false|false&#8221;][\/et_pb_image][\/et_pb_column][et_pb_column type=&#8221;1_4&#8243; _builder_version=&#8221;4.7.4&#8243; _module_preset=&#8221;default&#8221;][et_pb_image src=&#8221;https:\/\/smart4health.eu\/wp-content\/uploads\/2020\/08\/ospedale-200&#215;110-1.png&#8221; title_text=&#8221;ospedale-200&#215;110-1&#8243; _builder_version=&#8221;4.7.4&#8243; _module_preset=&#8221;default&#8221; custom_padding=&#8221;|20px||20px|false|false&#8221;][\/et_pb_image][\/et_pb_column][\/et_pb_row][\/et_pb_section][et_pb_section fb_built=&#8221;1&#8243; _builder_version=&#8221;4.7.4&#8243; _module_preset=&#8221;default&#8221;][et_pb_row _builder_version=&#8221;4.7.4&#8243; _module_preset=&#8221;default&#8221;][et_pb_column type=&#8221;4_4&#8243; _builder_version=&#8221;4.7.4&#8243; _module_preset=&#8221;default&#8221;][et_pb_button button_url=&#8221;https:\/\/smart4health.eu\/pt-pt\/?page_id=12876&#8243; button_text=&#8221;Mais casos de estudo&#8221; button_alignment=&#8221;center&#8221; _builder_version=&#8221;4.8.2&#8243; _module_preset=&#8221;default&#8221; custom_margin=&#8221;-1px|||||&#8221;][\/et_pb_button][\/et_pb_column][\/et_pb_row][\/et_pb_section]<\/p>\n","protected":false},"excerpt":{"rendered":"<p>EHRs dos EUA+ infraestrutura de melhores pr\u00e1ticas e base de dados de investiga\u00e7\u00e3o #bestpractice #EHR #data #infrastructure #data4life #researchplatform #cuc1Onde? Caso de uso remoto, processo interno Para Quem? Grupo de desenvolvimento do Smart4Health (Data4Life, ISMMS) O qu\u00ea Utilizamos um sistema quadro de quais as melhores pr\u00e1ticas de utiliza\u00e7\u00e3o de Registos Eletr\u00f3nicos de Sa\u00fade (RES) dos [&hellip;]<\/p>\n","protected":false},"author":10,"featured_media":0,"parent":0,"menu_order":0,"comment_status":"closed","ping_status":"closed","template":"","meta":{"_et_pb_use_builder":"on","_et_pb_old_content":"","_et_gb_content_width":""},"yoast_head":"<!-- This site is optimized with the Yoast SEO plugin v20.6 - https:\/\/yoast.com\/wordpress\/plugins\/seo\/ -->\n<title>Caso de estudo: Citizen use case: EHRs dos EUA+ infraestrutura de melhores pr\u00e1ticas e base de dados de investiga\u00e7\u00e3o - Smart4Health<\/title>\n<meta name=\"robots\" content=\"index, follow, max-snippet:-1, max-image-preview:large, max-video-preview:-1\" \/>\n<link rel=\"canonical\" href=\"https:\/\/smart4health.eu\/pt-pt\/caso-de-estudo-citizen-use-case-ehrs-dos-eua-infraestrutura-de-melhores-praticas-e-base-de-dados-de-investigacao\/\" \/>\n<meta property=\"og:locale\" content=\"pt_PT\" \/>\n<meta property=\"og:type\" content=\"article\" \/>\n<meta property=\"og:title\" content=\"Caso de estudo: Citizen use case: EHRs dos EUA+ infraestrutura de melhores pr\u00e1ticas e base de dados de investiga\u00e7\u00e3o - Smart4Health\" \/>\n<meta property=\"og:description\" content=\"EHRs dos EUA+ infraestrutura de melhores pr\u00e1ticas e base de dados de investiga\u00e7\u00e3o #bestpractice #EHR #data #infrastructure #data4life #researchplatform #cuc1Onde? Caso de uso remoto, processo interno Para Quem? Grupo de desenvolvimento do Smart4Health (Data4Life, ISMMS) O qu\u00ea Utilizamos um sistema quadro de quais as melhores pr\u00e1ticas de utiliza\u00e7\u00e3o de Registos Eletr\u00f3nicos de Sa\u00fade (RES) dos [&hellip;]\" \/>\n<meta property=\"og:url\" content=\"https:\/\/smart4health.eu\/pt-pt\/caso-de-estudo-citizen-use-case-ehrs-dos-eua-infraestrutura-de-melhores-praticas-e-base-de-dados-de-investigacao\/\" \/>\n<meta property=\"og:site_name\" content=\"Smart4Health\" \/>\n<meta property=\"article:modified_time\" content=\"2021-02-04T16:48:20+00:00\" \/>\n<meta name=\"twitter:card\" content=\"summary_large_image\" \/>\n<meta name=\"twitter:label1\" content=\"Tempo estimado de leitura\" \/>\n\t<meta name=\"twitter:data1\" content=\"2 minutos\" \/>\n<script type=\"application\/ld+json\" class=\"yoast-schema-graph\">{\"@context\":\"https:\/\/schema.org\",\"@graph\":[{\"@type\":\"WebPage\",\"@id\":\"https:\/\/smart4health.eu\/pt-pt\/caso-de-estudo-citizen-use-case-ehrs-dos-eua-infraestrutura-de-melhores-praticas-e-base-de-dados-de-investigacao\/\",\"url\":\"https:\/\/smart4health.eu\/pt-pt\/caso-de-estudo-citizen-use-case-ehrs-dos-eua-infraestrutura-de-melhores-praticas-e-base-de-dados-de-investigacao\/\",\"name\":\"Caso de estudo: Citizen use case: EHRs dos EUA+ infraestrutura de melhores pr\u00e1ticas e base de dados de investiga\u00e7\u00e3o - Smart4Health\",\"isPartOf\":{\"@id\":\"https:\/\/smart4health.eu\/pt-pt\/en\/#website\"},\"datePublished\":\"2021-02-02T14:42:28+00:00\",\"dateModified\":\"2021-02-04T16:48:20+00:00\",\"breadcrumb\":{\"@id\":\"https:\/\/smart4health.eu\/pt-pt\/caso-de-estudo-citizen-use-case-ehrs-dos-eua-infraestrutura-de-melhores-praticas-e-base-de-dados-de-investigacao\/#breadcrumb\"},\"inLanguage\":\"pt-PT\",\"potentialAction\":[{\"@type\":\"ReadAction\",\"target\":[\"https:\/\/smart4health.eu\/pt-pt\/caso-de-estudo-citizen-use-case-ehrs-dos-eua-infraestrutura-de-melhores-praticas-e-base-de-dados-de-investigacao\/\"]}]},{\"@type\":\"BreadcrumbList\",\"@id\":\"https:\/\/smart4health.eu\/pt-pt\/caso-de-estudo-citizen-use-case-ehrs-dos-eua-infraestrutura-de-melhores-praticas-e-base-de-dados-de-investigacao\/#breadcrumb\",\"itemListElement\":[{\"@type\":\"ListItem\",\"position\":1,\"name\":\"Startseite\",\"item\":\"https:\/\/smart4health.eu\/pt-pt\/\"},{\"@type\":\"ListItem\",\"position\":2,\"name\":\"Caso de estudo: Citizen use case: EHRs dos EUA+ infraestrutura de melhores pr\u00e1ticas e base de dados de investiga\u00e7\u00e3o\"}]},{\"@type\":\"WebSite\",\"@id\":\"https:\/\/smart4health.eu\/pt-pt\/en\/#website\",\"url\":\"https:\/\/smart4health.eu\/pt-pt\/en\/\",\"name\":\"Smart4Health\",\"description\":\"\",\"potentialAction\":[{\"@type\":\"SearchAction\",\"target\":{\"@type\":\"EntryPoint\",\"urlTemplate\":\"https:\/\/smart4health.eu\/pt-pt\/en\/?s={search_term_string}\"},\"query-input\":\"required name=search_term_string\"}],\"inLanguage\":\"pt-PT\"}]}<\/script>\n<!-- \/ Yoast SEO plugin. -->","yoast_head_json":{"title":"Caso de estudo: Citizen use case: EHRs dos EUA+ infraestrutura de melhores pr\u00e1ticas e base de dados de investiga\u00e7\u00e3o - Smart4Health","robots":{"index":"index","follow":"follow","max-snippet":"max-snippet:-1","max-image-preview":"max-image-preview:large","max-video-preview":"max-video-preview:-1"},"canonical":"https:\/\/smart4health.eu\/pt-pt\/caso-de-estudo-citizen-use-case-ehrs-dos-eua-infraestrutura-de-melhores-praticas-e-base-de-dados-de-investigacao\/","og_locale":"pt_PT","og_type":"article","og_title":"Caso de estudo: Citizen use case: EHRs dos EUA+ infraestrutura de melhores pr\u00e1ticas e base de dados de investiga\u00e7\u00e3o - Smart4Health","og_description":"EHRs dos EUA+ infraestrutura de melhores pr\u00e1ticas e base de dados de investiga\u00e7\u00e3o #bestpractice #EHR #data #infrastructure #data4life #researchplatform #cuc1Onde? Caso de uso remoto, processo interno Para Quem? Grupo de desenvolvimento do Smart4Health (Data4Life, ISMMS) O qu\u00ea Utilizamos um sistema quadro de quais as melhores pr\u00e1ticas de utiliza\u00e7\u00e3o de Registos Eletr\u00f3nicos de Sa\u00fade (RES) dos [&hellip;]","og_url":"https:\/\/smart4health.eu\/pt-pt\/caso-de-estudo-citizen-use-case-ehrs-dos-eua-infraestrutura-de-melhores-praticas-e-base-de-dados-de-investigacao\/","og_site_name":"Smart4Health","article_modified_time":"2021-02-04T16:48:20+00:00","twitter_card":"summary_large_image","twitter_misc":{"Tempo estimado de leitura":"2 minutos"},"schema":{"@context":"https:\/\/schema.org","@graph":[{"@type":"WebPage","@id":"https:\/\/smart4health.eu\/pt-pt\/caso-de-estudo-citizen-use-case-ehrs-dos-eua-infraestrutura-de-melhores-praticas-e-base-de-dados-de-investigacao\/","url":"https:\/\/smart4health.eu\/pt-pt\/caso-de-estudo-citizen-use-case-ehrs-dos-eua-infraestrutura-de-melhores-praticas-e-base-de-dados-de-investigacao\/","name":"Caso de estudo: Citizen use case: EHRs dos EUA+ infraestrutura de melhores pr\u00e1ticas e base de dados de investiga\u00e7\u00e3o - Smart4Health","isPartOf":{"@id":"https:\/\/smart4health.eu\/pt-pt\/en\/#website"},"datePublished":"2021-02-02T14:42:28+00:00","dateModified":"2021-02-04T16:48:20+00:00","breadcrumb":{"@id":"https:\/\/smart4health.eu\/pt-pt\/caso-de-estudo-citizen-use-case-ehrs-dos-eua-infraestrutura-de-melhores-praticas-e-base-de-dados-de-investigacao\/#breadcrumb"},"inLanguage":"pt-PT","potentialAction":[{"@type":"ReadAction","target":["https:\/\/smart4health.eu\/pt-pt\/caso-de-estudo-citizen-use-case-ehrs-dos-eua-infraestrutura-de-melhores-praticas-e-base-de-dados-de-investigacao\/"]}]},{"@type":"BreadcrumbList","@id":"https:\/\/smart4health.eu\/pt-pt\/caso-de-estudo-citizen-use-case-ehrs-dos-eua-infraestrutura-de-melhores-praticas-e-base-de-dados-de-investigacao\/#breadcrumb","itemListElement":[{"@type":"ListItem","position":1,"name":"Startseite","item":"https:\/\/smart4health.eu\/pt-pt\/"},{"@type":"ListItem","position":2,"name":"Caso de estudo: Citizen use case: EHRs dos EUA+ infraestrutura de melhores pr\u00e1ticas e base de dados de investiga\u00e7\u00e3o"}]},{"@type":"WebSite","@id":"https:\/\/smart4health.eu\/pt-pt\/en\/#website","url":"https:\/\/smart4health.eu\/pt-pt\/en\/","name":"Smart4Health","description":"","potentialAction":[{"@type":"SearchAction","target":{"@type":"EntryPoint","urlTemplate":"https:\/\/smart4health.eu\/pt-pt\/en\/?s={search_term_string}"},"query-input":"required name=search_term_string"}],"inLanguage":"pt-PT"}]}},"_links":{"self":[{"href":"https:\/\/smart4health.eu\/pt-pt\/wp-json\/wp\/v2\/pages\/12993"}],"collection":[{"href":"https:\/\/smart4health.eu\/pt-pt\/wp-json\/wp\/v2\/pages"}],"about":[{"href":"https:\/\/smart4health.eu\/pt-pt\/wp-json\/wp\/v2\/types\/page"}],"author":[{"embeddable":true,"href":"https:\/\/smart4health.eu\/pt-pt\/wp-json\/wp\/v2\/users\/10"}],"replies":[{"embeddable":true,"href":"https:\/\/smart4health.eu\/pt-pt\/wp-json\/wp\/v2\/comments?post=12993"}],"version-history":[{"count":10,"href":"https:\/\/smart4health.eu\/pt-pt\/wp-json\/wp\/v2\/pages\/12993\/revisions"}],"predecessor-version":[{"id":13990,"href":"https:\/\/smart4health.eu\/pt-pt\/wp-json\/wp\/v2\/pages\/12993\/revisions\/13990"}],"wp:attachment":[{"href":"https:\/\/smart4health.eu\/pt-pt\/wp-json\/wp\/v2\/media?parent=12993"}],"curies":[{"name":"wp","href":"https:\/\/api.w.org\/{rel}","templated":true}]}}