

{"id":11257,"date":"2020-09-10T11:55:26","date_gmt":"2020-09-10T09:55:26","guid":{"rendered":"https:\/\/smart4health.testing.linux15.3pc.de\/?page_id=11257"},"modified":"2020-10-06T19:21:14","modified_gmt":"2020-10-06T17:21:14","slug":"contactos","status":"publish","type":"page","link":"https:\/\/smart4health.eu\/pt-pt\/contactos\/","title":{"rendered":"Contactos"},"content":{"rendered":"<p>[et_pb_section fb_built=&#8221;1&#8243; _builder_version=&#8221;4.5.1&#8243; _module_preset=&#8221;default&#8221; background_color=&#8221;#ffffff&#8221; custom_margin=&#8221;10px||50px||false|false&#8221;][et_pb_row _builder_version=&#8221;4.5.1&#8243; _module_preset=&#8221;default&#8221;][et_pb_column type=&#8221;4_4&#8243; _builder_version=&#8221;4.5.1&#8243; _module_preset=&#8221;default&#8221; custom_padding=&#8221;|30px|||false|false&#8221;][et_pb_text _builder_version=&#8221;4.5.1&#8243; _module_preset=&#8221;default&#8221; custom_margin=&#8221;||20px||false|false&#8221;]<\/p>\n<p style=\"text-align: center;\"><span class=\"et-pb-icon\" style=\"color: #33a0ab;\">\ue010<\/span><\/p>\n<p>[\/et_pb_text][et_pb_text _builder_version=&#8221;4.5.1&#8243; _module_preset=&#8221;default&#8221; custom_margin=&#8221;||50px||false|false&#8221; custom_padding=&#8221;|20px|||false|false&#8221;]<\/p>\n<p style=\"text-align: center;\"><span>Se tiver alguma d\u00favida sobre o projeto Smart4Health ou alguma ideia e sugest\u00e3o que gostaria de partilhar connosco, n\u00e3o hesite em entrar em contacto por e-mail em: info@smart4health.eu.<\/span><\/p>\n<p>[\/et_pb_text][\/et_pb_column][\/et_pb_row][et_pb_row column_structure=&#8221;1_2,1_2&#8243; _builder_version=&#8221;4.5.1&#8243; _module_preset=&#8221;default&#8221;][et_pb_column type=&#8221;1_2&#8243; _builder_version=&#8221;4.5.1&#8243; _module_preset=&#8221;default&#8221; custom_padding=&#8221;|30px|||false|false&#8221;][et_pb_text _builder_version=&#8221;4.5.1&#8243; _module_preset=&#8221;default&#8221; custom_padding=&#8221;|20px|||false|false&#8221;]<\/p>\n<p><strong>Coordenador do Projeto: UNINOVA<br \/><\/strong>Prof. Dr. Ricardo Goncalves<br \/>Full Professor, Head UNINOVA CTS\/GRIS<br \/>UNINOVA \u2013 Campus FCT UNL, Quinta da Torre<br \/>2829-516 Caparica, Portugal<br \/>rg@uninova.pt<\/p>\n<p><strong>Coordenador Cient\u00edfico: HPI<br \/><\/strong>Prof. Dr. Erwin Boettinger<br \/>Chair Digital Health \u2013 Personalized Medicine<br \/>Campus III Building G2<br \/>Rudolf-Breitscheid-Stra\u00dfe 187<br \/>14482 Potsdam, Germany<br \/>office-boettinger@hpi.de<\/p>\n<p>[\/et_pb_text][\/et_pb_column][et_pb_column type=&#8221;1_2&#8243; _builder_version=&#8221;4.5.1&#8243; _module_preset=&#8221;default&#8221;][et_pb_contact_form captcha=&#8221;off&#8221; email=&#8221;contact@smart4health.eu&#8221; success_message=&#8221;Obrigado pela sua massagem. J\u00e1 foi enviada.&#8221; submit_button_text=&#8221;Enviar mensagem&#8221; _builder_version=&#8221;4.6.5&#8243; _module_preset=&#8221;default&#8221; captcha_font=&#8221;Poppins||||||||&#8221; captcha_text_color=&#8221;#000000&#8243; captcha_font_size=&#8221;15px&#8221; captcha_line_height=&#8221;1.4em&#8221; custom_button=&#8221;on&#8221; button_text_size=&#8221;14px&#8221; button_text_color=&#8221;#ffffff&#8221; button_bg_color=&#8221;#33a0ab&#8221; button_border_width=&#8221;6px&#8221; button_border_color=&#8221;#33a0ab&#8221; button_border_radius=&#8221;0px&#8221; button_font=&#8221;Poppins|700|||||||&#8221; button_use_icon=&#8221;off&#8221; button_custom_margin=&#8221;10px||||false|false&#8221; button_custom_padding=&#8221;|50px||50px|false|false&#8221; hover_enabled=&#8221;0&#8243; sticky_enabled=&#8221;0&#8243;][et_pb_contact_field field_id=&#8221;Name&#8221; field_title=&#8221;Nome&#8221; fullwidth_field=&#8221;on&#8221; _builder_version=&#8221;4.5.1&#8243; form_field_background_color=&#8221;#ffffff&#8221; form_field_text_color=&#8221;#797979  &#8221; form_field_font=&#8221;Poppins||||||||&#8221; form_field_text_align=&#8221;left&#8221; text_orientation=&#8221;left&#8221; width=&#8221;100%&#8221; max_width=&#8221;100%&#8221; height=&#8221;35px&#8221; max_height=&#8221;35px&#8221; border_width_all=&#8221;1px&#8221; border_color_all=&#8221;#797979 &#8221; button_text_size__hover_enabled=&#8221;off&#8221; button_one_text_size__hover_enabled=&#8221;off&#8221; button_two_text_size__hover_enabled=&#8221;off&#8221; button_text_color__hover_enabled=&#8221;off&#8221; button_one_text_color__hover_enabled=&#8221;off&#8221; button_two_text_color__hover_enabled=&#8221;off&#8221; button_border_width__hover_enabled=&#8221;off&#8221; button_one_border_width__hover_enabled=&#8221;off&#8221; button_two_border_width__hover_enabled=&#8221;off&#8221; button_border_color__hover_enabled=&#8221;off&#8221; button_one_border_color__hover_enabled=&#8221;off&#8221; button_two_border_color__hover_enabled=&#8221;off&#8221; button_border_radius__hover_enabled=&#8221;off&#8221; button_one_border_radius__hover_enabled=&#8221;off&#8221; button_two_border_radius__hover_enabled=&#8221;off&#8221; button_letter_spacing__hover_enabled=&#8221;off&#8221; button_one_letter_spacing__hover_enabled=&#8221;off&#8221; button_two_letter_spacing__hover_enabled=&#8221;off&#8221; button_bg_color__hover_enabled=&#8221;off&#8221; button_one_bg_color__hover_enabled=&#8221;off&#8221; button_two_bg_color__hover_enabled=&#8221;off&#8221;][\/et_pb_contact_field][et_pb_contact_field field_id=&#8221;Email&#8221; field_title=&#8221;e-mail&#8221; field_type=&#8221;email&#8221; fullwidth_field=&#8221;on&#8221; _builder_version=&#8221;4.5.1&#8243; form_field_background_color=&#8221;#ffffff&#8221; form_field_text_color=&#8221;#797979 &#8221; form_field_font=&#8221;Poppins||||||||&#8221; form_field_text_align=&#8221;left&#8221; text_orientation=&#8221;left&#8221; min_height=&#8221;35px&#8221; height=&#8221;35px&#8221; max_height=&#8221;35px&#8221; border_width_all=&#8221;1px&#8221; border_color_all=&#8221;#797979 &#8221; button_text_size__hover_enabled=&#8221;off&#8221; button_one_text_size__hover_enabled=&#8221;off&#8221; button_two_text_size__hover_enabled=&#8221;off&#8221; button_text_color__hover_enabled=&#8221;off&#8221; button_one_text_color__hover_enabled=&#8221;off&#8221; button_two_text_color__hover_enabled=&#8221;off&#8221; button_border_width__hover_enabled=&#8221;off&#8221; button_one_border_width__hover_enabled=&#8221;off&#8221; button_two_border_width__hover_enabled=&#8221;off&#8221; button_border_color__hover_enabled=&#8221;off&#8221; button_one_border_color__hover_enabled=&#8221;off&#8221; button_two_border_color__hover_enabled=&#8221;off&#8221; button_border_radius__hover_enabled=&#8221;off&#8221; button_one_border_radius__hover_enabled=&#8221;off&#8221; button_two_border_radius__hover_enabled=&#8221;off&#8221; button_letter_spacing__hover_enabled=&#8221;off&#8221; button_one_letter_spacing__hover_enabled=&#8221;off&#8221; button_two_letter_spacing__hover_enabled=&#8221;off&#8221; button_bg_color__hover_enabled=&#8221;off&#8221; button_one_bg_color__hover_enabled=&#8221;off&#8221; button_two_bg_color__hover_enabled=&#8221;off&#8221;][\/et_pb_contact_field][et_pb_contact_field field_id=&#8221;Nachricht&#8221; field_title=&#8221;Mensagem&#8221; field_type=&#8221;text&#8221; fullwidth_field=&#8221;on&#8221; _builder_version=&#8221;4.5.1&#8243; form_field_background_color=&#8221;#ffffff&#8221; form_field_text_color=&#8221;#797979 &#8221; form_field_font=&#8221;Poppins||||||||&#8221; form_field_text_align=&#8221;left&#8221; border_radii=&#8221;on|1px|1px|1px|1px&#8221; border_width_all=&#8221;1px&#8221; border_color_all=&#8221;#797979 &#8221; button_text_size__hover_enabled=&#8221;off&#8221; button_one_text_size__hover_enabled=&#8221;off&#8221; button_two_text_size__hover_enabled=&#8221;off&#8221; button_text_color__hover_enabled=&#8221;off&#8221; button_one_text_color__hover_enabled=&#8221;off&#8221; button_two_text_color__hover_enabled=&#8221;off&#8221; button_border_width__hover_enabled=&#8221;off&#8221; button_one_border_width__hover_enabled=&#8221;off&#8221; button_two_border_width__hover_enabled=&#8221;off&#8221; button_border_color__hover_enabled=&#8221;off&#8221; button_one_border_color__hover_enabled=&#8221;off&#8221; button_two_border_color__hover_enabled=&#8221;off&#8221; button_border_radius__hover_enabled=&#8221;off&#8221; button_one_border_radius__hover_enabled=&#8221;off&#8221; button_two_border_radius__hover_enabled=&#8221;off&#8221; button_letter_spacing__hover_enabled=&#8221;off&#8221; button_one_letter_spacing__hover_enabled=&#8221;off&#8221; button_two_letter_spacing__hover_enabled=&#8221;off&#8221; button_bg_color__hover_enabled=&#8221;off&#8221; button_one_bg_color__hover_enabled=&#8221;off&#8221; button_two_bg_color__hover_enabled=&#8221;off&#8221;][\/et_pb_contact_field][et_pb_contact_field field_id=&#8221;Checkbox&#8221; field_title=&#8221; &#8221; field_type=&#8221;checkbox&#8221; checkbox_options=&#8221;%91{%22value%22:%22 A prote\u00e7\u00e3o de dados \u00e9 um assinto que consideramos bastante importante e relevante. Os conte\u00fados da sua mensagem, nome e seu endere\u00e7o de e-mail s\u00e3o transmitidos em mensagens encriptado e s\u00e3o armazenados por n\u00f3s para contatos futuros. Os seus dados n\u00e3o ser\u00e3o passados a terceiros e ser\u00e3o tratados confidencialmente. Em outras palavras: ao enviar a sua pergunta, concorda com o processamento dos dados fornecidos com a finalidade de processar sua pergunta. Encontre mais informa\u00e7\u00f5es na nossar %22,%22checked%22:0,%22dragID%22:-1,%22link_url%22:%22\/pt-pt\/politica-de-privacidade\/%22,%22link_text%22:%22Pol\u00edtica de Privacidade%22}%93&#8243; fullwidth_field=&#8221;on&#8221; _builder_version=&#8221;4.6.5&#8243; _module_preset=&#8221;default&#8221; hover_enabled=&#8221;0&#8243; sticky_enabled=&#8221;0&#8243;][\/et_pb_contact_field][\/et_pb_contact_form][\/et_pb_column][\/et_pb_row][\/et_pb_section][et_pb_section fb_built=&#8221;1&#8243; fullwidth=&#8221;on&#8221; _builder_version=&#8221;4.5.1&#8243; _module_preset=&#8221;default&#8221;][et_pb_text_extender _builder_version=&#8221;4.5.1&#8243; _module_preset=&#8221;default&#8221;][\/et_pb_text_extender][\/et_pb_section][et_pb_section fb_built=&#8221;1&#8243; fullwidth=&#8221;on&#8221; _builder_version=&#8221;4.5.1&#8243; _module_preset=&#8221;default&#8221;][et_pb_text_extender _builder_version=&#8221;4.5.1&#8243; _module_preset=&#8221;default&#8221;][\/et_pb_text_extender][\/et_pb_section]<\/p>\n","protected":false},"excerpt":{"rendered":"<p>\ue010Se tiver alguma d\u00favida sobre o projeto Smart4Health ou alguma ideia e sugest\u00e3o que gostaria de partilhar connosco, n\u00e3o hesite em entrar em contacto por e-mail em: info@smart4health.eu.Coordenador do Projeto: UNINOVAProf. Dr. Ricardo GoncalvesFull Professor, Head UNINOVA CTS\/GRISUNINOVA \u2013 Campus FCT UNL, Quinta da Torre2829-516 Caparica, Portugalrg@uninova.pt Coordenador Cient\u00edfico: HPIProf. Dr. Erwin BoettingerChair Digital Health [&hellip;]<\/p>\n","protected":false},"author":10,"featured_media":0,"parent":0,"menu_order":0,"comment_status":"closed","ping_status":"closed","template":"","meta":{"_et_pb_use_builder":"on","_et_pb_old_content":"","_et_gb_content_width":""},"yoast_head":"<!-- This site is optimized with the Yoast SEO plugin v20.6 - https:\/\/yoast.com\/wordpress\/plugins\/seo\/ -->\n<title>Contactos - Smart4Health<\/title>\n<meta name=\"robots\" content=\"index, follow, max-snippet:-1, max-image-preview:large, max-video-preview:-1\" \/>\n<link rel=\"canonical\" href=\"https:\/\/smart4health.eu\/pt-pt\/contactos\/\" \/>\n<meta property=\"og:locale\" content=\"pt_PT\" \/>\n<meta property=\"og:type\" content=\"article\" \/>\n<meta property=\"og:title\" content=\"Contactos - Smart4Health\" \/>\n<meta property=\"og:description\" content=\"\ue010Se tiver alguma d\u00favida sobre o projeto Smart4Health ou alguma ideia e sugest\u00e3o que gostaria de partilhar connosco, n\u00e3o hesite em entrar em contacto por e-mail em: info@smart4health.eu.Coordenador do Projeto: UNINOVAProf. Dr. Ricardo GoncalvesFull Professor, Head UNINOVA CTS\/GRISUNINOVA \u2013 Campus FCT UNL, Quinta da Torre2829-516 Caparica, Portugalrg@uninova.pt Coordenador Cient\u00edfico: HPIProf. Dr. Erwin BoettingerChair Digital Health [&hellip;]\" \/>\n<meta property=\"og:url\" content=\"https:\/\/smart4health.eu\/pt-pt\/contactos\/\" \/>\n<meta property=\"og:site_name\" content=\"Smart4Health\" \/>\n<meta property=\"article:modified_time\" content=\"2020-10-06T17:21:14+00:00\" \/>\n<meta name=\"twitter:card\" content=\"summary_large_image\" \/>\n<meta name=\"twitter:label1\" content=\"Tempo estimado de leitura\" \/>\n\t<meta name=\"twitter:data1\" content=\"5 minutos\" \/>\n<script type=\"application\/ld+json\" class=\"yoast-schema-graph\">{\"@context\":\"https:\/\/schema.org\",\"@graph\":[{\"@type\":\"WebPage\",\"@id\":\"https:\/\/smart4health.eu\/pt-pt\/contactos\/\",\"url\":\"https:\/\/smart4health.eu\/pt-pt\/contactos\/\",\"name\":\"Contactos - Smart4Health\",\"isPartOf\":{\"@id\":\"https:\/\/smart4health.eu\/pt-pt\/en\/#website\"},\"datePublished\":\"2020-09-10T09:55:26+00:00\",\"dateModified\":\"2020-10-06T17:21:14+00:00\",\"breadcrumb\":{\"@id\":\"https:\/\/smart4health.eu\/pt-pt\/contactos\/#breadcrumb\"},\"inLanguage\":\"pt-PT\",\"potentialAction\":[{\"@type\":\"ReadAction\",\"target\":[\"https:\/\/smart4health.eu\/pt-pt\/contactos\/\"]}]},{\"@type\":\"BreadcrumbList\",\"@id\":\"https:\/\/smart4health.eu\/pt-pt\/contactos\/#breadcrumb\",\"itemListElement\":[{\"@type\":\"ListItem\",\"position\":1,\"name\":\"Startseite\",\"item\":\"https:\/\/smart4health.eu\/pt-pt\/\"},{\"@type\":\"ListItem\",\"position\":2,\"name\":\"Contactos\"}]},{\"@type\":\"WebSite\",\"@id\":\"https:\/\/smart4health.eu\/pt-pt\/en\/#website\",\"url\":\"https:\/\/smart4health.eu\/pt-pt\/en\/\",\"name\":\"Smart4Health\",\"description\":\"\",\"potentialAction\":[{\"@type\":\"SearchAction\",\"target\":{\"@type\":\"EntryPoint\",\"urlTemplate\":\"https:\/\/smart4health.eu\/pt-pt\/en\/?s={search_term_string}\"},\"query-input\":\"required name=search_term_string\"}],\"inLanguage\":\"pt-PT\"}]}<\/script>\n<!-- \/ Yoast SEO plugin. -->","yoast_head_json":{"title":"Contactos - Smart4Health","robots":{"index":"index","follow":"follow","max-snippet":"max-snippet:-1","max-image-preview":"max-image-preview:large","max-video-preview":"max-video-preview:-1"},"canonical":"https:\/\/smart4health.eu\/pt-pt\/contactos\/","og_locale":"pt_PT","og_type":"article","og_title":"Contactos - Smart4Health","og_description":"\ue010Se tiver alguma d\u00favida sobre o projeto Smart4Health ou alguma ideia e sugest\u00e3o que gostaria de partilhar connosco, n\u00e3o hesite em entrar em contacto por e-mail em: info@smart4health.eu.Coordenador do Projeto: UNINOVAProf. Dr. Ricardo GoncalvesFull Professor, Head UNINOVA CTS\/GRISUNINOVA \u2013 Campus FCT UNL, Quinta da Torre2829-516 Caparica, Portugalrg@uninova.pt Coordenador Cient\u00edfico: HPIProf. Dr. Erwin BoettingerChair Digital Health [&hellip;]","og_url":"https:\/\/smart4health.eu\/pt-pt\/contactos\/","og_site_name":"Smart4Health","article_modified_time":"2020-10-06T17:21:14+00:00","twitter_card":"summary_large_image","twitter_misc":{"Tempo estimado de leitura":"5 minutos"},"schema":{"@context":"https:\/\/schema.org","@graph":[{"@type":"WebPage","@id":"https:\/\/smart4health.eu\/pt-pt\/contactos\/","url":"https:\/\/smart4health.eu\/pt-pt\/contactos\/","name":"Contactos - Smart4Health","isPartOf":{"@id":"https:\/\/smart4health.eu\/pt-pt\/en\/#website"},"datePublished":"2020-09-10T09:55:26+00:00","dateModified":"2020-10-06T17:21:14+00:00","breadcrumb":{"@id":"https:\/\/smart4health.eu\/pt-pt\/contactos\/#breadcrumb"},"inLanguage":"pt-PT","potentialAction":[{"@type":"ReadAction","target":["https:\/\/smart4health.eu\/pt-pt\/contactos\/"]}]},{"@type":"BreadcrumbList","@id":"https:\/\/smart4health.eu\/pt-pt\/contactos\/#breadcrumb","itemListElement":[{"@type":"ListItem","position":1,"name":"Startseite","item":"https:\/\/smart4health.eu\/pt-pt\/"},{"@type":"ListItem","position":2,"name":"Contactos"}]},{"@type":"WebSite","@id":"https:\/\/smart4health.eu\/pt-pt\/en\/#website","url":"https:\/\/smart4health.eu\/pt-pt\/en\/","name":"Smart4Health","description":"","potentialAction":[{"@type":"SearchAction","target":{"@type":"EntryPoint","urlTemplate":"https:\/\/smart4health.eu\/pt-pt\/en\/?s={search_term_string}"},"query-input":"required name=search_term_string"}],"inLanguage":"pt-PT"}]}},"_links":{"self":[{"href":"https:\/\/smart4health.eu\/pt-pt\/wp-json\/wp\/v2\/pages\/11257"}],"collection":[{"href":"https:\/\/smart4health.eu\/pt-pt\/wp-json\/wp\/v2\/pages"}],"about":[{"href":"https:\/\/smart4health.eu\/pt-pt\/wp-json\/wp\/v2\/types\/page"}],"author":[{"embeddable":true,"href":"https:\/\/smart4health.eu\/pt-pt\/wp-json\/wp\/v2\/users\/10"}],"replies":[{"embeddable":true,"href":"https:\/\/smart4health.eu\/pt-pt\/wp-json\/wp\/v2\/comments?post=11257"}],"version-history":[{"count":2,"href":"https:\/\/smart4health.eu\/pt-pt\/wp-json\/wp\/v2\/pages\/11257\/revisions"}],"predecessor-version":[{"id":11724,"href":"https:\/\/smart4health.eu\/pt-pt\/wp-json\/wp\/v2\/pages\/11257\/revisions\/11724"}],"wp:attachment":[{"href":"https:\/\/smart4health.eu\/pt-pt\/wp-json\/wp\/v2\/media?parent=11257"}],"curies":[{"name":"wp","href":"https:\/\/api.w.org\/{rel}","templated":true}]}}