

{"id":9280,"date":"2020-08-16T12:53:20","date_gmt":"2020-08-16T10:53:20","guid":{"rendered":"https:\/\/smart4health.testing.linux15.3pc.de\/impressum\/"},"modified":"2021-06-03T14:08:20","modified_gmt":"2021-06-03T12:08:20","slug":"mentions-legales","status":"publish","type":"page","link":"https:\/\/smart4health.eu\/fr\/mentions-legales\/","title":{"rendered":"Mentions l\u00e9gales"},"content":{"rendered":"\n[et_pb_section fb_built=\u00a0\u00bb1&Prime; _builder_version=\u00a0\u00bb4.5.1&Prime; _module_preset=\u00a0\u00bbdefault\u00a0\u00bb background_color=\u00a0\u00bb#ffffff\u00a0\u00bb custom_margin=\u00a0\u00bb0px||||false|false\u00a0\u00bb][et_pb_row _builder_version=\u00a0\u00bb4.5.1&Prime; _module_preset=\u00a0\u00bbdefault\u00a0\u00bb background_color=\u00a0\u00bb#ffffff\u00a0\u00bb][et_pb_column type=\u00a0\u00bb4_4&Prime; _builder_version=\u00a0\u00bb4.5.1&Prime; _module_preset=\u00a0\u00bbdefault\u00a0\u00bb][et_pb_text _builder_version=\u00a0\u00bb4.9.4&Prime; _module_preset=\u00a0\u00bbdefault\u00a0\u00bb hover_enabled=\u00a0\u00bb0&Prime; sticky_enabled=\u00a0\u00bb0&Prime;]<p><strong>Hasso-Plattner-Institut f\u00fcr Digital Engineering gGmbH<\/strong><br \/>Prof.-Dr.-Helmert-Str. 2-3<br \/>14482 Potsdam<br \/>Telefon: +49 (0)331 \/ 5509-0<br \/>Telefax: +49 (0)331 \/ 5509-129<br \/>E-Mail: hpi-info(at)hpi.de<br \/>Internet: www.hpi.de<\/p>\n<p>Si\u00e8ge social: Potsdam<br \/>Tribunal d&rsquo;enregistrement: AG Potsdam, HRB 12184 P<br \/>Directeur g\u00e9n\u00e9ral: Prof. Dr. Christoph Meinel (CEO), Dr. Marcus K\u00f6lling (CFO)<\/p>\n<p><strong>Responsable du contenu:<\/strong><br \/>Dr. Attila Wohlbrandt<\/p>\n<p><strong>Editeur:<\/strong><br \/>Smart4Health Consortium<\/p>\n<p><strong><\/strong><\/p>\n<p><strong>Textes:<\/strong><br \/>Smart4Health Consortium<\/p>\n<p><strong>Informations l\u00e9gales:<br \/><\/strong>Le consortium Smart4Health met \u00e0 jour et v\u00e9rifie r\u00e9guli\u00e8rement les informations sur ses pages Web. Malgr\u00e9 le plus grand soin apport\u00e9, nous ne pouvons pas exclure que certaines des donn\u00e9es puissent \u00eatre devenues obsol\u00e8tes depuis. Par cons\u00e9quent, nous ne pouvons \u00eatre tenus responsables de l\u2019actualit\u00e9, de l\u2019exactitude et de l\u2019exhaustivit\u00e9 des informations affich\u00e9es. Il en va de m\u00eame pour toutes les autres pages Web accessibles via un lien hypertexte. Le consortium n\u2019est pas responsable du contenu des sites Web accessibles via ces liens. En outre, le consortium se r\u00e9serve le droit d\u2019apporter des modifications ou des ajouts aux informations affich\u00e9es. Le contenu et la structure du site Web Smart4Health sont prot\u00e9g\u00e9s par le droit d\u2019auteur. La reproduction d\u2019informations ou de donn\u00e9es, en particulier l\u2019utilisation de textes, d\u2019extraits de textes ou d\u2019illustrations, n\u00e9cessite notre accord pr\u00e9alable.<\/p>\n<p><strong>Confidentialit\u00e9:<\/strong><br \/>Veuillez consulter la d\u00e9claration de confidentialit\u00e9 pour plus d\u2019informations.<\/p>\n<p><strong>Politique de confidentialit\u00e9 des donn\u00e9es<br \/><\/strong>Les partenaires du projet Smart4Health appartenant au consortium sont responsables de l\u2019ensemble du contenu interne du site Web. En cas de critique ou de commentaire sur le contenu, veuillez contacter Dr. Attila Wohlbrandt (attila.wohlbrandt (at) hpi.de).<\/p>\n<p><strong>Copyright<br \/><\/strong>Ce site Web et son contenu sont soumis aux droits d\u2019auteur et droits apparent\u00e9s allemands.<br \/>La reproduction non autoris\u00e9e en dehors des limites \u00e9troites de la Loi sur le droit d\u2019auteur est interdite sans le consentement \u00e9crit du consortium.<\/p>\n<p><strong>Responsabilit\u00e9 pour le contenu consultable<br \/><\/strong>Le contenu consultable ici ne pr\u00e9tend en aucun cas \u00eatre correct, utilisable et \/ ou complet. Les informations l\u00e9gales ne sont pas contraignantes et ne sont donc pas juridiquement contraignantes. Elles ont plut\u00f4t un caract\u00e8re informatif sans aucune garantie de leur exactitude.<\/p>\n<p><strong>Responsabilit\u00e9 des liens<br \/><\/strong>Les liens externes vers les offres de tiers menant au contenu des fournisseurs respectifs ne sont pas ceux du consortium. Ces r\u00e9f\u00e9rences sont reconnaissables en tant que telles dans le contexte ou sont marqu\u00e9es s\u00e9par\u00e9ment. Le consortium n\u2019a aucune influence sur le contenu fourni et ne consid\u00e8re pas ce contenu comme lui appartenant \u00e0 travers les liens.<\/p>\n<p><strong>Cr\u00e9dit photo<br \/><\/strong>Les droits d\u2019auteur sur les figures et les images appartiennent au consortium Smart4Health, sauf indication contraire.<\/p>[\/et_pb_text][\/et_pb_column][\/et_pb_row][\/et_pb_section][et_pb_section fb_built=\u00a0\u00bb1&Prime; fullwidth=\u00a0\u00bbon\u00a0\u00bb _builder_version=\u00a0\u00bb4.5.1&Prime; _module_preset=\u00a0\u00bbdefault\u00a0\u00bb][et_pb_text_extender _builder_version=\u00a0\u00bb4.5.1&Prime; _module_preset=\u00a0\u00bbdefault\u00a0\u00bb][\/et_pb_text_extender][\/et_pb_section][et_pb_section fb_built=\u00a0\u00bb1&Prime; fullwidth=\u00a0\u00bbon\u00a0\u00bb _builder_version=\u00a0\u00bb4.5.1&Prime; _module_preset=\u00a0\u00bbdefault\u00a0\u00bb][et_pb_text_extender _builder_version=\u00a0\u00bb4.5.1&Prime; _module_preset=\u00a0\u00bbdefault\u00a0\u00bb][\/et_pb_text_extender][\/et_pb_section]\n","protected":false},"excerpt":{"rendered":"<p>Hasso-Plattner-Institut f\u00fcr Digital Engineering gGmbHProf.-Dr.-Helmert-Str. 2-314482 PotsdamTelefon: +49 (0)331 \/ 5509-0Telefax: +49 (0)331 \/ 5509-129E-Mail: hpi-info(at)hpi.deInternet: www.hpi.de Si\u00e8ge social: PotsdamTribunal d&rsquo;enregistrement: AG Potsdam, HRB 12184 PDirecteur g\u00e9n\u00e9ral: Prof. Dr. Christoph Meinel (CEO), Dr. Marcus K\u00f6lling (CFO) Responsable du contenu:Dr. Attila Wohlbrandt Editeur:Smart4Health Consortium Textes:Smart4Health Consortium Informations l\u00e9gales:Le consortium Smart4Health met \u00e0 jour et v\u00e9rifie r\u00e9guli\u00e8rement [&hellip;]<\/p>\n","protected":false},"author":10,"featured_media":0,"parent":0,"menu_order":0,"comment_status":"closed","ping_status":"closed","template":"","meta":{"_et_pb_use_builder":"on","_et_pb_old_content":"","_et_gb_content_width":""},"yoast_head":"<!-- This site is optimized with the Yoast SEO plugin v20.6 - https:\/\/yoast.com\/wordpress\/plugins\/seo\/ -->\n<title>Mentions l\u00e9gales - Smart4Health<\/title>\n<meta name=\"robots\" content=\"index, follow, max-snippet:-1, max-image-preview:large, max-video-preview:-1\" \/>\n<link rel=\"canonical\" href=\"https:\/\/smart4health.eu\/fr\/mentions-legales\/\" \/>\n<meta property=\"og:locale\" content=\"fr_FR\" \/>\n<meta property=\"og:type\" content=\"article\" \/>\n<meta property=\"og:title\" content=\"Mentions l\u00e9gales - Smart4Health\" \/>\n<meta property=\"og:description\" content=\"Hasso-Plattner-Institut f\u00fcr Digital Engineering gGmbHProf.-Dr.-Helmert-Str. 2-314482 PotsdamTelefon: +49 (0)331 \/ 5509-0Telefax: +49 (0)331 \/ 5509-129E-Mail: hpi-info(at)hpi.deInternet: www.hpi.de Si\u00e8ge social: PotsdamTribunal d&#039;enregistrement: AG Potsdam, HRB 12184 PDirecteur g\u00e9n\u00e9ral: Prof. Dr. Christoph Meinel (CEO), Dr. Marcus K\u00f6lling (CFO) Responsable du contenu:Dr. Attila Wohlbrandt Editeur:Smart4Health Consortium Textes:Smart4Health Consortium Informations l\u00e9gales:Le consortium Smart4Health met \u00e0 jour et v\u00e9rifie r\u00e9guli\u00e8rement [&hellip;]\" \/>\n<meta property=\"og:url\" content=\"https:\/\/smart4health.eu\/fr\/mentions-legales\/\" \/>\n<meta property=\"og:site_name\" content=\"Smart4Health\" \/>\n<meta property=\"article:modified_time\" content=\"2021-06-03T12:08:20+00:00\" \/>\n<meta name=\"twitter:card\" content=\"summary_large_image\" \/>\n<meta name=\"twitter:label1\" content=\"Dur\u00e9e de lecture estim\u00e9e\" \/>\n\t<meta name=\"twitter:data1\" content=\"2 minutes\" \/>\n<script type=\"application\/ld+json\" class=\"yoast-schema-graph\">{\"@context\":\"https:\/\/schema.org\",\"@graph\":[{\"@type\":\"WebPage\",\"@id\":\"https:\/\/smart4health.eu\/fr\/mentions-legales\/\",\"url\":\"https:\/\/smart4health.eu\/fr\/mentions-legales\/\",\"name\":\"Mentions l\u00e9gales - Smart4Health\",\"isPartOf\":{\"@id\":\"https:\/\/smart4health.eu\/fr\/en\/#website\"},\"datePublished\":\"2020-08-16T10:53:20+00:00\",\"dateModified\":\"2021-06-03T12:08:20+00:00\",\"breadcrumb\":{\"@id\":\"https:\/\/smart4health.eu\/fr\/mentions-legales\/#breadcrumb\"},\"inLanguage\":\"fr-FR\",\"potentialAction\":[{\"@type\":\"ReadAction\",\"target\":[\"https:\/\/smart4health.eu\/fr\/mentions-legales\/\"]}]},{\"@type\":\"BreadcrumbList\",\"@id\":\"https:\/\/smart4health.eu\/fr\/mentions-legales\/#breadcrumb\",\"itemListElement\":[{\"@type\":\"ListItem\",\"position\":1,\"name\":\"Startseite\",\"item\":\"https:\/\/smart4health.eu\/fr\/\"},{\"@type\":\"ListItem\",\"position\":2,\"name\":\"Mentions l\u00e9gales\"}]},{\"@type\":\"WebSite\",\"@id\":\"https:\/\/smart4health.eu\/fr\/en\/#website\",\"url\":\"https:\/\/smart4health.eu\/fr\/en\/\",\"name\":\"Smart4Health\",\"description\":\"\",\"potentialAction\":[{\"@type\":\"SearchAction\",\"target\":{\"@type\":\"EntryPoint\",\"urlTemplate\":\"https:\/\/smart4health.eu\/fr\/en\/?s={search_term_string}\"},\"query-input\":\"required name=search_term_string\"}],\"inLanguage\":\"fr-FR\"}]}<\/script>\n<!-- \/ Yoast SEO plugin. -->","yoast_head_json":{"title":"Mentions l\u00e9gales - Smart4Health","robots":{"index":"index","follow":"follow","max-snippet":"max-snippet:-1","max-image-preview":"max-image-preview:large","max-video-preview":"max-video-preview:-1"},"canonical":"https:\/\/smart4health.eu\/fr\/mentions-legales\/","og_locale":"fr_FR","og_type":"article","og_title":"Mentions l\u00e9gales - Smart4Health","og_description":"Hasso-Plattner-Institut f\u00fcr Digital Engineering gGmbHProf.-Dr.-Helmert-Str. 2-314482 PotsdamTelefon: +49 (0)331 \/ 5509-0Telefax: +49 (0)331 \/ 5509-129E-Mail: hpi-info(at)hpi.deInternet: www.hpi.de Si\u00e8ge social: PotsdamTribunal d'enregistrement: AG Potsdam, HRB 12184 PDirecteur g\u00e9n\u00e9ral: Prof. Dr. Christoph Meinel (CEO), Dr. Marcus K\u00f6lling (CFO) Responsable du contenu:Dr. Attila Wohlbrandt Editeur:Smart4Health Consortium Textes:Smart4Health Consortium Informations l\u00e9gales:Le consortium Smart4Health met \u00e0 jour et v\u00e9rifie r\u00e9guli\u00e8rement [&hellip;]","og_url":"https:\/\/smart4health.eu\/fr\/mentions-legales\/","og_site_name":"Smart4Health","article_modified_time":"2021-06-03T12:08:20+00:00","twitter_card":"summary_large_image","twitter_misc":{"Dur\u00e9e de lecture estim\u00e9e":"2 minutes"},"schema":{"@context":"https:\/\/schema.org","@graph":[{"@type":"WebPage","@id":"https:\/\/smart4health.eu\/fr\/mentions-legales\/","url":"https:\/\/smart4health.eu\/fr\/mentions-legales\/","name":"Mentions l\u00e9gales - Smart4Health","isPartOf":{"@id":"https:\/\/smart4health.eu\/fr\/en\/#website"},"datePublished":"2020-08-16T10:53:20+00:00","dateModified":"2021-06-03T12:08:20+00:00","breadcrumb":{"@id":"https:\/\/smart4health.eu\/fr\/mentions-legales\/#breadcrumb"},"inLanguage":"fr-FR","potentialAction":[{"@type":"ReadAction","target":["https:\/\/smart4health.eu\/fr\/mentions-legales\/"]}]},{"@type":"BreadcrumbList","@id":"https:\/\/smart4health.eu\/fr\/mentions-legales\/#breadcrumb","itemListElement":[{"@type":"ListItem","position":1,"name":"Startseite","item":"https:\/\/smart4health.eu\/fr\/"},{"@type":"ListItem","position":2,"name":"Mentions l\u00e9gales"}]},{"@type":"WebSite","@id":"https:\/\/smart4health.eu\/fr\/en\/#website","url":"https:\/\/smart4health.eu\/fr\/en\/","name":"Smart4Health","description":"","potentialAction":[{"@type":"SearchAction","target":{"@type":"EntryPoint","urlTemplate":"https:\/\/smart4health.eu\/fr\/en\/?s={search_term_string}"},"query-input":"required name=search_term_string"}],"inLanguage":"fr-FR"}]}},"_links":{"self":[{"href":"https:\/\/smart4health.eu\/fr\/wp-json\/wp\/v2\/pages\/9280"}],"collection":[{"href":"https:\/\/smart4health.eu\/fr\/wp-json\/wp\/v2\/pages"}],"about":[{"href":"https:\/\/smart4health.eu\/fr\/wp-json\/wp\/v2\/types\/page"}],"author":[{"embeddable":true,"href":"https:\/\/smart4health.eu\/fr\/wp-json\/wp\/v2\/users\/10"}],"replies":[{"embeddable":true,"href":"https:\/\/smart4health.eu\/fr\/wp-json\/wp\/v2\/comments?post=9280"}],"version-history":[{"count":9,"href":"https:\/\/smart4health.eu\/fr\/wp-json\/wp\/v2\/pages\/9280\/revisions"}],"predecessor-version":[{"id":14909,"href":"https:\/\/smart4health.eu\/fr\/wp-json\/wp\/v2\/pages\/9280\/revisions\/14909"}],"wp:attachment":[{"href":"https:\/\/smart4health.eu\/fr\/wp-json\/wp\/v2\/media?parent=9280"}],"curies":[{"name":"wp","href":"https:\/\/api.w.org\/{rel}","templated":true}]}}