

{"id":9255,"date":"2020-08-16T20:16:35","date_gmt":"2020-08-16T18:16:35","guid":{"rendered":"https:\/\/smart4health.testing.linux15.3pc.de\/services-und-apps\/"},"modified":"2020-11-18T10:43:46","modified_gmt":"2020-11-18T09:43:46","slug":"service-et-fonctionnalites","status":"publish","type":"page","link":"https:\/\/smart4health.eu\/fr\/service-et-fonctionnalites\/","title":{"rendered":"Service et fonctionnalit\u00e9s"},"content":{"rendered":"<p>[et_pb_section fb_built=\u00a0\u00bb1&Prime; _builder_version=\u00a0\u00bb4.5.1&Prime; _module_preset=\u00a0\u00bbdefault\u00a0\u00bb background_color=\u00a0\u00bb#ffffff\u00a0\u00bb custom_margin=\u00a0\u00bb||||false|false\u00a0\u00bb hover_enabled=\u00a0\u00bb0&Prime; sticky_enabled=\u00a0\u00bb0&Prime;][et_pb_row _builder_version=\u00a0\u00bb4.5.1&Prime; _module_preset=\u00a0\u00bbdefault\u00a0\u00bb background_color=\u00a0\u00bb#ffffff\u00a0\u00bb custom_margin=\u00a0\u00bb||20px||false|false\u00a0\u00bb hover_enabled=\u00a0\u00bb0&Prime; sticky_enabled=\u00a0\u00bb0&Prime;][et_pb_column type=\u00a0\u00bb4_4&Prime; _builder_version=\u00a0\u00bb4.5.1&Prime; _module_preset=\u00a0\u00bbdefault\u00a0\u00bb][et_pb_text _builder_version=\u00a0\u00bb4.7.1&Prime; _module_preset=\u00a0\u00bbdefault\u00a0\u00bb hover_enabled=\u00a0\u00bb0&Prime; sticky_enabled=\u00a0\u00bb0&Prime;]<\/p>\n<p><span>Le service de Smart4health vous proposera aussi diff\u00e9rentes fonctionnalit\u00e9s qui vous permettront de de g\u00e9rer et de de partager de mani\u00e8re s\u00e9lective vos donn\u00e9es de sant\u00e9 personnelles. Apr\u00e8s vous \u00eatre enregistr\u00e9, vous serez redirig\u00e9 sur un tableau de bord qui vous donnera une vue d\u2019ensemble des diff\u00e9rentes options qui sont : \u00ab MyHealthvie \u00bb, \u00ab Mob.E.Health \u00bb, \u00ab MyTrusted \u00bb, \u00ab MyTime \u00bb, \u00ab MyWork \u00bb et \u00ab MyScience \u00bb. Comme ces options sont en cours de d\u00e9veloppement, elles seront ajout\u00e9es, modifi\u00e9es ou bien am\u00e9lior\u00e9es au fur et \u00e0 mesure, en incluant les retours des utilisateurs et leurs implications.<\/span><\/p>\n<p>[\/et_pb_text][\/et_pb_column][\/et_pb_row][et_pb_row _builder_version=\u00a0\u00bb4.5.1&Prime; _module_preset=\u00a0\u00bbdefault\u00a0\u00bb background_color=\u00a0\u00bb#ffffff\u00a0\u00bb custom_margin=\u00a0\u00bb||20px||false|false\u00a0\u00bb][et_pb_column type=\u00a0\u00bb4_4&Prime; _builder_version=\u00a0\u00bb4.5.1&Prime; _module_preset=\u00a0\u00bbdefault\u00a0\u00bb][et_pb_accordion open_toggle_text_color=\u00a0\u00bb#35a1ad\u00a0\u00bb _builder_version=\u00a0\u00bb4.5.1&Prime; _module_preset=\u00a0\u00bbdefault\u00a0\u00bb toggle_text_color=\u00a0\u00bb#35a1ad\u00a0\u00bb toggle_level=\u00a0\u00bbh3&Prime; toggle_font=\u00a0\u00bb|600|||||||\u00a0\u00bb toggle_font_size=\u00a0\u00bb16px\u00a0\u00bb hover_enabled=\u00a0\u00bb0&Prime; sticky_enabled=\u00a0\u00bb0&Prime;][et_pb_accordion_item title=\u00a0\u00bbMyTrusted\u00a0\u00bb open=\u00a0\u00bboff\u00a0\u00bb _builder_version=\u00a0\u00bb4.5.1&Prime; _module_preset=\u00a0\u00bbdefault\u00a0\u00bb custom_css_main_element=\u00a0\u00bbdisplay: none; \u00ab\u00a0]<span style=\"font-weight: 600;\">Partagez votre dossier de sant\u00e9 avec vos proches ou le diagnostic du sp\u00e9cialiste avec votre m\u00e9decin g\u00e9n\u00e9raliste.<\/span> <span>Qu\u2019il s\u2019agisse de votre m\u00e8re qui a besoin de soins ou de votre mari qui vient d\u2019\u00eatre op\u00e9r\u00e9, une fois qu\u2019ils ont autoris\u00e9 l\u2019acc\u00e8s \u00e0 leurs dossiers, vous pouvez suivre les d\u00e9cisions de leur m\u00e9decin ou l\u2019\u00e9volution de leur \u00e9tat de sant\u00e9. Vous pouvez simplement partager votre dossier m\u00e9dical avec les personnes de confiance tout en gardant un contr\u00f4le total sur ce \u00e0 quoi elles peuvent acc\u00e9der, pour combien de temps, et ce peu importe qu\u2019il s\u2019agisse d\u2019un dossier du patient avec un m\u00e9decin en cas d\u2019urgence,d\u2019une ordonnance de m\u00e9dicament ou bien d\u2019un acc\u00e8s complet pour votre conjoint.<\/span>[\/et_pb_accordion_item][et_pb_accordion_item title=\u00a0\u00bbMyTrusted\u00a0\u00bb _builder_version=\u00a0\u00bb4.5.1&Prime; _module_preset=\u00a0\u00bbdefault\u00a0\u00bb open=\u00a0\u00bboff\u00a0\u00bb]<\/p>\n<p><span style=\"font-weight: 600;\"><\/span><span>Cette fonctionnalit\u00e9 vous permet de partager n\u2019importe laquelle de vos donn\u00e9es de sant\u00e9 avec les personnes en qui vous avez confiance. Vous d\u00e9cidez quelle donn\u00e9e et quelle information vous souhaitez partager et avec qui (par exemple : professionnels de sant\u00e9 ou membres de votre famille). Cette fonctionnalit\u00e9 vous assure \u00e9galement la transparence du flux des activit\u00e9s en vous montrant qui a acc\u00e8s \u00e0 quelles donn\u00e9es. <\/span><\/p>\n<p>[\/et_pb_accordion_item][et_pb_accordion_item title=\u00a0\u00bbMyHealthView\u00a0\u00bb _builder_version=\u00a0\u00bb4.5.1&Prime; _module_preset=\u00a0\u00bbdefault\u00a0\u00bb open=\u00a0\u00bboff\u00a0\u00bb]<\/p>\n<p><span style=\"font-weight: 600;\"><\/span><span>Ici vous pouvez voir et g\u00e9rer vos dossiers de sant\u00e9 personnels tels que vos traitements m\u00e9dicamenteux, les r\u00e9sum\u00e9s de patients, les rapports diagnostiques et les images. Cette fonctionnalit\u00e9 vous permet de retrouver facilement toutes les informations dont vous avez besoin, de les filtrer, de les classer et de s\u00e9lectionner les informations \u00e0 afficher. <\/span><\/p>\n<p>[\/et_pb_accordion_item][et_pb_accordion_item title=\u00a0\u00bbMyWork\/MyTime\u00a0\u00bb _builder_version=\u00a0\u00bb4.5.1&Prime; _module_preset=\u00a0\u00bbdefault\u00a0\u00bb open=\u00a0\u00bboff\u00a0\u00bb]<\/p>\n<p><span style=\"font-weight: 600;\">Recueillez des donn\u00e9es sur votre lieu de travail pour conna\u00eetre l\u2019impact sur votre sant\u00e9.<\/span> Au travail, vous \u00eates expos\u00e9 \u00e0 diff\u00e9rentes conditions et facteurs environnementaux, tels que des produits chimiques, du bruit, de la poussi\u00e8re, un travail physique p\u00e9nible ou des contraintes dues au travail de bureau. MyWork vous donnera la possibilit\u00e9 de collecter ces informations.<\/p>\n<p>L\u2019association des donn\u00e9es de votre lieu de travail et de vos donn\u00e9es de sant\u00e9 peut mettre en \u00e9vidence des facteurs externes contribuant \u00e0 une maladie ou \u00e0 une pathologie, qui sont autrement difficiles \u00e0 identifier.<\/p>\n<p>[\/et_pb_accordion_item][et_pb_accordion_item title=\u00a0\u00bbMob.E.Health &#8211; Mobility and travel\u00a0\u00bb _builder_version=\u00a0\u00bb4.7.1&Prime; _module_preset=\u00a0\u00bbdefault\u00a0\u00bb hover_enabled=\u00a0\u00bb0&Prime; open=\u00a0\u00bboff\u00a0\u00bb sticky_enabled=\u00a0\u00bb0&Prime;]<\/p>\n<p>Cette fonctionnalit\u00e9 vous permet de pr\u00e9d\u00e9finir un ensemble d\u2019informations cl\u00e9s (telles que les m\u00e9dicaments, les allergies, etc.), qui sont traduites dans diff\u00e9rentes langues afin de les partager lors de situations impr\u00e9vues, avec toute personne qui aurait besoin d\u2019une compr\u00e9hension rapide de votre \u00e9tat de sant\u00e9. Vous pouvez modifier le contenu et les droits d\u2019acc\u00e8s \u00e0 ces informations cl\u00e9s \u00e0 tout moment.<\/p>\n<p>[\/et_pb_accordion_item][et_pb_accordion_item title=\u00a0\u00bbMyScience\u00a0\u00bb _builder_version=\u00a0\u00bb4.5.1&Prime; _module_preset=\u00a0\u00bbdefault\u00a0\u00bb open=\u00a0\u00bbon\u00a0\u00bb]<\/p>\n<p>Cette fonction donne la possibilit\u00e9 de fournir vos donn\u00e9es de sant\u00e9 \u00e0 des fins scientifiques et de recherche apr\u00e8s avoir compl\u00e9t\u00e9 un formulaire de consentement distinct. Vous pourrez ainsi choisir la finalit\u00e9 de la mise \u00e0 disposition de vos donn\u00e9es, d\u00e9cider si vous souhaitez fournir l&rsquo;int\u00e9gralit\u00e9 de vos donn\u00e9es ou seulement certaines parties, et si vous souhaitez \u00eatre recontact\u00e9 pour des r\u00e9sultats de recherche \u00e0 un niveau plus g\u00e9n\u00e9ral. Le consentement pour la mise \u00e0 disposition de vos donn\u00e9es inclus \u00e9galement la possibilit\u00e9 de r\u00e9voquer ce consentement.<\/p>\n<p>[\/et_pb_accordion_item][\/et_pb_accordion][\/et_pb_column][\/et_pb_row][\/et_pb_section][et_pb_section fb_built=\u00a0\u00bb1&Prime; fullwidth=\u00a0\u00bbon\u00a0\u00bb _builder_version=\u00a0\u00bb4.5.1&Prime; _module_preset=\u00a0\u00bbdefault\u00a0\u00bb][et_pb_text_extender _builder_version=\u00a0\u00bb4.5.1&Prime; _module_preset=\u00a0\u00bbdefault\u00a0\u00bb][\/et_pb_text_extender][\/et_pb_section][et_pb_section fb_built=\u00a0\u00bb1&Prime; fullwidth=\u00a0\u00bbon\u00a0\u00bb _builder_version=\u00a0\u00bb4.5.1&Prime; _module_preset=\u00a0\u00bbdefault\u00a0\u00bb][et_pb_text_extender _builder_version=\u00a0\u00bb4.5.1&Prime; _module_preset=\u00a0\u00bbdefault\u00a0\u00bb][\/et_pb_text_extender][\/et_pb_section]<\/p>\n","protected":false},"excerpt":{"rendered":"<p>Le service de Smart4health vous proposera aussi diff\u00e9rentes fonctionnalit\u00e9s qui vous permettront de de g\u00e9rer et de de partager de mani\u00e8re s\u00e9lective vos donn\u00e9es de sant\u00e9 personnelles. Apr\u00e8s vous \u00eatre enregistr\u00e9, vous serez redirig\u00e9 sur un tableau de bord qui vous donnera une vue d\u2019ensemble des diff\u00e9rentes options qui sont : \u00ab MyHealthvie \u00bb, \u00ab [&hellip;]<\/p>\n","protected":false},"author":10,"featured_media":0,"parent":0,"menu_order":0,"comment_status":"closed","ping_status":"closed","template":"","meta":{"_et_pb_use_builder":"on","_et_pb_old_content":"","_et_gb_content_width":""},"yoast_head":"<!-- This site is optimized with the Yoast SEO plugin v20.6 - https:\/\/yoast.com\/wordpress\/plugins\/seo\/ -->\n<title>Service et fonctionnalit\u00e9s - Smart4Health<\/title>\n<meta name=\"robots\" content=\"index, follow, max-snippet:-1, max-image-preview:large, max-video-preview:-1\" \/>\n<link rel=\"canonical\" href=\"https:\/\/smart4health.eu\/fr\/service-et-fonctionnalites\/\" \/>\n<meta property=\"og:locale\" content=\"fr_FR\" \/>\n<meta property=\"og:type\" content=\"article\" \/>\n<meta property=\"og:title\" content=\"Service et fonctionnalit\u00e9s - Smart4Health\" \/>\n<meta property=\"og:description\" content=\"Le service de Smart4health vous proposera aussi diff\u00e9rentes fonctionnalit\u00e9s qui vous permettront de de g\u00e9rer et de de partager de mani\u00e8re s\u00e9lective vos donn\u00e9es de sant\u00e9 personnelles. Apr\u00e8s vous \u00eatre enregistr\u00e9, vous serez redirig\u00e9 sur un tableau de bord qui vous donnera une vue d\u2019ensemble des diff\u00e9rentes options qui sont : \u00ab MyHealthvie \u00bb, \u00ab [&hellip;]\" \/>\n<meta property=\"og:url\" content=\"https:\/\/smart4health.eu\/fr\/service-et-fonctionnalites\/\" \/>\n<meta property=\"og:site_name\" content=\"Smart4Health\" \/>\n<meta property=\"article:modified_time\" content=\"2020-11-18T09:43:46+00:00\" \/>\n<meta name=\"twitter:card\" content=\"summary_large_image\" \/>\n<meta name=\"twitter:label1\" content=\"Dur\u00e9e de lecture estim\u00e9e\" \/>\n\t<meta name=\"twitter:data1\" content=\"5 minutes\" \/>\n<script type=\"application\/ld+json\" class=\"yoast-schema-graph\">{\"@context\":\"https:\/\/schema.org\",\"@graph\":[{\"@type\":\"WebPage\",\"@id\":\"https:\/\/smart4health.eu\/fr\/service-et-fonctionnalites\/\",\"url\":\"https:\/\/smart4health.eu\/fr\/service-et-fonctionnalites\/\",\"name\":\"Service et fonctionnalit\u00e9s - Smart4Health\",\"isPartOf\":{\"@id\":\"https:\/\/smart4health.eu\/fr\/en\/#website\"},\"datePublished\":\"2020-08-16T18:16:35+00:00\",\"dateModified\":\"2020-11-18T09:43:46+00:00\",\"breadcrumb\":{\"@id\":\"https:\/\/smart4health.eu\/fr\/service-et-fonctionnalites\/#breadcrumb\"},\"inLanguage\":\"fr-FR\",\"potentialAction\":[{\"@type\":\"ReadAction\",\"target\":[\"https:\/\/smart4health.eu\/fr\/service-et-fonctionnalites\/\"]}]},{\"@type\":\"BreadcrumbList\",\"@id\":\"https:\/\/smart4health.eu\/fr\/service-et-fonctionnalites\/#breadcrumb\",\"itemListElement\":[{\"@type\":\"ListItem\",\"position\":1,\"name\":\"Startseite\",\"item\":\"https:\/\/smart4health.eu\/fr\/\"},{\"@type\":\"ListItem\",\"position\":2,\"name\":\"Service et fonctionnalit\u00e9s\"}]},{\"@type\":\"WebSite\",\"@id\":\"https:\/\/smart4health.eu\/fr\/en\/#website\",\"url\":\"https:\/\/smart4health.eu\/fr\/en\/\",\"name\":\"Smart4Health\",\"description\":\"\",\"potentialAction\":[{\"@type\":\"SearchAction\",\"target\":{\"@type\":\"EntryPoint\",\"urlTemplate\":\"https:\/\/smart4health.eu\/fr\/en\/?s={search_term_string}\"},\"query-input\":\"required name=search_term_string\"}],\"inLanguage\":\"fr-FR\"}]}<\/script>\n<!-- \/ Yoast SEO plugin. -->","yoast_head_json":{"title":"Service et fonctionnalit\u00e9s - Smart4Health","robots":{"index":"index","follow":"follow","max-snippet":"max-snippet:-1","max-image-preview":"max-image-preview:large","max-video-preview":"max-video-preview:-1"},"canonical":"https:\/\/smart4health.eu\/fr\/service-et-fonctionnalites\/","og_locale":"fr_FR","og_type":"article","og_title":"Service et fonctionnalit\u00e9s - Smart4Health","og_description":"Le service de Smart4health vous proposera aussi diff\u00e9rentes fonctionnalit\u00e9s qui vous permettront de de g\u00e9rer et de de partager de mani\u00e8re s\u00e9lective vos donn\u00e9es de sant\u00e9 personnelles. Apr\u00e8s vous \u00eatre enregistr\u00e9, vous serez redirig\u00e9 sur un tableau de bord qui vous donnera une vue d\u2019ensemble des diff\u00e9rentes options qui sont : \u00ab MyHealthvie \u00bb, \u00ab [&hellip;]","og_url":"https:\/\/smart4health.eu\/fr\/service-et-fonctionnalites\/","og_site_name":"Smart4Health","article_modified_time":"2020-11-18T09:43:46+00:00","twitter_card":"summary_large_image","twitter_misc":{"Dur\u00e9e de lecture estim\u00e9e":"5 minutes"},"schema":{"@context":"https:\/\/schema.org","@graph":[{"@type":"WebPage","@id":"https:\/\/smart4health.eu\/fr\/service-et-fonctionnalites\/","url":"https:\/\/smart4health.eu\/fr\/service-et-fonctionnalites\/","name":"Service et fonctionnalit\u00e9s - Smart4Health","isPartOf":{"@id":"https:\/\/smart4health.eu\/fr\/en\/#website"},"datePublished":"2020-08-16T18:16:35+00:00","dateModified":"2020-11-18T09:43:46+00:00","breadcrumb":{"@id":"https:\/\/smart4health.eu\/fr\/service-et-fonctionnalites\/#breadcrumb"},"inLanguage":"fr-FR","potentialAction":[{"@type":"ReadAction","target":["https:\/\/smart4health.eu\/fr\/service-et-fonctionnalites\/"]}]},{"@type":"BreadcrumbList","@id":"https:\/\/smart4health.eu\/fr\/service-et-fonctionnalites\/#breadcrumb","itemListElement":[{"@type":"ListItem","position":1,"name":"Startseite","item":"https:\/\/smart4health.eu\/fr\/"},{"@type":"ListItem","position":2,"name":"Service et fonctionnalit\u00e9s"}]},{"@type":"WebSite","@id":"https:\/\/smart4health.eu\/fr\/en\/#website","url":"https:\/\/smart4health.eu\/fr\/en\/","name":"Smart4Health","description":"","potentialAction":[{"@type":"SearchAction","target":{"@type":"EntryPoint","urlTemplate":"https:\/\/smart4health.eu\/fr\/en\/?s={search_term_string}"},"query-input":"required name=search_term_string"}],"inLanguage":"fr-FR"}]}},"_links":{"self":[{"href":"https:\/\/smart4health.eu\/fr\/wp-json\/wp\/v2\/pages\/9255"}],"collection":[{"href":"https:\/\/smart4health.eu\/fr\/wp-json\/wp\/v2\/pages"}],"about":[{"href":"https:\/\/smart4health.eu\/fr\/wp-json\/wp\/v2\/types\/page"}],"author":[{"embeddable":true,"href":"https:\/\/smart4health.eu\/fr\/wp-json\/wp\/v2\/users\/10"}],"replies":[{"embeddable":true,"href":"https:\/\/smart4health.eu\/fr\/wp-json\/wp\/v2\/comments?post=9255"}],"version-history":[{"count":14,"href":"https:\/\/smart4health.eu\/fr\/wp-json\/wp\/v2\/pages\/9255\/revisions"}],"predecessor-version":[{"id":11922,"href":"https:\/\/smart4health.eu\/fr\/wp-json\/wp\/v2\/pages\/9255\/revisions\/11922"}],"wp:attachment":[{"href":"https:\/\/smart4health.eu\/fr\/wp-json\/wp\/v2\/media?parent=9255"}],"curies":[{"name":"wp","href":"https:\/\/api.w.org\/{rel}","templated":true}]}}