

{"id":13481,"date":"2021-02-02T14:01:01","date_gmt":"2021-02-02T13:01:01","guid":{"rendered":"https:\/\/smart4health.eu\/?page_id=13481"},"modified":"2021-07-09T14:10:14","modified_gmt":"2021-07-09T12:10:14","slug":"cas-dutilisation-smart4health-sur-le-lieu-de-travail","status":"publish","type":"page","link":"https:\/\/smart4health.eu\/fr\/cas-dutilisation-smart4health-sur-le-lieu-de-travail\/","title":{"rendered":"Cas d\u2019utilisation: Smart4Health sur le lieu de travail"},"content":{"rendered":"<p>[et_pb_section fb_built=\u00a0\u00bb1&Prime; admin_label=\u00a0\u00bbService Section\u00a0\u00bb _builder_version=\u00a0\u00bb4.7.4&Prime; background_color=\u00a0\u00bb#ffffff\u00a0\u00bb background_enable_image=\u00a0\u00bboff\u00a0\u00bb background_position=\u00a0\u00bbtop_center\u00a0\u00bb min_height=\u00a0\u00bb115px\u00a0\u00bb custom_margin=\u00a0\u00bb21px|||||\u00a0\u00bb custom_padding=\u00a0\u00bb0px|0px|0px|0px||\u00a0\u00bb][et_pb_row disabled_on=\u00a0\u00bbon|off|off\u00a0\u00bb _builder_version=\u00a0\u00bb4.7.4&Prime; min_height=\u00a0\u00bb109px\u00a0\u00bb custom_margin=\u00a0\u00bb-44px|auto||auto||\u00a0\u00bb custom_padding=\u00a0\u00bb1px|||||\u00a0\u00bb][et_pb_column type=\u00a0\u00bb4_4&Prime; _builder_version=\u00a0\u00bb3.25&Prime; custom_padding=\u00a0\u00bb|||\u00a0\u00bb custom_padding__hover=\u00a0\u00bb|||\u00a0\u00bb][et_pb_text admin_label=\u00a0\u00bbTitle\u00a0\u00bb _builder_version=\u00a0\u00bb4.8.2&Prime; text_font=\u00a0\u00bbPoppins||||||||\u00a0\u00bb text_font_size=\u00a0\u00bb16px\u00a0\u00bb text_line_height=\u00a0\u00bb1.8em\u00a0\u00bb header_font=\u00a0\u00bb||||||||\u00a0\u00bb header_font_size=\u00a0\u00bb40px\u00a0\u00bb header_2_font=\u00a0\u00bbPoppins|600|||||||\u00a0\u00bb header_2_text_color=\u00a0\u00bb#3d9faf\u00a0\u00bb header_2_font_size=\u00a0\u00bb36px\u00a0\u00bb header_2_line_height=\u00a0\u00bb1.4em\u00a0\u00bb max_width=\u00a0\u00bb737px\u00a0\u00bb min_height=\u00a0\u00bb104px\u00a0\u00bb custom_margin=\u00a0\u00bb3px|-14px|55px|||\u00a0\u00bb custom_padding=\u00a0\u00bb0px|0px|0px|||\u00a0\u00bb animation_style=\u00a0\u00bbfold\u00a0\u00bb animation_direction=\u00a0\u00bbleft\u00a0\u00bb animation_intensity_fold=\u00a0\u00bb10%\u00a0\u00bb animation_starting_opacity=\u00a0\u00bb100%\u00a0\u00bb]<\/p>\n<h2><strong>Smart4Health sur le lieu de travail<br \/>\n<\/strong><\/h2>\n<p><strong>Acc\u00e9dez \u00e0 vos donn\u00e9es de sant\u00e9 et g\u00e9rez-les \u00e0 tout moment et en tout lieu<br \/>\n<\/strong><\/p>\n<p><strong><\/strong>[\/et_pb_text][\/et_pb_column][\/et_pb_row][\/et_pb_section][et_pb_section fb_built=\u00a0\u00bb1&Prime; specialty=\u00a0\u00bbon\u00a0\u00bb admin_label=\u00a0\u00bbCUC5&Prime; _builder_version=\u00a0\u00bb4.8.2&Prime; _module_preset=\u00a0\u00bbdefault\u00a0\u00bb custom_margin=\u00a0\u00bb-20px|||||\u00a0\u00bb][et_pb_column type=\u00a0\u00bb1_2&Prime; _builder_version=\u00a0\u00bb3.25&Prime; custom_padding=\u00a0\u00bb|||\u00a0\u00bb custom_padding__hover=\u00a0\u00bb|||\u00a0\u00bb][et_pb_image src=\u00a0\u00bbhttps:\/\/smart4health.eu\/wp-content\/uploads\/2021\/01\/20210112_CUC_Graphics_final_workplace.png\u00a0\u00bb title_text=\u00a0\u00bb20210112_CUC_Graphics_final_workplace\u00a0\u00bb show_bottom_space=\u00a0\u00bboff\u00a0\u00bb force_fullwidth=\u00a0\u00bbon\u00a0\u00bb align_tablet=\u00a0\u00bbcenter\u00a0\u00bb align_phone=\u00a0\u00bb\u00a0\u00bb align_last_edited=\u00a0\u00bbon|desktop\u00a0\u00bb disabled_on=\u00a0\u00bbon|off|off\u00a0\u00bb _builder_version=\u00a0\u00bb4.7.7&Prime; custom_margin=\u00a0\u00bb|54px||||\u00a0\u00bb custom_padding=\u00a0\u00bb26px|77px||||\u00a0\u00bb][\/et_pb_image][et_pb_text disabled_on=\u00a0\u00bboff|off|off\u00a0\u00bb admin_label=\u00a0\u00bbTitle\u00a0\u00bb _builder_version=\u00a0\u00bb4.7.4&Prime; text_font=\u00a0\u00bbPoppins||||||||\u00a0\u00bb text_font_size=\u00a0\u00bb16px\u00a0\u00bb text_line_height=\u00a0\u00bb1.8em\u00a0\u00bb header_font=\u00a0\u00bb||||||||\u00a0\u00bb header_2_font=\u00a0\u00bbPoppins|600|||||||\u00a0\u00bb header_2_text_color=\u00a0\u00bb#3d9faf\u00a0\u00bb header_2_font_size=\u00a0\u00bb36px\u00a0\u00bb header_2_line_height=\u00a0\u00bb1.4em\u00a0\u00bb max_width=\u00a0\u00bb904px\u00a0\u00bb custom_margin=\u00a0\u00bb||50px|||\u00a0\u00bb custom_padding=\u00a0\u00bb0px|102px||0px||\u00a0\u00bb animation_style=\u00a0\u00bbfold\u00a0\u00bb animation_direction=\u00a0\u00bbleft\u00a0\u00bb animation_intensity_fold=\u00a0\u00bb10%\u00a0\u00bb animation_starting_opacity=\u00a0\u00bb100%\u00a0\u00bb inline_fonts=\u00a0\u00bbPoppins\u00a0\u00bb]#CUC4_Aachen #S4H_Aachen #occupational_health_managament #life_workplace_health #ehealth #gesundheitsmanagement #digitalisierung #bgm #gesundheit #gesunde_unternehmen[\/et_pb_text][\/et_pb_column][et_pb_column type=\u00a0\u00bb1_2&Prime; specialty_columns=\u00a0\u00bb2&Prime; _builder_version=\u00a0\u00bb3.25&Prime; custom_padding=\u00a0\u00bb|||\u00a0\u00bb custom_padding__hover=\u00a0\u00bb|||\u00a0\u00bb][et_pb_row_inner column_structure=\u00a0\u00bb1_2,1_2&Prime; _builder_version=\u00a0\u00bb4.6.1&Prime; _module_preset=\u00a0\u00bbdefault\u00a0\u00bb min_height=\u00a0\u00bb130px\u00a0\u00bb custom_margin=\u00a0\u00bb-28px||-33px|-2px||\u00a0\u00bb custom_padding=\u00a0\u00bb2px|||||\u00a0\u00bb][et_pb_column_inner type=\u00a0\u00bb1_2&Prime; saved_specialty_column_type=\u00a0\u00bb1_2&Prime; _builder_version=\u00a0\u00bb4.6.1&Prime; _module_preset=\u00a0\u00bbdefault\u00a0\u00bb][et_pb_text admin_label=\u00a0\u00bbTitle\u00a0\u00bb _builder_version=\u00a0\u00bb4.8.2&Prime; text_font=\u00a0\u00bbPoppins||||||||\u00a0\u00bb text_line_height=\u00a0\u00bb1.8em\u00a0\u00bb header_font=\u00a0\u00bb||||||||\u00a0\u00bb header_2_font=\u00a0\u00bbPoppins|600|||||||\u00a0\u00bb header_2_text_color=\u00a0\u00bb#3d9faf\u00a0\u00bb header_2_font_size=\u00a0\u00bb36px\u00a0\u00bb header_2_line_height=\u00a0\u00bb1.4em\u00a0\u00bb max_width=\u00a0\u00bb550px\u00a0\u00bb min_height=\u00a0\u00bb83px\u00a0\u00bb custom_margin=\u00a0\u00bb||-2px|-2px||\u00a0\u00bb custom_padding=\u00a0\u00bb|0px|0px|||\u00a0\u00bb animation_style=\u00a0\u00bbfold\u00a0\u00bb animation_direction=\u00a0\u00bbleft\u00a0\u00bb animation_intensity_fold=\u00a0\u00bb10%\u00a0\u00bb animation_starting_opacity=\u00a0\u00bb100%\u00a0\u00bb inline_fonts=\u00a0\u00bbPoppins\u00a0\u00bb]<\/p>\n<h2><span style=\"font-size: x-large; font-family: Poppins;\">O\u00f9 ?<\/span><\/h2>\n<ul>\n<li>Aix-la-Chapelle, Allemagne<\/li>\n<\/ul>\n<p>[\/et_pb_text][\/et_pb_column_inner][et_pb_column_inner type=\u00a0\u00bb1_2&Prime; saved_specialty_column_type=\u00a0\u00bb1_2&Prime; _builder_version=\u00a0\u00bb4.6.1&Prime; _module_preset=\u00a0\u00bbdefault\u00a0\u00bb][et_pb_text admin_label=\u00a0\u00bbTitle\u00a0\u00bb _builder_version=\u00a0\u00bb4.8.2&Prime; text_font=\u00a0\u00bbPoppins||||||||\u00a0\u00bb text_font_size=\u00a0\u00bb16px\u00a0\u00bb text_line_height=\u00a0\u00bb1.8em\u00a0\u00bb header_font=\u00a0\u00bb||||||||\u00a0\u00bb header_2_font=\u00a0\u00bbPoppins|600|||||||\u00a0\u00bb header_2_text_color=\u00a0\u00bb#3d9faf\u00a0\u00bb header_2_font_size=\u00a0\u00bb36px\u00a0\u00bb header_2_line_height=\u00a0\u00bb1.4em\u00a0\u00bb max_width=\u00a0\u00bb563px\u00a0\u00bb custom_margin=\u00a0\u00bb|||-1px||\u00a0\u00bb custom_padding=\u00a0\u00bb|0px|17px|0px||\u00a0\u00bb animation_style=\u00a0\u00bbfold\u00a0\u00bb animation_direction=\u00a0\u00bbleft\u00a0\u00bb animation_intensity_fold=\u00a0\u00bb10%\u00a0\u00bb animation_starting_opacity=\u00a0\u00bb100%\u00a0\u00bb inline_fonts=\u00a0\u00bbPoppins\u00a0\u00bb]<\/p>\n<h2><span style=\"font-size: x-large; font-family: Poppins;\">Qui ?<br \/>\n<\/span><\/h2>\n<ul>\n<li>Salari\u00e9s des entreprises<\/li>\n<\/ul>\n<p>[\/et_pb_text][\/et_pb_column_inner][\/et_pb_row_inner][et_pb_row_inner _builder_version=\u00a0\u00bb4.6.1&Prime; _module_preset=\u00a0\u00bbdefault\u00a0\u00bb custom_padding=\u00a0\u00bb0px|||||\u00a0\u00bb][et_pb_column_inner saved_specialty_column_type=\u00a0\u00bb1_2&Prime; _builder_version=\u00a0\u00bb4.6.1&Prime; _module_preset=\u00a0\u00bbdefault\u00a0\u00bb][et_pb_text admin_label=\u00a0\u00bbTitle\u00a0\u00bb _builder_version=\u00a0\u00bb4.8.2&Prime; text_font=\u00a0\u00bbPoppins||||||||\u00a0\u00bb text_font_size=\u00a0\u00bb16px\u00a0\u00bb text_line_height=\u00a0\u00bb1.8em\u00a0\u00bb header_font=\u00a0\u00bb||||||||\u00a0\u00bb header_2_font=\u00a0\u00bbPoppins|600|||||||\u00a0\u00bb header_2_text_color=\u00a0\u00bb#3d9faf\u00a0\u00bb header_2_font_size=\u00a0\u00bb36px\u00a0\u00bb header_2_line_height=\u00a0\u00bb1.4em\u00a0\u00bb max_width=\u00a0\u00bb575px\u00a0\u00bb min_height=\u00a0\u00bb187px\u00a0\u00bb custom_margin=\u00a0\u00bb2px||-2px|-1px||\u00a0\u00bb custom_padding=\u00a0\u00bb|0px|0px|0px||\u00a0\u00bb animation_style=\u00a0\u00bbfold\u00a0\u00bb animation_direction=\u00a0\u00bbleft\u00a0\u00bb animation_intensity_fold=\u00a0\u00bb10%\u00a0\u00bb animation_starting_opacity=\u00a0\u00bb100%\u00a0\u00bb inline_fonts=\u00a0\u00bbPoppins\u00a0\u00bb]<\/p>\n<h2><span style=\"font-size: x-large; font-family: Poppins;\">Quoi ?<br \/>\n<\/span><\/h2>\n<ul>\n<li><span style=\"font-size: small;\">Nous offrons une formation sp\u00e9cifique aux employ\u00e9s pour renforcer les muscles du bas du dos afin de pr\u00e9venir les blessures.<\/span><\/li>\n<li><span style=\"font-size: small;\">Les donn\u00e9es sur la sant\u00e9 et le bien-\u00eatre sont collect\u00e9es et t\u00e9l\u00e9charg\u00e9es sur la plateforme Smart4Health.<\/span><\/li>\n<li><span style=\"font-size: small;\">Les employ\u00e9s fournissent un retour d\u2019informations  pr\u00e9cieux et valident la solution.<\/span><\/li>\n<\/ul>\n<p>&nbsp;<\/p>\n<ul><\/ul>\n<p>[\/et_pb_text][et_pb_text admin_label=\u00a0\u00bbTitle\u00a0\u00bb _builder_version=\u00a0\u00bb4.8.2&Prime; text_font=\u00a0\u00bbPoppins||||||||\u00a0\u00bb text_font_size=\u00a0\u00bb16px\u00a0\u00bb text_line_height=\u00a0\u00bb1.8em\u00a0\u00bb header_font=\u00a0\u00bb||||||||\u00a0\u00bb header_2_font=\u00a0\u00bbPoppins|600|||||||\u00a0\u00bb header_2_text_color=\u00a0\u00bb#3d9faf\u00a0\u00bb header_2_font_size=\u00a0\u00bb36px\u00a0\u00bb header_2_line_height=\u00a0\u00bb1.4em\u00a0\u00bb max_width=\u00a0\u00bb572px\u00a0\u00bb min_height=\u00a0\u00bb267px\u00a0\u00bb custom_margin=\u00a0\u00bb0px||0px|0px|false|false\u00a0\u00bb custom_padding=\u00a0\u00bb0px|0px|0px|0px||\u00a0\u00bb animation_style=\u00a0\u00bbfold\u00a0\u00bb animation_direction=\u00a0\u00bbleft\u00a0\u00bb animation_intensity_fold=\u00a0\u00bb10%\u00a0\u00bb animation_starting_opacity=\u00a0\u00bb100%\u00a0\u00bb inline_fonts=\u00a0\u00bbPoppins\u00a0\u00bb]<\/p>\n<h2><span style=\"font-size: x-large; font-family: Poppins;\">Pourquoi ?<br \/>\n<\/span><\/h2>\n<ul>\n<li><span style=\"font-size: small;\">Stocker et g\u00e9rer en toute s\u00e9curit\u00e9 vos propres donn\u00e9es de sant\u00e9 et de bien-\u00eatre, n\u2019importe quand, n\u2019importe o\u00f9.<\/span><\/li>\n<li><span style=\"font-size: small;\">Moins de blessures et un meilleur bien-\u00eatre au travail pour les employ\u00e9s gr\u00e2ce \u00e0 des muscles dorsaux plus forts.<\/span><\/li>\n<li><span style=\"font-size: small;\">Partagez vos propres donn\u00e9es de sant\u00e9 et de bien-\u00eatre avec des professionnels de la sant\u00e9 et des personnes de confiance.<\/span><\/li>\n<li><span style=\"font-size: small;\">Obtenez des informations personnalis\u00e9es sur vos propres donn\u00e9es de sant\u00e9 et de bien-\u00eatre.<\/span><\/li>\n<\/ul>\n<p>[\/et_pb_text][\/et_pb_column_inner][\/et_pb_row_inner][\/et_pb_column][\/et_pb_section][et_pb_section fb_built=\u00a0\u00bb1&Prime; _builder_version=\u00a0\u00bb4.7.4&Prime; _module_preset=\u00a0\u00bbdefault\u00a0\u00bb][et_pb_row _builder_version=\u00a0\u00bb4.7.4&Prime; _module_preset=\u00a0\u00bbdefault\u00a0\u00bb][et_pb_column type=\u00a0\u00bb4_4&Prime; _builder_version=\u00a0\u00bb4.7.4&Prime; _module_preset=\u00a0\u00bbdefault\u00a0\u00bb][et_pb_text admin_label=\u00a0\u00bbTitle\u00a0\u00bb _builder_version=\u00a0\u00bb4.8.2&Prime; text_font=\u00a0\u00bbPoppins||||||||\u00a0\u00bb text_line_height=\u00a0\u00bb1.8em\u00a0\u00bb header_font=\u00a0\u00bb||||||||\u00a0\u00bb header_2_font=\u00a0\u00bbPoppins|600|||||||\u00a0\u00bb header_2_text_color=\u00a0\u00bb#3d9faf\u00a0\u00bb header_2_font_size=\u00a0\u00bb36px\u00a0\u00bb header_2_line_height=\u00a0\u00bb1.4em\u00a0\u00bb max_width=\u00a0\u00bb550px\u00a0\u00bb min_height=\u00a0\u00bb83px\u00a0\u00bb custom_margin=\u00a0\u00bb||-41px|-2px||\u00a0\u00bb custom_padding=\u00a0\u00bb|0px|0px|||\u00a0\u00bb animation_style=\u00a0\u00bbfold\u00a0\u00bb animation_direction=\u00a0\u00bbleft\u00a0\u00bb animation_intensity_fold=\u00a0\u00bb10%\u00a0\u00bb animation_starting_opacity=\u00a0\u00bb100%\u00a0\u00bb inline_fonts=\u00a0\u00bbPoppins\u00a0\u00bb]<\/p>\n<h2><span style=\"font-size: x-large; font-family: Poppins;\">Principaux partenaires<br \/>\n<\/span><\/h2>\n<p>&nbsp;[\/et_pb_text][\/et_pb_column][\/et_pb_row][\/et_pb_section][et_pb_section fb_built=\u00a0\u00bb1&Prime; _builder_version=\u00a0\u00bb4.7.4&Prime; _module_preset=\u00a0\u00bbdefault\u00a0\u00bb][et_pb_row column_structure=\u00a0\u00bb1_3,1_3,1_3&Prime; _builder_version=\u00a0\u00bb4.7.4&Prime; _module_preset=\u00a0\u00bbdefault\u00a0\u00bb][et_pb_column type=\u00a0\u00bb1_3&Prime; _builder_version=\u00a0\u00bb4.7.4&Prime; _module_preset=\u00a0\u00bbdefault\u00a0\u00bb][et_pb_image src=\u00a0\u00bbhttps:\/\/smart4health.eu\/wp-content\/uploads\/2020\/08\/ZS-300&#215;129-1.png\u00a0\u00bb title_text=\u00a0\u00bbZS-300&#215;129&Prime; _builder_version=\u00a0\u00bb4.7.4&Prime; _module_preset=\u00a0\u00bbdefault\u00a0\u00bb custom_padding=\u00a0\u00bb|20px||20px|false|false\u00a0\u00bb][\/et_pb_image][\/et_pb_column][et_pb_column type=\u00a0\u00bb1_3&Prime; _builder_version=\u00a0\u00bb4.7.4&Prime; _module_preset=\u00a0\u00bbdefault\u00a0\u00bb][et_pb_image src=\u00a0\u00bbhttps:\/\/smart4health.eu\/wp-content\/uploads\/2021\/02\/UNINOVA-1.png\u00a0\u00bb title_text=\u00a0\u00bbUNINOVA\u00a0\u00bb _builder_version=\u00a0\u00bb4.9.0&Prime; _module_preset=\u00a0\u00bbdefault\u00a0\u00bb custom_padding=\u00a0\u00bb|20px||20px|false|false\u00a0\u00bb][\/et_pb_image][\/et_pb_column][et_pb_column type=\u00a0\u00bb1_3&Prime; _builder_version=\u00a0\u00bb4.7.4&Prime; _module_preset=\u00a0\u00bbdefault\u00a0\u00bb][et_pb_image src=\u00a0\u00bbhttps:\/\/smart4health.eu\/wp-content\/uploads\/2020\/08\/ittm-200&#215;110-1.png\u00a0\u00bb title_text=\u00a0\u00bbittm-200&#215;110-1&Prime; _builder_version=\u00a0\u00bb4.7.4&Prime; _module_preset=\u00a0\u00bbdefault\u00a0\u00bb custom_padding=\u00a0\u00bb|20px||20px|false|false\u00a0\u00bb][\/et_pb_image][\/et_pb_column][\/et_pb_row][\/et_pb_section][et_pb_section fb_built=\u00a0\u00bb1&Prime; _builder_version=\u00a0\u00bb4.7.4&Prime; _module_preset=\u00a0\u00bbdefault\u00a0\u00bb][et_pb_row _builder_version=\u00a0\u00bb4.7.4&Prime; _module_preset=\u00a0\u00bbdefault\u00a0\u00bb][et_pb_column type=\u00a0\u00bb4_4&Prime; _builder_version=\u00a0\u00bb4.7.4&Prime; _module_preset=\u00a0\u00bbdefault\u00a0\u00bb][et_pb_button button_url=\u00a0\u00bbhttps:\/\/smart4health.eu\/fr\/?page_id=13502&Prime; button_text=\u00a0\u00bbPlus de cas d&rsquo;utilisation\u00a0\u00bb button_alignment=\u00a0\u00bbcenter\u00a0\u00bb _builder_version=\u00a0\u00bb4.8.2&Prime; _module_preset=\u00a0\u00bbdefault\u00a0\u00bb custom_margin=\u00a0\u00bb-1px|||||\u00a0\u00bb][\/et_pb_button][\/et_pb_column][\/et_pb_row][et_pb_row _builder_version=\u00a0\u00bb4.9.7&Prime; _module_preset=\u00a0\u00bbdefault\u00a0\u00bb][et_pb_column type=\u00a0\u00bb4_4&Prime; _builder_version=\u00a0\u00bb4.9.7&Prime; _module_preset=\u00a0\u00bbdefault\u00a0\u00bb][et_pb_text admin_label=\u00a0\u00bbTitle\u00a0\u00bb _builder_version=\u00a0\u00bb4.8.1&Prime; text_font=\u00a0\u00bbPoppins||||||||\u00a0\u00bb text_line_height=\u00a0\u00bb1.8em\u00a0\u00bb header_font=\u00a0\u00bb||||||||\u00a0\u00bb header_2_font=\u00a0\u00bbPoppins|600|||||||\u00a0\u00bb header_2_text_color=\u00a0\u00bb#3d9faf\u00a0\u00bb header_2_font_size=\u00a0\u00bb36px\u00a0\u00bb header_2_line_height=\u00a0\u00bb1.4em\u00a0\u00bb max_width=\u00a0\u00bb550px\u00a0\u00bb min_height=\u00a0\u00bb51px\u00a0\u00bb custom_margin=\u00a0\u00bb||52px|-2px||\u00a0\u00bb custom_padding=\u00a0\u00bb26px|0px|0px|||\u00a0\u00bb animation_style=\u00a0\u00bbfold\u00a0\u00bb animation_direction=\u00a0\u00bbleft\u00a0\u00bb animation_intensity_fold=\u00a0\u00bb10%\u00a0\u00bb animation_starting_opacity=\u00a0\u00bb100%\u00a0\u00bb locked=\u00a0\u00bboff\u00a0\u00bb inline_fonts=\u00a0\u00bbPoppins\u00a0\u00bb]<\/p>\n<h2><span style=\"font-family: Poppins; font-size: x-large;\">Contact<\/span><\/h2>\n<p>[\/et_pb_text][et_pb_text _builder_version=\u00a0\u00bb4.9.7&Prime; _module_preset=\u00a0\u00bbdefault\u00a0\u00bb custom_margin=\u00a0\u00bb-40px|||||\u00a0\u00bb custom_padding=\u00a0\u00bb||0px|||\u00a0\u00bb hover_enabled=\u00a0\u00bb0&Prime; sticky_enabled=\u00a0\u00bb0&Prime;]<\/p>\n<p><span style=\"font-size: large;\">Si vous avez des questions ou des commentaires, n\u2019h\u00e9sitez pas \u00e0 nous envoyer un courriel. <\/span><span style=\"font-size: large;\"><\/span><span style=\"font-size: large;\"><\/span><span style=\"font-size: large;\"><\/span><strong><span style=\"font-size: large; color: #31a1ad;\"><\/span><\/strong><\/p>\n<p>[\/et_pb_text][et_pb_button button_url=\u00a0\u00bbmailto:CUC_4@smart4health.eu\u00a0\u00bb button_text=\u00a0\u00bbCUC_4@smart4health.eu\u00a0\u00bb button_alignment=\u00a0\u00bbcenter\u00a0\u00bb _builder_version=\u00a0\u00bb4.9.7&Prime; _module_preset=\u00a0\u00bbdefault\u00a0\u00bb][\/et_pb_button][\/et_pb_column][\/et_pb_row][\/et_pb_section]<\/p>\n","protected":false},"excerpt":{"rendered":"<p>Smart4Health sur le lieu de travail Acc\u00e9dez \u00e0 vos donn\u00e9es de sant\u00e9 et g\u00e9rez-les \u00e0 tout moment et en tout lieu #CUC4_Aachen #S4H_Aachen #occupational_health_managament #life_workplace_health #ehealth #gesundheitsmanagement #digitalisierung #bgm #gesundheit #gesunde_unternehmenO\u00f9 ? Aix-la-Chapelle, Allemagne Qui ? Salari\u00e9s des entreprises Quoi ? Nous offrons une formation sp\u00e9cifique aux employ\u00e9s pour renforcer les muscles du bas du [&hellip;]<\/p>\n","protected":false},"author":10,"featured_media":0,"parent":0,"menu_order":0,"comment_status":"closed","ping_status":"closed","template":"","meta":{"_et_pb_use_builder":"on","_et_pb_old_content":"","_et_gb_content_width":""},"yoast_head":"<!-- This site is optimized with the Yoast SEO plugin v20.6 - https:\/\/yoast.com\/wordpress\/plugins\/seo\/ -->\n<title>Cas d\u2019utilisation: Smart4Health sur le lieu de travail - Smart4Health<\/title>\n<meta name=\"robots\" content=\"index, follow, max-snippet:-1, max-image-preview:large, max-video-preview:-1\" \/>\n<link rel=\"canonical\" href=\"https:\/\/smart4health.eu\/fr\/cas-dutilisation-smart4health-sur-le-lieu-de-travail\/\" \/>\n<meta property=\"og:locale\" content=\"fr_FR\" \/>\n<meta property=\"og:type\" content=\"article\" \/>\n<meta property=\"og:title\" content=\"Cas d\u2019utilisation: Smart4Health sur le lieu de travail - Smart4Health\" \/>\n<meta property=\"og:description\" content=\"Smart4Health sur le lieu de travail Acc\u00e9dez \u00e0 vos donn\u00e9es de sant\u00e9 et g\u00e9rez-les \u00e0 tout moment et en tout lieu #CUC4_Aachen #S4H_Aachen #occupational_health_managament #life_workplace_health #ehealth #gesundheitsmanagement #digitalisierung #bgm #gesundheit #gesunde_unternehmenO\u00f9 ? Aix-la-Chapelle, Allemagne Qui ? Salari\u00e9s des entreprises Quoi ? Nous offrons une formation sp\u00e9cifique aux employ\u00e9s pour renforcer les muscles du bas du [&hellip;]\" \/>\n<meta property=\"og:url\" content=\"https:\/\/smart4health.eu\/fr\/cas-dutilisation-smart4health-sur-le-lieu-de-travail\/\" \/>\n<meta property=\"og:site_name\" content=\"Smart4Health\" \/>\n<meta property=\"article:modified_time\" content=\"2021-07-09T12:10:14+00:00\" \/>\n<meta name=\"twitter:card\" content=\"summary_large_image\" \/>\n<meta name=\"twitter:label1\" content=\"Dur\u00e9e de lecture estim\u00e9e\" \/>\n\t<meta name=\"twitter:data1\" content=\"2 minutes\" \/>\n<script type=\"application\/ld+json\" class=\"yoast-schema-graph\">{\"@context\":\"https:\/\/schema.org\",\"@graph\":[{\"@type\":\"WebPage\",\"@id\":\"https:\/\/smart4health.eu\/fr\/cas-dutilisation-smart4health-sur-le-lieu-de-travail\/\",\"url\":\"https:\/\/smart4health.eu\/fr\/cas-dutilisation-smart4health-sur-le-lieu-de-travail\/\",\"name\":\"Cas d\u2019utilisation: Smart4Health sur le lieu de travail - Smart4Health\",\"isPartOf\":{\"@id\":\"https:\/\/smart4health.eu\/fr\/en\/#website\"},\"datePublished\":\"2021-02-02T13:01:01+00:00\",\"dateModified\":\"2021-07-09T12:10:14+00:00\",\"breadcrumb\":{\"@id\":\"https:\/\/smart4health.eu\/fr\/cas-dutilisation-smart4health-sur-le-lieu-de-travail\/#breadcrumb\"},\"inLanguage\":\"fr-FR\",\"potentialAction\":[{\"@type\":\"ReadAction\",\"target\":[\"https:\/\/smart4health.eu\/fr\/cas-dutilisation-smart4health-sur-le-lieu-de-travail\/\"]}]},{\"@type\":\"BreadcrumbList\",\"@id\":\"https:\/\/smart4health.eu\/fr\/cas-dutilisation-smart4health-sur-le-lieu-de-travail\/#breadcrumb\",\"itemListElement\":[{\"@type\":\"ListItem\",\"position\":1,\"name\":\"Startseite\",\"item\":\"https:\/\/smart4health.eu\/fr\/\"},{\"@type\":\"ListItem\",\"position\":2,\"name\":\"Cas d\u2019utilisation: Smart4Health sur le lieu de travail\"}]},{\"@type\":\"WebSite\",\"@id\":\"https:\/\/smart4health.eu\/fr\/en\/#website\",\"url\":\"https:\/\/smart4health.eu\/fr\/en\/\",\"name\":\"Smart4Health\",\"description\":\"\",\"potentialAction\":[{\"@type\":\"SearchAction\",\"target\":{\"@type\":\"EntryPoint\",\"urlTemplate\":\"https:\/\/smart4health.eu\/fr\/en\/?s={search_term_string}\"},\"query-input\":\"required name=search_term_string\"}],\"inLanguage\":\"fr-FR\"}]}<\/script>\n<!-- \/ Yoast SEO plugin. -->","yoast_head_json":{"title":"Cas d\u2019utilisation: Smart4Health sur le lieu de travail - Smart4Health","robots":{"index":"index","follow":"follow","max-snippet":"max-snippet:-1","max-image-preview":"max-image-preview:large","max-video-preview":"max-video-preview:-1"},"canonical":"https:\/\/smart4health.eu\/fr\/cas-dutilisation-smart4health-sur-le-lieu-de-travail\/","og_locale":"fr_FR","og_type":"article","og_title":"Cas d\u2019utilisation: Smart4Health sur le lieu de travail - Smart4Health","og_description":"Smart4Health sur le lieu de travail Acc\u00e9dez \u00e0 vos donn\u00e9es de sant\u00e9 et g\u00e9rez-les \u00e0 tout moment et en tout lieu #CUC4_Aachen #S4H_Aachen #occupational_health_managament #life_workplace_health #ehealth #gesundheitsmanagement #digitalisierung #bgm #gesundheit #gesunde_unternehmenO\u00f9 ? Aix-la-Chapelle, Allemagne Qui ? Salari\u00e9s des entreprises Quoi ? Nous offrons une formation sp\u00e9cifique aux employ\u00e9s pour renforcer les muscles du bas du [&hellip;]","og_url":"https:\/\/smart4health.eu\/fr\/cas-dutilisation-smart4health-sur-le-lieu-de-travail\/","og_site_name":"Smart4Health","article_modified_time":"2021-07-09T12:10:14+00:00","twitter_card":"summary_large_image","twitter_misc":{"Dur\u00e9e de lecture estim\u00e9e":"2 minutes"},"schema":{"@context":"https:\/\/schema.org","@graph":[{"@type":"WebPage","@id":"https:\/\/smart4health.eu\/fr\/cas-dutilisation-smart4health-sur-le-lieu-de-travail\/","url":"https:\/\/smart4health.eu\/fr\/cas-dutilisation-smart4health-sur-le-lieu-de-travail\/","name":"Cas d\u2019utilisation: Smart4Health sur le lieu de travail - Smart4Health","isPartOf":{"@id":"https:\/\/smart4health.eu\/fr\/en\/#website"},"datePublished":"2021-02-02T13:01:01+00:00","dateModified":"2021-07-09T12:10:14+00:00","breadcrumb":{"@id":"https:\/\/smart4health.eu\/fr\/cas-dutilisation-smart4health-sur-le-lieu-de-travail\/#breadcrumb"},"inLanguage":"fr-FR","potentialAction":[{"@type":"ReadAction","target":["https:\/\/smart4health.eu\/fr\/cas-dutilisation-smart4health-sur-le-lieu-de-travail\/"]}]},{"@type":"BreadcrumbList","@id":"https:\/\/smart4health.eu\/fr\/cas-dutilisation-smart4health-sur-le-lieu-de-travail\/#breadcrumb","itemListElement":[{"@type":"ListItem","position":1,"name":"Startseite","item":"https:\/\/smart4health.eu\/fr\/"},{"@type":"ListItem","position":2,"name":"Cas d\u2019utilisation: Smart4Health sur le lieu de travail"}]},{"@type":"WebSite","@id":"https:\/\/smart4health.eu\/fr\/en\/#website","url":"https:\/\/smart4health.eu\/fr\/en\/","name":"Smart4Health","description":"","potentialAction":[{"@type":"SearchAction","target":{"@type":"EntryPoint","urlTemplate":"https:\/\/smart4health.eu\/fr\/en\/?s={search_term_string}"},"query-input":"required name=search_term_string"}],"inLanguage":"fr-FR"}]}},"_links":{"self":[{"href":"https:\/\/smart4health.eu\/fr\/wp-json\/wp\/v2\/pages\/13481"}],"collection":[{"href":"https:\/\/smart4health.eu\/fr\/wp-json\/wp\/v2\/pages"}],"about":[{"href":"https:\/\/smart4health.eu\/fr\/wp-json\/wp\/v2\/types\/page"}],"author":[{"embeddable":true,"href":"https:\/\/smart4health.eu\/fr\/wp-json\/wp\/v2\/users\/10"}],"replies":[{"embeddable":true,"href":"https:\/\/smart4health.eu\/fr\/wp-json\/wp\/v2\/comments?post=13481"}],"version-history":[{"count":7,"href":"https:\/\/smart4health.eu\/fr\/wp-json\/wp\/v2\/pages\/13481\/revisions"}],"predecessor-version":[{"id":15038,"href":"https:\/\/smart4health.eu\/fr\/wp-json\/wp\/v2\/pages\/13481\/revisions\/15038"}],"wp:attachment":[{"href":"https:\/\/smart4health.eu\/fr\/wp-json\/wp\/v2\/media?parent=13481"}],"curies":[{"name":"wp","href":"https:\/\/api.w.org\/{rel}","templated":true}]}}