

{"id":9283,"date":"2020-08-16T12:53:20","date_gmt":"2020-08-16T10:53:20","guid":{"rendered":"https:\/\/smart4health.testing.linux15.3pc.de\/impressum\/"},"modified":"2021-06-03T14:07:38","modified_gmt":"2021-06-03T12:07:38","slug":"aviso-legal","status":"publish","type":"page","link":"https:\/\/smart4health.eu\/es\/aviso-legal\/","title":{"rendered":"Aviso legal"},"content":{"rendered":"\n[et_pb_section fb_built=\u00bb1&#8243; _builder_version=\u00bb4.5.1&#8243; _module_preset=\u00bbdefault\u00bb background_color=\u00bb#ffffff\u00bb custom_margin=\u00bb0px||||false|false\u00bb][et_pb_row _builder_version=\u00bb4.5.1&#8243; _module_preset=\u00bbdefault\u00bb background_color=\u00bb#ffffff\u00bb][et_pb_column type=\u00bb4_4&#8243; _builder_version=\u00bb4.5.1&#8243; _module_preset=\u00bbdefault\u00bb][et_pb_text _builder_version=\u00bb4.9.4&#8243; _module_preset=\u00bbdefault\u00bb hover_enabled=\u00bb0&#8243; sticky_enabled=\u00bb0&#8243;]<p><strong>Hasso-Plattner-Institut f\u00fcr Digital Engineering gGmbH<\/strong><br \/>Prof.-Dr.-Helmert-Str. 2-3<br \/>14482 Potsdam<br \/>Telefon: +49 (0)331 \/ 5509-0<br \/>Telefax: +49 (0)331 \/ 5509-129<br \/>E-Mail: hpi-info(at)hpi.de<br \/>Sitio web: www.hpi.de<\/p>\n<p>Domicilio social: Potsdam<br \/>Registro del tribunal: AG Potsdam, HRB 12184 P<br \/>Director General: Prof. Dr. Christoph Meinel (CEO), Dr. Marcus K\u00f6lling (CFO)<\/p>\n<p><strong>Responsables del contenido:<\/strong><br \/>Dr. Attila Wohlbrandt<\/p>\n<p><strong>Editor:<\/strong><br \/>Consorcio Smart4Health<\/p>\n<p><strong><\/strong><\/p>\n<p><strong>Textos:<\/strong><br \/>Consorcio Smart4Health<\/p>\n<p><strong>Informaci\u00f3n legal:<\/strong><br \/>El consorcio Smart4Health revisa y actualiza constantemente la informaci\u00f3n de sus p\u00e1ginas web. A pesar de asegurar un m\u00e1ximo cuidado, no podemos descartar que algunos de los datos puedan haber quedado obsoletos. Por lo tanto, no podemos aceptar responsabilidad por la actualidad, exactitud e integridad de la informaci\u00f3n mostrada. Lo mismo se aplica a todas las dem\u00e1s p\u00e1ginas web a las que se puede acceder a trav\u00e9s de un hiperv\u00ednculo. El consorcio no es responsable del contenido de los sitios web a los que se puede acceder a trav\u00e9s de estos enlaces. Adem\u00e1s, el consorcio se reserva el derecho de hacer cambios o adiciones a la informaci\u00f3n mostrada. El contenido y la estructura del sitio web de Smart4Health est\u00e1n protegidos por derechos de autor. La reproducci\u00f3n de informaci\u00f3n o datos, en particular el uso de textos, extractos de textos o material ilustrativo, requiere nuestra aprobaci\u00f3n previa.<\/p>\n<p><strong>Aviso de privacidad:<\/strong><br \/>Consulte el aviso de privacidad para m\u00e1s informaci\u00f3n.<\/p>\n<p><strong>Pol\u00edtica de privacidad de datos<\/strong><br \/>Los socios del consorcio del proyecto Smart4Health son responsables de todo el contenido interno del sitio web. En caso de cr\u00edticas o comentarios sobre el contenido, p\u00f3ngase en contacto con el Dr. Attila Wohlbrandt (attila.wohlbrandt@hpi.de).<\/p>\n<p><strong>Derechos de autor<\/strong><br \/>Este sitio web y su contenido est\u00e1n sujetos a los derechos de autor y a la legislaci\u00f3n alemana sobre derechos de autor. La reproducci\u00f3n no autorizada fuera de los l\u00edmites estrictos de la Ley de Derechos de Autor est\u00e1 prohibida sin el consentimiento por escrito del consorcio.<\/p>\n<p><strong>Responsabilidad por contenido recuperable<br \/><\/strong>Los contenidos recuperables no garantizan la exactitud, usabilidad y\/o integridad de los mismos. La informaci\u00f3n legal no es vinculante y, por lo tanto, no es jur\u00eddicamente vinculante. Por el contrario, tienen un car\u00e1cter informativo sin que se garantice su exactitud.<\/p>\n<p><strong>Responsabilidad por los enlaces<br \/><\/strong>Los enlaces externos a ofertas de terceros que conducen a contenidos de los respectivos proveedores no son los del consorcio. Estas referencias son reconocibles como tales por el contexto o se marcan por separado. El consorcio no tiene ninguna influencia sobre el contenido que se ofrece en \u00e9l y no asume este contenido como propio a trav\u00e9s de los enlaces.<\/p>\n<p><strong>Cr\u00e9ditos por las fotograf\u00edas<\/strong><br \/>Los derechos de autor de las figuras e im\u00e1genes pertenecen al consorcio Smart4Health, a menos que se indique claramente lo contrario.<\/p>\n<p>&nbsp;<\/p>[\/et_pb_text][\/et_pb_column][\/et_pb_row][\/et_pb_section][et_pb_section fb_built=\u00bb1&#8243; fullwidth=\u00bbon\u00bb _builder_version=\u00bb4.5.1&#8243; _module_preset=\u00bbdefault\u00bb][et_pb_text_extender _builder_version=\u00bb4.5.1&#8243; _module_preset=\u00bbdefault\u00bb][\/et_pb_text_extender][\/et_pb_section][et_pb_section fb_built=\u00bb1&#8243; fullwidth=\u00bbon\u00bb _builder_version=\u00bb4.5.1&#8243; _module_preset=\u00bbdefault\u00bb][et_pb_text_extender _builder_version=\u00bb4.5.1&#8243; _module_preset=\u00bbdefault\u00bb][\/et_pb_text_extender][\/et_pb_section]\n","protected":false},"excerpt":{"rendered":"<p>Hasso-Plattner-Institut f\u00fcr Digital Engineering gGmbHProf.-Dr.-Helmert-Str. 2-314482 PotsdamTelefon: +49 (0)331 \/ 5509-0Telefax: +49 (0)331 \/ 5509-129E-Mail: hpi-info(at)hpi.deSitio web: www.hpi.de Domicilio social: PotsdamRegistro del tribunal: AG Potsdam, HRB 12184 PDirector General: Prof. Dr. Christoph Meinel (CEO), Dr. Marcus K\u00f6lling (CFO) Responsables del contenido:Dr. Attila Wohlbrandt Editor:Consorcio Smart4Health Textos:Consorcio Smart4Health Informaci\u00f3n legal:El consorcio Smart4Health revisa y actualiza constantemente [&hellip;]<\/p>\n","protected":false},"author":10,"featured_media":0,"parent":0,"menu_order":0,"comment_status":"closed","ping_status":"closed","template":"","meta":{"_et_pb_use_builder":"on","_et_pb_old_content":"","_et_gb_content_width":""},"yoast_head":"<!-- This site is optimized with the Yoast SEO plugin v20.6 - https:\/\/yoast.com\/wordpress\/plugins\/seo\/ -->\n<title>Aviso legal - Smart4Health<\/title>\n<meta name=\"robots\" content=\"index, follow, max-snippet:-1, max-image-preview:large, max-video-preview:-1\" \/>\n<link rel=\"canonical\" href=\"https:\/\/smart4health.eu\/es\/aviso-legal\/\" \/>\n<meta property=\"og:locale\" content=\"es_ES\" \/>\n<meta property=\"og:type\" content=\"article\" \/>\n<meta property=\"og:title\" content=\"Aviso legal - Smart4Health\" \/>\n<meta property=\"og:description\" content=\"Hasso-Plattner-Institut f\u00fcr Digital Engineering gGmbHProf.-Dr.-Helmert-Str. 2-314482 PotsdamTelefon: +49 (0)331 \/ 5509-0Telefax: +49 (0)331 \/ 5509-129E-Mail: hpi-info(at)hpi.deSitio web: www.hpi.de Domicilio social: PotsdamRegistro del tribunal: AG Potsdam, HRB 12184 PDirector General: Prof. Dr. Christoph Meinel (CEO), Dr. Marcus K\u00f6lling (CFO) Responsables del contenido:Dr. Attila Wohlbrandt Editor:Consorcio Smart4Health Textos:Consorcio Smart4Health Informaci\u00f3n legal:El consorcio Smart4Health revisa y actualiza constantemente [&hellip;]\" \/>\n<meta property=\"og:url\" content=\"https:\/\/smart4health.eu\/es\/aviso-legal\/\" \/>\n<meta property=\"og:site_name\" content=\"Smart4Health\" \/>\n<meta property=\"article:modified_time\" content=\"2021-06-03T12:07:38+00:00\" \/>\n<meta name=\"twitter:card\" content=\"summary_large_image\" \/>\n<meta name=\"twitter:label1\" content=\"Tiempo de lectura\" \/>\n\t<meta name=\"twitter:data1\" content=\"3 minutos\" \/>\n<script type=\"application\/ld+json\" class=\"yoast-schema-graph\">{\"@context\":\"https:\/\/schema.org\",\"@graph\":[{\"@type\":\"WebPage\",\"@id\":\"https:\/\/smart4health.eu\/es\/aviso-legal\/\",\"url\":\"https:\/\/smart4health.eu\/es\/aviso-legal\/\",\"name\":\"Aviso legal - Smart4Health\",\"isPartOf\":{\"@id\":\"https:\/\/smart4health.eu\/es\/en\/#website\"},\"datePublished\":\"2020-08-16T10:53:20+00:00\",\"dateModified\":\"2021-06-03T12:07:38+00:00\",\"breadcrumb\":{\"@id\":\"https:\/\/smart4health.eu\/es\/aviso-legal\/#breadcrumb\"},\"inLanguage\":\"es\",\"potentialAction\":[{\"@type\":\"ReadAction\",\"target\":[\"https:\/\/smart4health.eu\/es\/aviso-legal\/\"]}]},{\"@type\":\"BreadcrumbList\",\"@id\":\"https:\/\/smart4health.eu\/es\/aviso-legal\/#breadcrumb\",\"itemListElement\":[{\"@type\":\"ListItem\",\"position\":1,\"name\":\"Startseite\",\"item\":\"https:\/\/smart4health.eu\/es\/\"},{\"@type\":\"ListItem\",\"position\":2,\"name\":\"Aviso legal\"}]},{\"@type\":\"WebSite\",\"@id\":\"https:\/\/smart4health.eu\/es\/en\/#website\",\"url\":\"https:\/\/smart4health.eu\/es\/en\/\",\"name\":\"Smart4Health\",\"description\":\"\",\"potentialAction\":[{\"@type\":\"SearchAction\",\"target\":{\"@type\":\"EntryPoint\",\"urlTemplate\":\"https:\/\/smart4health.eu\/es\/en\/?s={search_term_string}\"},\"query-input\":\"required name=search_term_string\"}],\"inLanguage\":\"es\"}]}<\/script>\n<!-- \/ Yoast SEO plugin. -->","yoast_head_json":{"title":"Aviso legal - Smart4Health","robots":{"index":"index","follow":"follow","max-snippet":"max-snippet:-1","max-image-preview":"max-image-preview:large","max-video-preview":"max-video-preview:-1"},"canonical":"https:\/\/smart4health.eu\/es\/aviso-legal\/","og_locale":"es_ES","og_type":"article","og_title":"Aviso legal - Smart4Health","og_description":"Hasso-Plattner-Institut f\u00fcr Digital Engineering gGmbHProf.-Dr.-Helmert-Str. 2-314482 PotsdamTelefon: +49 (0)331 \/ 5509-0Telefax: +49 (0)331 \/ 5509-129E-Mail: hpi-info(at)hpi.deSitio web: www.hpi.de Domicilio social: PotsdamRegistro del tribunal: AG Potsdam, HRB 12184 PDirector General: Prof. Dr. Christoph Meinel (CEO), Dr. Marcus K\u00f6lling (CFO) Responsables del contenido:Dr. Attila Wohlbrandt Editor:Consorcio Smart4Health Textos:Consorcio Smart4Health Informaci\u00f3n legal:El consorcio Smart4Health revisa y actualiza constantemente [&hellip;]","og_url":"https:\/\/smart4health.eu\/es\/aviso-legal\/","og_site_name":"Smart4Health","article_modified_time":"2021-06-03T12:07:38+00:00","twitter_card":"summary_large_image","twitter_misc":{"Tiempo de lectura":"3 minutos"},"schema":{"@context":"https:\/\/schema.org","@graph":[{"@type":"WebPage","@id":"https:\/\/smart4health.eu\/es\/aviso-legal\/","url":"https:\/\/smart4health.eu\/es\/aviso-legal\/","name":"Aviso legal - Smart4Health","isPartOf":{"@id":"https:\/\/smart4health.eu\/es\/en\/#website"},"datePublished":"2020-08-16T10:53:20+00:00","dateModified":"2021-06-03T12:07:38+00:00","breadcrumb":{"@id":"https:\/\/smart4health.eu\/es\/aviso-legal\/#breadcrumb"},"inLanguage":"es","potentialAction":[{"@type":"ReadAction","target":["https:\/\/smart4health.eu\/es\/aviso-legal\/"]}]},{"@type":"BreadcrumbList","@id":"https:\/\/smart4health.eu\/es\/aviso-legal\/#breadcrumb","itemListElement":[{"@type":"ListItem","position":1,"name":"Startseite","item":"https:\/\/smart4health.eu\/es\/"},{"@type":"ListItem","position":2,"name":"Aviso legal"}]},{"@type":"WebSite","@id":"https:\/\/smart4health.eu\/es\/en\/#website","url":"https:\/\/smart4health.eu\/es\/en\/","name":"Smart4Health","description":"","potentialAction":[{"@type":"SearchAction","target":{"@type":"EntryPoint","urlTemplate":"https:\/\/smart4health.eu\/es\/en\/?s={search_term_string}"},"query-input":"required name=search_term_string"}],"inLanguage":"es"}]}},"_links":{"self":[{"href":"https:\/\/smart4health.eu\/es\/wp-json\/wp\/v2\/pages\/9283"}],"collection":[{"href":"https:\/\/smart4health.eu\/es\/wp-json\/wp\/v2\/pages"}],"about":[{"href":"https:\/\/smart4health.eu\/es\/wp-json\/wp\/v2\/types\/page"}],"author":[{"embeddable":true,"href":"https:\/\/smart4health.eu\/es\/wp-json\/wp\/v2\/users\/10"}],"replies":[{"embeddable":true,"href":"https:\/\/smart4health.eu\/es\/wp-json\/wp\/v2\/comments?post=9283"}],"version-history":[{"count":9,"href":"https:\/\/smart4health.eu\/es\/wp-json\/wp\/v2\/pages\/9283\/revisions"}],"predecessor-version":[{"id":14907,"href":"https:\/\/smart4health.eu\/es\/wp-json\/wp\/v2\/pages\/9283\/revisions\/14907"}],"wp:attachment":[{"href":"https:\/\/smart4health.eu\/es\/wp-json\/wp\/v2\/media?parent=9283"}],"curies":[{"name":"wp","href":"https:\/\/api.w.org\/{rel}","templated":true}]}}