

{"id":9258,"date":"2020-08-16T20:16:35","date_gmt":"2020-08-16T18:16:35","guid":{"rendered":"https:\/\/smart4health.testing.linux15.3pc.de\/services-und-apps\/"},"modified":"2020-11-04T14:26:51","modified_gmt":"2020-11-04T13:26:51","slug":"servicio-y-functiones","status":"publish","type":"page","link":"https:\/\/smart4health.eu\/es\/servicio-y-functiones\/","title":{"rendered":"Servicio y functiones"},"content":{"rendered":"\n\n[et_pb_section fb_built=\u00bb1&#8243; _builder_version=\u00bb4.5.1&#8243; _module_preset=\u00bbdefault\u00bb background_color=\u00bb#ffffff\u00bb custom_margin=\u00bb||||false|false\u00bb][et_pb_row _builder_version=\u00bb4.5.1&#8243; _module_preset=\u00bbdefault\u00bb background_color=\u00bb#ffffff\u00bb custom_margin=\u00bb||20px||false|false\u00bb][et_pb_column type=\u00bb4_4&#8243; _builder_version=\u00bb4.5.1&#8243; _module_preset=\u00bbdefault\u00bb][et_pb_text _builder_version=\u00bb4.6.6&#8243; _module_preset=\u00bbdefault\u00bb custom_padding=\u00bb||0px|||\u00bb]<p><span>El servicio Smart4Health le ofrecer\u00e1 varias funciones para administrar y compartir de forma selectiva sus datos de salud personales. Despu\u00e9s del proceso de registro, se le dirigir\u00e1 a un panel que le proporcionar\u00e1 una descripci\u00f3n general de las diferentes funciones que se denominan \u00abMyHealthview\u00bb, \u00abMob.E.Health\u00bb, \u00abMyTrusted\u00bb, \u00abMyTime\u00bb, \u00abMyWork\u00bb y \u00abMyScience\u00bb. Puesto que estas funciones son parte del proceso de desarrollo, se les a\u00f1adir\u00e1 m\u00e1s informaci\u00f3n, cambiar\u00e1n y ser\u00e1n perfeccionadas con el tiempo al incluir comentarios de los usuarios y compromisos con ellos.<\/span><\/p>[\/et_pb_text][\/et_pb_column][\/et_pb_row][et_pb_row _builder_version=\u00bb4.5.1&#8243; _module_preset=\u00bbdefault\u00bb background_color=\u00bb#ffffff\u00bb custom_margin=\u00bb||20px||false|false\u00bb][et_pb_column type=\u00bb4_4&#8243; _builder_version=\u00bb4.5.1&#8243; _module_preset=\u00bbdefault\u00bb][et_pb_accordion open_toggle_text_color=\u00bb#35a1ad\u00bb _builder_version=\u00bb4.6.6&#8243; _module_preset=\u00bbdefault\u00bb toggle_text_color=\u00bb#35a1ad\u00bb toggle_level=\u00bbh3&#8243; toggle_font=\u00bb|600|||||||\u00bb toggle_font_size=\u00bb16px\u00bb][et_pb_accordion_item title=\u00bbMyTrusted\u00bb _builder_version=\u00bb4.5.1&#8243; _module_preset=\u00bbdefault\u00bb custom_css_main_element=\u00bbdisplay: none; \u00bb open=\u00bboff\u00bb]<span style=\"font-weight: 600;\">Comparte tu historial m\u00e9dico con tus allegados o el diagn\u00f3stico del especialista con el m\u00e9dico de cabecera. <\/span> <span>Si es tu madre la que necesita cuidados o tu marido el que acaba de someterse a una cirug\u00eda. Una vez que se concede acceso a tus registros, se pueden seguir las decisiones de tu m\u00e9dico o la evoluci\u00f3n de tu estado de salud. Puedes simplemente compartir tu historial m\u00e9dico con tus allegados mientras mantienes un control total sobre lo que pueden acceder y durante cu\u00e1nto tiempo, independientemente de si se trata de un resumen del paciente con un m\u00e9dico en una emergencia, de una receta farmac\u00e9utica o de un acceso total para tu c\u00f3nyuge.<\/span>[\/et_pb_accordion_item][et_pb_accordion_item title=\u00bbMyTrusted\u00bb _builder_version=\u00bb4.5.1&#8243; _module_preset=\u00bbdefault\u00bb open=\u00bbon\u00bb]<p><span>Esta funci\u00f3n le permite compartir cualquiera de sus datos de salud con personas en las que usted conf\u00ede. Usted decide qu\u00e9 datos e informaci\u00f3n quiere compartir y con qui\u00e9n. Por ejemplo, con profesionales sanitarios o con miembros de su familia. Esta funci\u00f3n tambi\u00e9n proporciona transparencia en el flujo de actividades, al mostrar qui\u00e9n ha tenido acceso a qu\u00e9 datos.<\/span><\/p>[\/et_pb_accordion_item][et_pb_accordion_item title=\u00bbMyHealthView\u00bb _builder_version=\u00bb4.5.1&#8243; _module_preset=\u00bbdefault\u00bb open=\u00bboff\u00bb]<p><span>Aqu\u00ed puede ver y administrar todos sus registros de salud personales, como los planes de medicaci\u00f3n, res\u00famenes del paciente, informes de diagn\u00f3stico e im\u00e1genes. Esta funci\u00f3n le permite encontrar f\u00e1cilmente toda la informaci\u00f3n que necesita, al poder filtrar, etiquetar y mostrarla de forma selectiva.<\/span><\/p>\n<p><span>\u00a0<\/span><\/p>[\/et_pb_accordion_item][et_pb_accordion_item title=\u00bbMyWork\/MyTime\u00bb _builder_version=\u00bb4.5.1&#8243; _module_preset=\u00bbdefault\u00bb open=\u00bboff\u00bb]<p><span>Con estas funciones, usted tendr\u00e1 la posibilidad de recopilar, almacenar y realizar un seguimiento de los datos relacionados con su salud (y generados por usted mismo) a partir de aplicaciones y dispositivos port\u00e1tiles (por ejemplo, aplicaciones de salud, rastreador de actividad f\u00edsica, etc.), as\u00ed como datos que podr\u00e1 recopilar en su lugar de trabajo (por ejemplo, una pulsera, un contador de pasos, etc.).<\/span><\/p>[\/et_pb_accordion_item][et_pb_accordion_item title=\u00bbMob.E.Health\u00bb _builder_version=\u00bb4.5.1&#8243; _module_preset=\u00bbdefault\u00bb open=\u00bboff\u00bb]<p><span>Con esta funci\u00f3n, usted puede predefinir un conjunto de informaci\u00f3n clave (como su medicaci\u00f3n, alergias, etc.) que se traducir\u00e1 a diferentes idiomas para compartirla en situaciones no planificadas con cualquier persona que necesite una comprensi\u00f3n r\u00e1pida de su estado de salud. Puede cambiar el contenido y los derechos de acceso a esta informaci\u00f3n clave en cualquier momento.<\/span><\/p>[\/et_pb_accordion_item][et_pb_accordion_item title=\u00bbMyScience\u00bb open=\u00bboff\u00bb _builder_version=\u00bb4.5.1&#8243; _module_preset=\u00bbdefault\u00bb]<p><span>Esta funci\u00f3n le brinda la posibilidad de proporcionar sus datos de salud para fines cient\u00edficos y de investigaci\u00f3n despu\u00e9s de completar de forma separada un formulario de consentimiento. Luego, usted puede seleccionar el prop\u00f3sito de su provisi\u00f3n de datos, decidir si desea proporcionar sus datos completos o solo partes seleccionadas, y si desea ser contactado nuevamente para obtener resultados de investigaci\u00f3n en un nivel general. El consentimiento para el suministro de datos tambi\u00e9n incluye la opci\u00f3n de revocar el consentimiento.<\/span><\/p>[\/et_pb_accordion_item][\/et_pb_accordion][\/et_pb_column][\/et_pb_row][\/et_pb_section][et_pb_section fb_built=\u00bb1&#8243; fullwidth=\u00bbon\u00bb _builder_version=\u00bb4.5.1&#8243; _module_preset=\u00bbdefault\u00bb][et_pb_text_extender _builder_version=\u00bb4.5.1&#8243; _module_preset=\u00bbdefault\u00bb][\/et_pb_text_extender][\/et_pb_section][et_pb_section fb_built=\u00bb1&#8243; fullwidth=\u00bbon\u00bb _builder_version=\u00bb4.5.1&#8243; _module_preset=\u00bbdefault\u00bb][et_pb_text_extender _builder_version=\u00bb4.5.1&#8243; _module_preset=\u00bbdefault\u00bb][\/et_pb_text_extender][\/et_pb_section]\n\n","protected":false},"excerpt":{"rendered":"<p>El servicio Smart4Health le ofrecer\u00e1 varias funciones para administrar y compartir de forma selectiva sus datos de salud personales. Despu\u00e9s del proceso de registro, se le dirigir\u00e1 a un panel que le proporcionar\u00e1 una descripci\u00f3n general de las diferentes funciones que se denominan \u00abMyHealthview\u00bb, \u00abMob.E.Health\u00bb, \u00abMyTrusted\u00bb, \u00abMyTime\u00bb, \u00abMyWork\u00bb y \u00abMyScience\u00bb. Puesto que estas funciones son [&hellip;]<\/p>\n","protected":false},"author":10,"featured_media":0,"parent":0,"menu_order":0,"comment_status":"closed","ping_status":"closed","template":"","meta":{"_et_pb_use_builder":"on","_et_pb_old_content":"","_et_gb_content_width":""},"yoast_head":"<!-- This site is optimized with the Yoast SEO plugin v20.6 - https:\/\/yoast.com\/wordpress\/plugins\/seo\/ -->\n<title>Servicio y functiones - Smart4Health<\/title>\n<meta name=\"robots\" content=\"index, follow, max-snippet:-1, max-image-preview:large, max-video-preview:-1\" \/>\n<link rel=\"canonical\" href=\"https:\/\/smart4health.eu\/es\/servicio-y-functiones\/\" \/>\n<meta property=\"og:locale\" content=\"es_ES\" \/>\n<meta property=\"og:type\" content=\"article\" \/>\n<meta property=\"og:title\" content=\"Servicio y functiones - Smart4Health\" \/>\n<meta property=\"og:description\" content=\"El servicio Smart4Health le ofrecer\u00e1 varias funciones para administrar y compartir de forma selectiva sus datos de salud personales. Despu\u00e9s del proceso de registro, se le dirigir\u00e1 a un panel que le proporcionar\u00e1 una descripci\u00f3n general de las diferentes funciones que se denominan &quot;MyHealthview&quot;, &quot;Mob.E.Health&quot;, &quot;MyTrusted&quot;, &quot;MyTime&quot;, &quot;MyWork&quot; y &quot;MyScience&quot;. Puesto que estas funciones son [&hellip;]\" \/>\n<meta property=\"og:url\" content=\"https:\/\/smart4health.eu\/es\/servicio-y-functiones\/\" \/>\n<meta property=\"og:site_name\" content=\"Smart4Health\" \/>\n<meta property=\"article:modified_time\" content=\"2020-11-04T13:26:51+00:00\" \/>\n<meta name=\"twitter:card\" content=\"summary_large_image\" \/>\n<meta name=\"twitter:label1\" content=\"Tiempo de lectura\" \/>\n\t<meta name=\"twitter:data1\" content=\"4 minutos\" \/>\n<script type=\"application\/ld+json\" class=\"yoast-schema-graph\">{\"@context\":\"https:\/\/schema.org\",\"@graph\":[{\"@type\":\"WebPage\",\"@id\":\"https:\/\/smart4health.eu\/es\/servicio-y-functiones\/\",\"url\":\"https:\/\/smart4health.eu\/es\/servicio-y-functiones\/\",\"name\":\"Servicio y functiones - Smart4Health\",\"isPartOf\":{\"@id\":\"https:\/\/smart4health.eu\/es\/en\/#website\"},\"datePublished\":\"2020-08-16T18:16:35+00:00\",\"dateModified\":\"2020-11-04T13:26:51+00:00\",\"breadcrumb\":{\"@id\":\"https:\/\/smart4health.eu\/es\/servicio-y-functiones\/#breadcrumb\"},\"inLanguage\":\"es\",\"potentialAction\":[{\"@type\":\"ReadAction\",\"target\":[\"https:\/\/smart4health.eu\/es\/servicio-y-functiones\/\"]}]},{\"@type\":\"BreadcrumbList\",\"@id\":\"https:\/\/smart4health.eu\/es\/servicio-y-functiones\/#breadcrumb\",\"itemListElement\":[{\"@type\":\"ListItem\",\"position\":1,\"name\":\"Startseite\",\"item\":\"https:\/\/smart4health.eu\/es\/\"},{\"@type\":\"ListItem\",\"position\":2,\"name\":\"Servicio y functiones\"}]},{\"@type\":\"WebSite\",\"@id\":\"https:\/\/smart4health.eu\/es\/en\/#website\",\"url\":\"https:\/\/smart4health.eu\/es\/en\/\",\"name\":\"Smart4Health\",\"description\":\"\",\"potentialAction\":[{\"@type\":\"SearchAction\",\"target\":{\"@type\":\"EntryPoint\",\"urlTemplate\":\"https:\/\/smart4health.eu\/es\/en\/?s={search_term_string}\"},\"query-input\":\"required name=search_term_string\"}],\"inLanguage\":\"es\"}]}<\/script>\n<!-- \/ Yoast SEO plugin. -->","yoast_head_json":{"title":"Servicio y functiones - Smart4Health","robots":{"index":"index","follow":"follow","max-snippet":"max-snippet:-1","max-image-preview":"max-image-preview:large","max-video-preview":"max-video-preview:-1"},"canonical":"https:\/\/smart4health.eu\/es\/servicio-y-functiones\/","og_locale":"es_ES","og_type":"article","og_title":"Servicio y functiones - Smart4Health","og_description":"El servicio Smart4Health le ofrecer\u00e1 varias funciones para administrar y compartir de forma selectiva sus datos de salud personales. Despu\u00e9s del proceso de registro, se le dirigir\u00e1 a un panel que le proporcionar\u00e1 una descripci\u00f3n general de las diferentes funciones que se denominan \"MyHealthview\", \"Mob.E.Health\", \"MyTrusted\", \"MyTime\", \"MyWork\" y \"MyScience\". Puesto que estas funciones son [&hellip;]","og_url":"https:\/\/smart4health.eu\/es\/servicio-y-functiones\/","og_site_name":"Smart4Health","article_modified_time":"2020-11-04T13:26:51+00:00","twitter_card":"summary_large_image","twitter_misc":{"Tiempo de lectura":"4 minutos"},"schema":{"@context":"https:\/\/schema.org","@graph":[{"@type":"WebPage","@id":"https:\/\/smart4health.eu\/es\/servicio-y-functiones\/","url":"https:\/\/smart4health.eu\/es\/servicio-y-functiones\/","name":"Servicio y functiones - Smart4Health","isPartOf":{"@id":"https:\/\/smart4health.eu\/es\/en\/#website"},"datePublished":"2020-08-16T18:16:35+00:00","dateModified":"2020-11-04T13:26:51+00:00","breadcrumb":{"@id":"https:\/\/smart4health.eu\/es\/servicio-y-functiones\/#breadcrumb"},"inLanguage":"es","potentialAction":[{"@type":"ReadAction","target":["https:\/\/smart4health.eu\/es\/servicio-y-functiones\/"]}]},{"@type":"BreadcrumbList","@id":"https:\/\/smart4health.eu\/es\/servicio-y-functiones\/#breadcrumb","itemListElement":[{"@type":"ListItem","position":1,"name":"Startseite","item":"https:\/\/smart4health.eu\/es\/"},{"@type":"ListItem","position":2,"name":"Servicio y functiones"}]},{"@type":"WebSite","@id":"https:\/\/smart4health.eu\/es\/en\/#website","url":"https:\/\/smart4health.eu\/es\/en\/","name":"Smart4Health","description":"","potentialAction":[{"@type":"SearchAction","target":{"@type":"EntryPoint","urlTemplate":"https:\/\/smart4health.eu\/es\/en\/?s={search_term_string}"},"query-input":"required name=search_term_string"}],"inLanguage":"es"}]}},"_links":{"self":[{"href":"https:\/\/smart4health.eu\/es\/wp-json\/wp\/v2\/pages\/9258"}],"collection":[{"href":"https:\/\/smart4health.eu\/es\/wp-json\/wp\/v2\/pages"}],"about":[{"href":"https:\/\/smart4health.eu\/es\/wp-json\/wp\/v2\/types\/page"}],"author":[{"embeddable":true,"href":"https:\/\/smart4health.eu\/es\/wp-json\/wp\/v2\/users\/10"}],"replies":[{"embeddable":true,"href":"https:\/\/smart4health.eu\/es\/wp-json\/wp\/v2\/comments?post=9258"}],"version-history":[{"count":15,"href":"https:\/\/smart4health.eu\/es\/wp-json\/wp\/v2\/pages\/9258\/revisions"}],"predecessor-version":[{"id":11870,"href":"https:\/\/smart4health.eu\/es\/wp-json\/wp\/v2\/pages\/9258\/revisions\/11870"}],"wp:attachment":[{"href":"https:\/\/smart4health.eu\/es\/wp-json\/wp\/v2\/media?parent=9258"}],"curies":[{"name":"wp","href":"https:\/\/api.w.org\/{rel}","templated":true}]}}