

{"id":13475,"date":"2021-02-02T14:17:09","date_gmt":"2021-02-02T13:17:09","guid":{"rendered":"https:\/\/smart4health.eu\/?page_id=13475"},"modified":"2021-07-09T14:20:48","modified_gmt":"2021-07-09T12:20:48","slug":"caso-de-uso-smart4health-en-el-lugar-de-trabajo","status":"publish","type":"page","link":"https:\/\/smart4health.eu\/es\/caso-de-uso-smart4health-en-el-lugar-de-trabajo\/","title":{"rendered":"Caso de uso: Smart4Health en el lugar de trabajo"},"content":{"rendered":"<p>[et_pb_section fb_built=\u00bb1&#8243; admin_label=\u00bbService Section\u00bb _builder_version=\u00bb4.7.4&#8243; background_color=\u00bb#ffffff\u00bb background_enable_image=\u00bboff\u00bb background_position=\u00bbtop_center\u00bb min_height=\u00bb115px\u00bb custom_margin=\u00bb21px|||||\u00bb custom_padding=\u00bb0px|0px|0px|0px||\u00bb][et_pb_row disabled_on=\u00bbon|off|off\u00bb _builder_version=\u00bb4.7.4&#8243; min_height=\u00bb109px\u00bb custom_margin=\u00bb-44px|auto||auto||\u00bb custom_padding=\u00bb1px|||||\u00bb][et_pb_column type=\u00bb4_4&#8243; _builder_version=\u00bb3.25&#8243; custom_padding=\u00bb|||\u00bb custom_padding__hover=\u00bb|||\u00bb][et_pb_text admin_label=\u00bbTitle\u00bb _builder_version=\u00bb4.8.2&#8243; text_font=\u00bbPoppins||||||||\u00bb text_font_size=\u00bb16px\u00bb text_line_height=\u00bb1.8em\u00bb header_font=\u00bb||||||||\u00bb header_font_size=\u00bb40px\u00bb header_2_font=\u00bbPoppins|600|||||||\u00bb header_2_text_color=\u00bb#3d9faf\u00bb header_2_font_size=\u00bb36px\u00bb header_2_line_height=\u00bb1.4em\u00bb max_width=\u00bb737px\u00bb min_height=\u00bb104px\u00bb custom_margin=\u00bb3px|-14px|55px|||\u00bb custom_padding=\u00bb0px|0px|0px|||\u00bb animation_style=\u00bbfold\u00bb animation_direction=\u00bbleft\u00bb animation_intensity_fold=\u00bb10%\u00bb animation_starting_opacity=\u00bb100%\u00bb]<\/p>\n<h2><strong>Smart4Health en el lugar de trabajo<br \/> <\/strong><\/h2>\n<p><strong>Acceda y administre sus datos de salud en cualquier momento y lugar<\/strong><\/p>\n<p><strong><\/strong><\/p>\n<p>[\/et_pb_text][\/et_pb_column][\/et_pb_row][\/et_pb_section][et_pb_section fb_built=\u00bb1&#8243; specialty=\u00bbon\u00bb admin_label=\u00bbCUC5&#8243; _builder_version=\u00bb4.8.2&#8243; _module_preset=\u00bbdefault\u00bb custom_margin=\u00bb-20px|||||\u00bb][et_pb_column type=\u00bb1_2&#8243; _builder_version=\u00bb3.25&#8243; custom_padding=\u00bb|||\u00bb custom_padding__hover=\u00bb|||\u00bb][et_pb_image src=\u00bbhttps:\/\/smart4health.eu\/wp-content\/uploads\/2021\/01\/20210112_CUC_Graphics_final_workplace.png\u00bb title_text=\u00bb20210112_CUC_Graphics_final_workplace\u00bb show_bottom_space=\u00bboff\u00bb force_fullwidth=\u00bbon\u00bb align_tablet=\u00bbcenter\u00bb align_phone=\u00bb\u00bb align_last_edited=\u00bbon|desktop\u00bb disabled_on=\u00bbon|off|off\u00bb _builder_version=\u00bb4.7.7&#8243; custom_margin=\u00bb|54px||||\u00bb custom_padding=\u00bb26px|77px||||\u00bb][\/et_pb_image][et_pb_text disabled_on=\u00bboff|off|off\u00bb admin_label=\u00bbTitle\u00bb _builder_version=\u00bb4.7.4&#8243; text_font=\u00bbPoppins||||||||\u00bb text_font_size=\u00bb16px\u00bb text_line_height=\u00bb1.8em\u00bb header_font=\u00bb||||||||\u00bb header_2_font=\u00bbPoppins|600|||||||\u00bb header_2_text_color=\u00bb#3d9faf\u00bb header_2_font_size=\u00bb36px\u00bb header_2_line_height=\u00bb1.4em\u00bb max_width=\u00bb904px\u00bb custom_margin=\u00bb||50px|||\u00bb custom_padding=\u00bb0px|102px||0px||\u00bb animation_style=\u00bbfold\u00bb animation_direction=\u00bbleft\u00bb animation_intensity_fold=\u00bb10%\u00bb animation_starting_opacity=\u00bb100%\u00bb inline_fonts=\u00bbPoppins\u00bb]<\/p>\n<p>#CUC4_Aachen #S4H_Aachen #occupational_health_managament #life_workplace_health #ehealth #gesundheitsmanagement #digitalisierung #bgm #gesundheit #gesunde_unternehmen<\/p>\n<p>[\/et_pb_text][\/et_pb_column][et_pb_column type=\u00bb1_2&#8243; specialty_columns=\u00bb2&#8243; _builder_version=\u00bb3.25&#8243; custom_padding=\u00bb|||\u00bb custom_padding__hover=\u00bb|||\u00bb][et_pb_row_inner column_structure=\u00bb1_2,1_2&#8243; _builder_version=\u00bb4.6.1&#8243; _module_preset=\u00bbdefault\u00bb min_height=\u00bb130px\u00bb custom_margin=\u00bb-28px||-33px|-2px||\u00bb custom_padding=\u00bb2px|||||\u00bb][et_pb_column_inner type=\u00bb1_2&#8243; saved_specialty_column_type=\u00bb1_2&#8243; _builder_version=\u00bb4.6.1&#8243; _module_preset=\u00bbdefault\u00bb][et_pb_text admin_label=\u00bbTitle\u00bb _builder_version=\u00bb4.8.2&#8243; text_font=\u00bbPoppins||||||||\u00bb text_line_height=\u00bb1.8em\u00bb header_font=\u00bb||||||||\u00bb header_2_font=\u00bbPoppins|600|||||||\u00bb header_2_text_color=\u00bb#3d9faf\u00bb header_2_font_size=\u00bb36px\u00bb header_2_line_height=\u00bb1.4em\u00bb max_width=\u00bb550px\u00bb min_height=\u00bb83px\u00bb custom_margin=\u00bb||-2px|-2px||\u00bb custom_padding=\u00bb|0px|0px|||\u00bb animation_style=\u00bbfold\u00bb animation_direction=\u00bbleft\u00bb animation_intensity_fold=\u00bb10%\u00bb animation_starting_opacity=\u00bb100%\u00bb inline_fonts=\u00bbPoppins\u00bb]<\/p>\n<h2><span style=\"font-size: x-large; font-family: Poppins;\">\u00bfD\u00f3nde?<br \/> <\/span><\/h2>\n<ul>\n<li>\n<p>Aquisgr\u00e1n, Alemania<\/p>\n<\/li>\n<\/ul>\n<p>[\/et_pb_text][\/et_pb_column_inner][et_pb_column_inner type=\u00bb1_2&#8243; saved_specialty_column_type=\u00bb1_2&#8243; _builder_version=\u00bb4.6.1&#8243; _module_preset=\u00bbdefault\u00bb][et_pb_text admin_label=\u00bbTitle\u00bb _builder_version=\u00bb4.8.2&#8243; text_font=\u00bbPoppins||||||||\u00bb text_font_size=\u00bb16px\u00bb text_line_height=\u00bb1.8em\u00bb header_font=\u00bb||||||||\u00bb header_2_font=\u00bbPoppins|600|||||||\u00bb header_2_text_color=\u00bb#3d9faf\u00bb header_2_font_size=\u00bb36px\u00bb header_2_line_height=\u00bb1.4em\u00bb max_width=\u00bb563px\u00bb custom_margin=\u00bb|||-1px||\u00bb custom_padding=\u00bb|0px|17px|0px||\u00bb animation_style=\u00bbfold\u00bb animation_direction=\u00bbleft\u00bb animation_intensity_fold=\u00bb10%\u00bb animation_starting_opacity=\u00bb100%\u00bb inline_fonts=\u00bbPoppins\u00bb]<\/p>\n<h2><span style=\"font-size: x-large; font-family: Poppins;\">\u00bfA qui\u00e9n?<br \/><\/span><\/h2>\n<ul>\n<li>\n<p>Empleados de empresas<\/p>\n<\/li>\n<\/ul>\n<p>[\/et_pb_text][\/et_pb_column_inner][\/et_pb_row_inner][et_pb_row_inner _builder_version=\u00bb4.6.1&#8243; _module_preset=\u00bbdefault\u00bb custom_padding=\u00bb0px|||||\u00bb][et_pb_column_inner saved_specialty_column_type=\u00bb1_2&#8243; _builder_version=\u00bb4.6.1&#8243; _module_preset=\u00bbdefault\u00bb][et_pb_text admin_label=\u00bbTitle\u00bb _builder_version=\u00bb4.8.2&#8243; text_font=\u00bbPoppins||||||||\u00bb text_font_size=\u00bb16px\u00bb text_line_height=\u00bb1.8em\u00bb header_font=\u00bb||||||||\u00bb header_2_font=\u00bbPoppins|600|||||||\u00bb header_2_text_color=\u00bb#3d9faf\u00bb header_2_font_size=\u00bb36px\u00bb header_2_line_height=\u00bb1.4em\u00bb max_width=\u00bb575px\u00bb min_height=\u00bb187px\u00bb custom_margin=\u00bb2px||-2px|-1px||\u00bb custom_padding=\u00bb|0px|0px|0px||\u00bb animation_style=\u00bbfold\u00bb animation_direction=\u00bbleft\u00bb animation_intensity_fold=\u00bb10%\u00bb animation_starting_opacity=\u00bb100%\u00bb inline_fonts=\u00bbPoppins\u00bb]<\/p>\n<h2><span style=\"font-size: x-large; font-family: Poppins;\">\u00bfQu\u00e9?<br \/> <\/span><\/h2>\n<ul>\n<li><span style=\"font-size: small;\">Ofrecemos un entrenamiento espec\u00edfico a los empleados para fortalecer los m\u00fasculos de la espalda inferiores para evitar lesiones.  <\/span><\/li>\n<li><span style=\"font-size: small;\">Los datos de salud y bienestar se recopilan y cargan en la plataforma Smart4Health.<\/span><\/li>\n<li><span style=\"font-size: small;\">Los empleados proporcionan informaci\u00f3n valiosa y validar la soluci\u00f3n <\/span><\/li>\n<\/ul>\n<p>&nbsp;<\/p>\n<ul><\/ul>\n<p>[\/et_pb_text][et_pb_text admin_label=\u00bbTitle\u00bb _builder_version=\u00bb4.8.2&#8243; text_font=\u00bbPoppins||||||||\u00bb text_font_size=\u00bb16px\u00bb text_line_height=\u00bb1.8em\u00bb header_font=\u00bb||||||||\u00bb header_2_font=\u00bbPoppins|600|||||||\u00bb header_2_text_color=\u00bb#3d9faf\u00bb header_2_font_size=\u00bb36px\u00bb header_2_line_height=\u00bb1.4em\u00bb max_width=\u00bb572px\u00bb min_height=\u00bb267px\u00bb custom_margin=\u00bb0px||0px|0px|false|false\u00bb custom_padding=\u00bb0px|0px|0px|0px||\u00bb animation_style=\u00bbfold\u00bb animation_direction=\u00bbleft\u00bb animation_intensity_fold=\u00bb10%\u00bb animation_starting_opacity=\u00bb100%\u00bb inline_fonts=\u00bbPoppins\u00bb]<\/p>\n<h2><span style=\"font-size: x-large; font-family: Poppins;\">\u00bfPor qu\u00e9?<br \/> <\/span><\/h2>\n<ul>\n<li><span style=\"font-size: small;\">Para que pueda almacenar y administrar de forma segura sus propios datos de salud y bienestar en cualquier momento y lugar. <\/span><\/li>\n<li><span style=\"font-size: small;\">Para que tenga menos lesiones y mejor bienestar en el trabajo a trav\u00e9s de m\u00fasculos de la espalda m\u00e1s fuertes.<\/span><\/li>\n<li><span style=\"font-size: small;\">Para que pueda compartir sus propios datos de salud y bienestar con profesionales de la salud y personas de confianza. <\/span><\/li>\n<li><span style=\"font-size: small;\">Para que obtenga informaci\u00f3n personalizada sobre su propia salud y datos de bienestar.<\/span><\/li>\n<\/ul>\n<p>[\/et_pb_text][\/et_pb_column_inner][\/et_pb_row_inner][\/et_pb_column][\/et_pb_section][et_pb_section fb_built=\u00bb1&#8243; _builder_version=\u00bb4.7.4&#8243; _module_preset=\u00bbdefault\u00bb][et_pb_row _builder_version=\u00bb4.7.4&#8243; _module_preset=\u00bbdefault\u00bb][et_pb_column type=\u00bb4_4&#8243; _builder_version=\u00bb4.7.4&#8243; _module_preset=\u00bbdefault\u00bb][et_pb_text admin_label=\u00bbTitle\u00bb _builder_version=\u00bb4.8.2&#8243; text_font=\u00bbPoppins||||||||\u00bb text_line_height=\u00bb1.8em\u00bb header_font=\u00bb||||||||\u00bb header_2_font=\u00bbPoppins|600|||||||\u00bb header_2_text_color=\u00bb#3d9faf\u00bb header_2_font_size=\u00bb36px\u00bb header_2_line_height=\u00bb1.4em\u00bb max_width=\u00bb550px\u00bb min_height=\u00bb83px\u00bb custom_margin=\u00bb||-41px|-2px||\u00bb custom_padding=\u00bb|0px|0px|||\u00bb animation_style=\u00bbfold\u00bb animation_direction=\u00bbleft\u00bb animation_intensity_fold=\u00bb10%\u00bb animation_starting_opacity=\u00bb100%\u00bb inline_fonts=\u00bbPoppins\u00bb]<\/p>\n<h2><span style=\"font-size: x-large; font-family: Poppins;\">Socios l\u00edderes <br \/> <\/span><\/h2>\n<p>&nbsp;<\/p>\n<p>[\/et_pb_text][\/et_pb_column][\/et_pb_row][\/et_pb_section][et_pb_section fb_built=\u00bb1&#8243; _builder_version=\u00bb4.7.4&#8243; _module_preset=\u00bbdefault\u00bb][et_pb_row column_structure=\u00bb1_3,1_3,1_3&#8243; _builder_version=\u00bb4.7.4&#8243; _module_preset=\u00bbdefault\u00bb][et_pb_column type=\u00bb1_3&#8243; _builder_version=\u00bb4.7.4&#8243; _module_preset=\u00bbdefault\u00bb][et_pb_image src=\u00bbhttps:\/\/smart4health.eu\/wp-content\/uploads\/2020\/08\/ZS-300&#215;129-1.png\u00bb title_text=\u00bbZS-300&#215;129&#8243; _builder_version=\u00bb4.7.4&#8243; _module_preset=\u00bbdefault\u00bb custom_padding=\u00bb|20px||20px|false|false\u00bb][\/et_pb_image][\/et_pb_column][et_pb_column type=\u00bb1_3&#8243; _builder_version=\u00bb4.7.4&#8243; _module_preset=\u00bbdefault\u00bb][et_pb_image src=\u00bbhttps:\/\/smart4health.eu\/wp-content\/uploads\/2021\/02\/UNINOVA-1.png\u00bb title_text=\u00bbUNINOVA\u00bb _builder_version=\u00bb4.9.0&#8243; _module_preset=\u00bbdefault\u00bb custom_padding=\u00bb|20px||20px|false|false\u00bb][\/et_pb_image][\/et_pb_column][et_pb_column type=\u00bb1_3&#8243; _builder_version=\u00bb4.7.4&#8243; _module_preset=\u00bbdefault\u00bb][et_pb_image src=\u00bbhttps:\/\/smart4health.eu\/wp-content\/uploads\/2020\/08\/ittm-200&#215;110-1.png\u00bb title_text=\u00bbittm-200&#215;110-1&#8243; _builder_version=\u00bb4.7.4&#8243; _module_preset=\u00bbdefault\u00bb custom_padding=\u00bb|20px||20px|false|false\u00bb][\/et_pb_image][\/et_pb_column][\/et_pb_row][\/et_pb_section][et_pb_section fb_built=\u00bb1&#8243; _builder_version=\u00bb4.7.4&#8243; _module_preset=\u00bbdefault\u00bb][et_pb_row _builder_version=\u00bb4.7.4&#8243; _module_preset=\u00bbdefault\u00bb][et_pb_column type=\u00bb4_4&#8243; _builder_version=\u00bb4.7.4&#8243; _module_preset=\u00bbdefault\u00bb][et_pb_button button_url=\u00bbhttps:\/\/smart4health.eu\/es\/?page_id=13490&#8243; button_text=\u00bbM\u00e1s casos de uso\u00bb button_alignment=\u00bbcenter\u00bb _builder_version=\u00bb4.8.2&#8243; _module_preset=\u00bbdefault\u00bb custom_margin=\u00bb-1px|||||\u00bb][\/et_pb_button][\/et_pb_column][\/et_pb_row][et_pb_row _builder_version=\u00bb4.9.7&#8243; _module_preset=\u00bbdefault\u00bb][et_pb_column type=\u00bb4_4&#8243; _builder_version=\u00bb4.9.7&#8243; _module_preset=\u00bbdefault\u00bb][et_pb_text admin_label=\u00bbTitle\u00bb _builder_version=\u00bb4.8.1&#8243; text_font=\u00bbPoppins||||||||\u00bb text_line_height=\u00bb1.8em\u00bb header_font=\u00bb||||||||\u00bb header_2_font=\u00bbPoppins|600|||||||\u00bb header_2_text_color=\u00bb#3d9faf\u00bb header_2_font_size=\u00bb36px\u00bb header_2_line_height=\u00bb1.4em\u00bb max_width=\u00bb550px\u00bb min_height=\u00bb51px\u00bb custom_margin=\u00bb||52px|-2px||\u00bb custom_padding=\u00bb26px|0px|0px|||\u00bb animation_style=\u00bbfold\u00bb animation_direction=\u00bbleft\u00bb animation_intensity_fold=\u00bb10%\u00bb animation_starting_opacity=\u00bb100%\u00bb locked=\u00bboff\u00bb inline_fonts=\u00bbPoppins\u00bb]<\/p>\n<h2><span style=\"font-size: x-large; font-family: Poppins;\">Contacte con<\/span><span style=\"font-family: Poppins; font-size: x-large;\"><\/span><\/h2>\n<p>[\/et_pb_text][et_pb_text _builder_version=\u00bb4.9.7&#8243; _module_preset=\u00bbdefault\u00bb custom_margin=\u00bb-40px|||||\u00bb custom_padding=\u00bb||0px|||\u00bb hover_enabled=\u00bb0&#8243; sticky_enabled=\u00bb0&#8243;]<\/p>\n<p><span style=\"font-size: large;\">Si tiene alguna pregunta o comentario, no dude en enviarnos un correo electr\u00f3nico. <\/span><\/p>\n<p><span style=\"font-size: large;\"><br \/><\/span><span style=\"font-size: large;\"><\/span><strong><span style=\"font-size: large; color: #31a1ad;\"><\/span><\/strong><\/p>\n<p>[\/et_pb_text][et_pb_button button_url=\u00bbmailto:CUC_4@smart4health.eu\u00bb button_text=\u00bbCUC_4@smart4health.eu\u00bb button_alignment=\u00bbcenter\u00bb _builder_version=\u00bb4.9.7&#8243; _module_preset=\u00bbdefault\u00bb][\/et_pb_button][\/et_pb_column][\/et_pb_row][\/et_pb_section]<\/p>\n","protected":false},"excerpt":{"rendered":"<p>Smart4Health en el lugar de trabajo Acceda y administre sus datos de salud en cualquier momento y lugar #CUC4_Aachen #S4H_Aachen #occupational_health_managament #life_workplace_health #ehealth #gesundheitsmanagement #digitalisierung #bgm #gesundheit #gesunde_unternehmen\u00bfD\u00f3nde? Aquisgr\u00e1n, Alemania \u00bfA qui\u00e9n? Empleados de empresas \u00bfQu\u00e9? Ofrecemos un entrenamiento espec\u00edfico a los empleados para fortalecer los m\u00fasculos de la espalda inferiores para evitar lesiones. Los [&hellip;]<\/p>\n","protected":false},"author":10,"featured_media":0,"parent":0,"menu_order":0,"comment_status":"closed","ping_status":"closed","template":"","meta":{"_et_pb_use_builder":"on","_et_pb_old_content":"","_et_gb_content_width":""},"yoast_head":"<!-- This site is optimized with the Yoast SEO plugin v20.6 - https:\/\/yoast.com\/wordpress\/plugins\/seo\/ -->\n<title>Caso de uso: Smart4Health en el lugar de trabajo - Smart4Health<\/title>\n<meta name=\"robots\" content=\"index, follow, max-snippet:-1, max-image-preview:large, max-video-preview:-1\" \/>\n<link rel=\"canonical\" href=\"https:\/\/smart4health.eu\/es\/caso-de-uso-smart4health-en-el-lugar-de-trabajo\/\" \/>\n<meta property=\"og:locale\" content=\"es_ES\" \/>\n<meta property=\"og:type\" content=\"article\" \/>\n<meta property=\"og:title\" content=\"Caso de uso: Smart4Health en el lugar de trabajo - Smart4Health\" \/>\n<meta property=\"og:description\" content=\"Smart4Health en el lugar de trabajo Acceda y administre sus datos de salud en cualquier momento y lugar #CUC4_Aachen #S4H_Aachen #occupational_health_managament #life_workplace_health #ehealth #gesundheitsmanagement #digitalisierung #bgm #gesundheit #gesunde_unternehmen\u00bfD\u00f3nde? Aquisgr\u00e1n, Alemania \u00bfA qui\u00e9n? Empleados de empresas \u00bfQu\u00e9? Ofrecemos un entrenamiento espec\u00edfico a los empleados para fortalecer los m\u00fasculos de la espalda inferiores para evitar lesiones. Los [&hellip;]\" \/>\n<meta property=\"og:url\" content=\"https:\/\/smart4health.eu\/es\/caso-de-uso-smart4health-en-el-lugar-de-trabajo\/\" \/>\n<meta property=\"og:site_name\" content=\"Smart4Health\" \/>\n<meta property=\"article:modified_time\" content=\"2021-07-09T12:20:48+00:00\" \/>\n<meta name=\"twitter:card\" content=\"summary_large_image\" \/>\n<meta name=\"twitter:label1\" content=\"Tiempo de lectura\" \/>\n\t<meta name=\"twitter:data1\" content=\"2 minutos\" \/>\n<script type=\"application\/ld+json\" class=\"yoast-schema-graph\">{\"@context\":\"https:\/\/schema.org\",\"@graph\":[{\"@type\":\"WebPage\",\"@id\":\"https:\/\/smart4health.eu\/es\/caso-de-uso-smart4health-en-el-lugar-de-trabajo\/\",\"url\":\"https:\/\/smart4health.eu\/es\/caso-de-uso-smart4health-en-el-lugar-de-trabajo\/\",\"name\":\"Caso de uso: Smart4Health en el lugar de trabajo - Smart4Health\",\"isPartOf\":{\"@id\":\"https:\/\/smart4health.eu\/es\/en\/#website\"},\"datePublished\":\"2021-02-02T13:17:09+00:00\",\"dateModified\":\"2021-07-09T12:20:48+00:00\",\"breadcrumb\":{\"@id\":\"https:\/\/smart4health.eu\/es\/caso-de-uso-smart4health-en-el-lugar-de-trabajo\/#breadcrumb\"},\"inLanguage\":\"es\",\"potentialAction\":[{\"@type\":\"ReadAction\",\"target\":[\"https:\/\/smart4health.eu\/es\/caso-de-uso-smart4health-en-el-lugar-de-trabajo\/\"]}]},{\"@type\":\"BreadcrumbList\",\"@id\":\"https:\/\/smart4health.eu\/es\/caso-de-uso-smart4health-en-el-lugar-de-trabajo\/#breadcrumb\",\"itemListElement\":[{\"@type\":\"ListItem\",\"position\":1,\"name\":\"Startseite\",\"item\":\"https:\/\/smart4health.eu\/es\/\"},{\"@type\":\"ListItem\",\"position\":2,\"name\":\"Caso de uso: Smart4Health en el lugar de trabajo\"}]},{\"@type\":\"WebSite\",\"@id\":\"https:\/\/smart4health.eu\/es\/en\/#website\",\"url\":\"https:\/\/smart4health.eu\/es\/en\/\",\"name\":\"Smart4Health\",\"description\":\"\",\"potentialAction\":[{\"@type\":\"SearchAction\",\"target\":{\"@type\":\"EntryPoint\",\"urlTemplate\":\"https:\/\/smart4health.eu\/es\/en\/?s={search_term_string}\"},\"query-input\":\"required name=search_term_string\"}],\"inLanguage\":\"es\"}]}<\/script>\n<!-- \/ Yoast SEO plugin. -->","yoast_head_json":{"title":"Caso de uso: Smart4Health en el lugar de trabajo - Smart4Health","robots":{"index":"index","follow":"follow","max-snippet":"max-snippet:-1","max-image-preview":"max-image-preview:large","max-video-preview":"max-video-preview:-1"},"canonical":"https:\/\/smart4health.eu\/es\/caso-de-uso-smart4health-en-el-lugar-de-trabajo\/","og_locale":"es_ES","og_type":"article","og_title":"Caso de uso: Smart4Health en el lugar de trabajo - Smart4Health","og_description":"Smart4Health en el lugar de trabajo Acceda y administre sus datos de salud en cualquier momento y lugar #CUC4_Aachen #S4H_Aachen #occupational_health_managament #life_workplace_health #ehealth #gesundheitsmanagement #digitalisierung #bgm #gesundheit #gesunde_unternehmen\u00bfD\u00f3nde? Aquisgr\u00e1n, Alemania \u00bfA qui\u00e9n? Empleados de empresas \u00bfQu\u00e9? Ofrecemos un entrenamiento espec\u00edfico a los empleados para fortalecer los m\u00fasculos de la espalda inferiores para evitar lesiones. Los [&hellip;]","og_url":"https:\/\/smart4health.eu\/es\/caso-de-uso-smart4health-en-el-lugar-de-trabajo\/","og_site_name":"Smart4Health","article_modified_time":"2021-07-09T12:20:48+00:00","twitter_card":"summary_large_image","twitter_misc":{"Tiempo de lectura":"2 minutos"},"schema":{"@context":"https:\/\/schema.org","@graph":[{"@type":"WebPage","@id":"https:\/\/smart4health.eu\/es\/caso-de-uso-smart4health-en-el-lugar-de-trabajo\/","url":"https:\/\/smart4health.eu\/es\/caso-de-uso-smart4health-en-el-lugar-de-trabajo\/","name":"Caso de uso: Smart4Health en el lugar de trabajo - Smart4Health","isPartOf":{"@id":"https:\/\/smart4health.eu\/es\/en\/#website"},"datePublished":"2021-02-02T13:17:09+00:00","dateModified":"2021-07-09T12:20:48+00:00","breadcrumb":{"@id":"https:\/\/smart4health.eu\/es\/caso-de-uso-smart4health-en-el-lugar-de-trabajo\/#breadcrumb"},"inLanguage":"es","potentialAction":[{"@type":"ReadAction","target":["https:\/\/smart4health.eu\/es\/caso-de-uso-smart4health-en-el-lugar-de-trabajo\/"]}]},{"@type":"BreadcrumbList","@id":"https:\/\/smart4health.eu\/es\/caso-de-uso-smart4health-en-el-lugar-de-trabajo\/#breadcrumb","itemListElement":[{"@type":"ListItem","position":1,"name":"Startseite","item":"https:\/\/smart4health.eu\/es\/"},{"@type":"ListItem","position":2,"name":"Caso de uso: Smart4Health en el lugar de trabajo"}]},{"@type":"WebSite","@id":"https:\/\/smart4health.eu\/es\/en\/#website","url":"https:\/\/smart4health.eu\/es\/en\/","name":"Smart4Health","description":"","potentialAction":[{"@type":"SearchAction","target":{"@type":"EntryPoint","urlTemplate":"https:\/\/smart4health.eu\/es\/en\/?s={search_term_string}"},"query-input":"required name=search_term_string"}],"inLanguage":"es"}]}},"_links":{"self":[{"href":"https:\/\/smart4health.eu\/es\/wp-json\/wp\/v2\/pages\/13475"}],"collection":[{"href":"https:\/\/smart4health.eu\/es\/wp-json\/wp\/v2\/pages"}],"about":[{"href":"https:\/\/smart4health.eu\/es\/wp-json\/wp\/v2\/types\/page"}],"author":[{"embeddable":true,"href":"https:\/\/smart4health.eu\/es\/wp-json\/wp\/v2\/users\/10"}],"replies":[{"embeddable":true,"href":"https:\/\/smart4health.eu\/es\/wp-json\/wp\/v2\/comments?post=13475"}],"version-history":[{"count":8,"href":"https:\/\/smart4health.eu\/es\/wp-json\/wp\/v2\/pages\/13475\/revisions"}],"predecessor-version":[{"id":15047,"href":"https:\/\/smart4health.eu\/es\/wp-json\/wp\/v2\/pages\/13475\/revisions\/15047"}],"wp:attachment":[{"href":"https:\/\/smart4health.eu\/es\/wp-json\/wp\/v2\/media?parent=13475"}],"curies":[{"name":"wp","href":"https:\/\/api.w.org\/{rel}","templated":true}]}}