

{"id":11253,"date":"2020-09-10T11:55:25","date_gmt":"2020-09-10T09:55:25","guid":{"rendered":"https:\/\/smart4health.testing.linux15.3pc.de\/?page_id=11253"},"modified":"2020-10-06T19:23:20","modified_gmt":"2020-10-06T17:23:20","slug":"contacto","status":"publish","type":"page","link":"https:\/\/smart4health.eu\/es\/contacto\/","title":{"rendered":"Contacto"},"content":{"rendered":"<p>[et_pb_section fb_built=\u00bb1&#8243; _builder_version=\u00bb4.5.1&#8243; _module_preset=\u00bbdefault\u00bb background_color=\u00bb#ffffff\u00bb custom_margin=\u00bb10px||50px||false|false\u00bb][et_pb_row _builder_version=\u00bb4.5.1&#8243; _module_preset=\u00bbdefault\u00bb][et_pb_column type=\u00bb4_4&#8243; _builder_version=\u00bb4.5.1&#8243; _module_preset=\u00bbdefault\u00bb custom_padding=\u00bb|30px|||false|false\u00bb][et_pb_text _builder_version=\u00bb4.5.1&#8243; _module_preset=\u00bbdefault\u00bb custom_margin=\u00bb||20px||false|false\u00bb]<\/p>\n<p style=\"text-align: center;\"><span class=\"et-pb-icon\" style=\"color: #33a0ab;\">\ue010<\/span><\/p>\n<p>[\/et_pb_text][et_pb_text _builder_version=\u00bb4.5.1&#8243; _module_preset=\u00bbdefault\u00bb custom_margin=\u00bb||50px||false|false\u00bb custom_padding=\u00bb|20px|||false|false\u00bb]<\/p>\n<p style=\"text-align: center;\"><span>Si usted tiene alguna pregunta sobre el proyecto Smart4Health, o quiz\u00e1s alguna idea que le gustar\u00eda compartir con nosotros, no dude en comunic\u00e1rnoslo por correo electr\u00f3nico a info@smart4health.eu.<\/span><\/p>\n<p>[\/et_pb_text][\/et_pb_column][\/et_pb_row][et_pb_row column_structure=\u00bb1_2,1_2&#8243; _builder_version=\u00bb4.5.1&#8243; _module_preset=\u00bbdefault\u00bb][et_pb_column type=\u00bb1_2&#8243; _builder_version=\u00bb4.5.1&#8243; _module_preset=\u00bbdefault\u00bb custom_padding=\u00bb|30px|||false|false\u00bb][et_pb_text _builder_version=\u00bb4.5.1&#8243; _module_preset=\u00bbdefault\u00bb custom_padding=\u00bb|20px|||false|false\u00bb]<\/p>\n<p><strong>Coordinador del proyecto: UNINOVA<br \/><\/strong>Prof. Dr. Ricardo Gon\u00e7alves<br \/>Profesor titular, director de UNINOVA CTS\/GRIS<br \/>UNINOVA, Campus FCT UNL, Quinta da Torre<br \/>2829-516 Caparica, Portugal<br \/>rg@uninova.pt<\/p>\n<p><strong>Coordinador cient\u00edfico: HPI<br \/><\/strong>Prof. Dr. Erwin Boettinger<br \/>Presidente de Digital Health, Medicina Personalizada<br \/>Campus III Edificio G2<br \/>Rudolf-Breitscheid-Stra\u00dfe 187<br \/>14482 Potsdam, Alemania<br \/>office-boettinger@hpi.de<\/p>\n<p>[\/et_pb_text][\/et_pb_column][et_pb_column type=\u00bb1_2&#8243; _builder_version=\u00bb4.5.1&#8243; _module_preset=\u00bbdefault\u00bb][et_pb_contact_form captcha=\u00bboff\u00bb email=\u00bbcontact@smart4health.eu\u00bb success_message=\u00bbMuchas gracias por su mensaje. El mensaje ha sido enviado.\u00bb submit_button_text=\u00bbEnviar mensaje\u00bb _builder_version=\u00bb4.6.5&#8243; _module_preset=\u00bbdefault\u00bb captcha_font=\u00bbPoppins||||||||\u00bb captcha_text_color=\u00bb#000000&#8243; captcha_font_size=\u00bb15px\u00bb captcha_line_height=\u00bb1.4em\u00bb custom_button=\u00bbon\u00bb button_text_size=\u00bb14px\u00bb button_text_color=\u00bb#ffffff\u00bb button_bg_color=\u00bb#33a0ab\u00bb button_border_width=\u00bb6px\u00bb button_border_color=\u00bb#33a0ab\u00bb button_border_radius=\u00bb0px\u00bb button_font=\u00bbPoppins|700|||||||\u00bb button_use_icon=\u00bboff\u00bb button_custom_margin=\u00bb10px||||false|false\u00bb button_custom_padding=\u00bb|50px||50px|false|false\u00bb hover_enabled=\u00bb0&#8243; sticky_enabled=\u00bb0&#8243;][et_pb_contact_field field_id=\u00bbName\u00bb field_title=\u00bbNombre\u00bb fullwidth_field=\u00bbon\u00bb _builder_version=\u00bb4.5.1&#8243; form_field_background_color=\u00bb#ffffff\u00bb form_field_text_color=\u00bb#797979  \u00bb form_field_font=\u00bbPoppins||||||||\u00bb form_field_text_align=\u00bbleft\u00bb text_orientation=\u00bbleft\u00bb width=\u00bb100%\u00bb max_width=\u00bb100%\u00bb height=\u00bb35px\u00bb max_height=\u00bb35px\u00bb border_width_all=\u00bb1px\u00bb border_color_all=\u00bb#797979 \u00bb button_text_size__hover_enabled=\u00bboff\u00bb button_one_text_size__hover_enabled=\u00bboff\u00bb button_two_text_size__hover_enabled=\u00bboff\u00bb button_text_color__hover_enabled=\u00bboff\u00bb button_one_text_color__hover_enabled=\u00bboff\u00bb button_two_text_color__hover_enabled=\u00bboff\u00bb button_border_width__hover_enabled=\u00bboff\u00bb button_one_border_width__hover_enabled=\u00bboff\u00bb button_two_border_width__hover_enabled=\u00bboff\u00bb button_border_color__hover_enabled=\u00bboff\u00bb button_one_border_color__hover_enabled=\u00bboff\u00bb button_two_border_color__hover_enabled=\u00bboff\u00bb button_border_radius__hover_enabled=\u00bboff\u00bb button_one_border_radius__hover_enabled=\u00bboff\u00bb button_two_border_radius__hover_enabled=\u00bboff\u00bb button_letter_spacing__hover_enabled=\u00bboff\u00bb button_one_letter_spacing__hover_enabled=\u00bboff\u00bb button_two_letter_spacing__hover_enabled=\u00bboff\u00bb button_bg_color__hover_enabled=\u00bboff\u00bb button_one_bg_color__hover_enabled=\u00bboff\u00bb button_two_bg_color__hover_enabled=\u00bboff\u00bb][\/et_pb_contact_field][et_pb_contact_field field_id=\u00bbEmail\u00bb field_title=\u00bbCorreo\u00bb field_type=\u00bbemail\u00bb fullwidth_field=\u00bbon\u00bb _builder_version=\u00bb4.5.1&#8243; form_field_background_color=\u00bb#ffffff\u00bb form_field_text_color=\u00bb#797979 \u00bb form_field_font=\u00bbPoppins||||||||\u00bb form_field_text_align=\u00bbleft\u00bb text_orientation=\u00bbleft\u00bb min_height=\u00bb35px\u00bb height=\u00bb35px\u00bb max_height=\u00bb35px\u00bb border_width_all=\u00bb1px\u00bb border_color_all=\u00bb#797979 \u00bb button_text_size__hover_enabled=\u00bboff\u00bb button_one_text_size__hover_enabled=\u00bboff\u00bb button_two_text_size__hover_enabled=\u00bboff\u00bb button_text_color__hover_enabled=\u00bboff\u00bb button_one_text_color__hover_enabled=\u00bboff\u00bb button_two_text_color__hover_enabled=\u00bboff\u00bb button_border_width__hover_enabled=\u00bboff\u00bb button_one_border_width__hover_enabled=\u00bboff\u00bb button_two_border_width__hover_enabled=\u00bboff\u00bb button_border_color__hover_enabled=\u00bboff\u00bb button_one_border_color__hover_enabled=\u00bboff\u00bb button_two_border_color__hover_enabled=\u00bboff\u00bb button_border_radius__hover_enabled=\u00bboff\u00bb button_one_border_radius__hover_enabled=\u00bboff\u00bb button_two_border_radius__hover_enabled=\u00bboff\u00bb button_letter_spacing__hover_enabled=\u00bboff\u00bb button_one_letter_spacing__hover_enabled=\u00bboff\u00bb button_two_letter_spacing__hover_enabled=\u00bboff\u00bb button_bg_color__hover_enabled=\u00bboff\u00bb button_one_bg_color__hover_enabled=\u00bboff\u00bb button_two_bg_color__hover_enabled=\u00bboff\u00bb][\/et_pb_contact_field][et_pb_contact_field field_id=\u00bbNachricht\u00bb field_title=\u00bbMensaje\u00bb field_type=\u00bbtext\u00bb fullwidth_field=\u00bbon\u00bb _builder_version=\u00bb4.5.1&#8243; form_field_background_color=\u00bb#ffffff\u00bb form_field_text_color=\u00bb#797979 \u00bb form_field_font=\u00bbPoppins||||||||\u00bb form_field_text_align=\u00bbleft\u00bb border_radii=\u00bbon|1px|1px|1px|1px\u00bb border_width_all=\u00bb1px\u00bb border_color_all=\u00bb#797979 \u00bb button_text_size__hover_enabled=\u00bboff\u00bb button_one_text_size__hover_enabled=\u00bboff\u00bb button_two_text_size__hover_enabled=\u00bboff\u00bb button_text_color__hover_enabled=\u00bboff\u00bb button_one_text_color__hover_enabled=\u00bboff\u00bb button_two_text_color__hover_enabled=\u00bboff\u00bb button_border_width__hover_enabled=\u00bboff\u00bb button_one_border_width__hover_enabled=\u00bboff\u00bb button_two_border_width__hover_enabled=\u00bboff\u00bb button_border_color__hover_enabled=\u00bboff\u00bb button_one_border_color__hover_enabled=\u00bboff\u00bb button_two_border_color__hover_enabled=\u00bboff\u00bb button_border_radius__hover_enabled=\u00bboff\u00bb button_one_border_radius__hover_enabled=\u00bboff\u00bb button_two_border_radius__hover_enabled=\u00bboff\u00bb button_letter_spacing__hover_enabled=\u00bboff\u00bb button_one_letter_spacing__hover_enabled=\u00bboff\u00bb button_two_letter_spacing__hover_enabled=\u00bboff\u00bb button_bg_color__hover_enabled=\u00bboff\u00bb button_one_bg_color__hover_enabled=\u00bboff\u00bb button_two_bg_color__hover_enabled=\u00bboff\u00bb][\/et_pb_contact_field][et_pb_contact_field field_id=\u00bbCheckbox\u00bb field_title=\u00bb \u00bb field_type=\u00bbcheckbox\u00bb checkbox_options=\u00bb%91{%22value%22:%22 La protecci\u00f3n de datos es muy importante para nosotros. El contenido de su mensaje, su nombre y su direcci\u00f3n de correo electr\u00f3nico ser\u00e1n transmitidos de forma encriptada. S\u00f3lo ser\u00e1n almacenados para un contacto posterior. Sus datos no ser\u00e1n cedidos a terceras partes y ser\u00e1n tratados de forma confidencial. En otras palabras: al enviar su consulta, usted acepta el procesamiento de los datos proporcionados con el fin de procesar su consulta. Encuentre m\u00e1s informaci\u00f3n en nuestra %22,%22checked%22:0,%22dragID%22:-1,%22link_url%22:%22\/es\/politica-de-privacidad\/%22,%22link_text%22:%22Pol\u00edtica de privacidad%22}%93&#8243; fullwidth_field=\u00bbon\u00bb _builder_version=\u00bb4.6.5&#8243; _module_preset=\u00bbdefault\u00bb hover_enabled=\u00bb0&#8243; sticky_enabled=\u00bb0&#8243;][\/et_pb_contact_field][\/et_pb_contact_form][\/et_pb_column][\/et_pb_row][\/et_pb_section][et_pb_section fb_built=\u00bb1&#8243; fullwidth=\u00bbon\u00bb _builder_version=\u00bb4.5.1&#8243; _module_preset=\u00bbdefault\u00bb][et_pb_text_extender _builder_version=\u00bb4.5.1&#8243; _module_preset=\u00bbdefault\u00bb][\/et_pb_text_extender][\/et_pb_section][et_pb_section fb_built=\u00bb1&#8243; fullwidth=\u00bbon\u00bb _builder_version=\u00bb4.5.1&#8243; _module_preset=\u00bbdefault\u00bb][et_pb_text_extender _builder_version=\u00bb4.5.1&#8243; _module_preset=\u00bbdefault\u00bb][\/et_pb_text_extender][\/et_pb_section]<\/p>\n","protected":false},"excerpt":{"rendered":"<p>\ue010Si usted tiene alguna pregunta sobre el proyecto Smart4Health, o quiz\u00e1s alguna idea que le gustar\u00eda compartir con nosotros, no dude en comunic\u00e1rnoslo por correo electr\u00f3nico a info@smart4health.eu.Coordinador del proyecto: UNINOVAProf. Dr. Ricardo Gon\u00e7alvesProfesor titular, director de UNINOVA CTS\/GRISUNINOVA, Campus FCT UNL, Quinta da Torre2829-516 Caparica, Portugalrg@uninova.pt Coordinador cient\u00edfico: HPIProf. Dr. Erwin BoettingerPresidente de Digital [&hellip;]<\/p>\n","protected":false},"author":10,"featured_media":0,"parent":0,"menu_order":0,"comment_status":"closed","ping_status":"closed","template":"","meta":{"_et_pb_use_builder":"on","_et_pb_old_content":"","_et_gb_content_width":""},"yoast_head":"<!-- This site is optimized with the Yoast SEO plugin v20.6 - https:\/\/yoast.com\/wordpress\/plugins\/seo\/ -->\n<title>Contacto - Smart4Health<\/title>\n<meta name=\"robots\" content=\"index, follow, max-snippet:-1, max-image-preview:large, max-video-preview:-1\" \/>\n<link rel=\"canonical\" href=\"https:\/\/smart4health.eu\/es\/contacto\/\" \/>\n<meta property=\"og:locale\" content=\"es_ES\" \/>\n<meta property=\"og:type\" content=\"article\" \/>\n<meta property=\"og:title\" content=\"Contacto - Smart4Health\" \/>\n<meta property=\"og:description\" content=\"\ue010Si usted tiene alguna pregunta sobre el proyecto Smart4Health, o quiz\u00e1s alguna idea que le gustar\u00eda compartir con nosotros, no dude en comunic\u00e1rnoslo por correo electr\u00f3nico a info@smart4health.eu.Coordinador del proyecto: UNINOVAProf. Dr. Ricardo Gon\u00e7alvesProfesor titular, director de UNINOVA CTS\/GRISUNINOVA, Campus FCT UNL, Quinta da Torre2829-516 Caparica, Portugalrg@uninova.pt Coordinador cient\u00edfico: HPIProf. Dr. Erwin BoettingerPresidente de Digital [&hellip;]\" \/>\n<meta property=\"og:url\" content=\"https:\/\/smart4health.eu\/es\/contacto\/\" \/>\n<meta property=\"og:site_name\" content=\"Smart4Health\" \/>\n<meta property=\"article:modified_time\" content=\"2020-10-06T17:23:20+00:00\" \/>\n<meta name=\"twitter:card\" content=\"summary_large_image\" \/>\n<meta name=\"twitter:label1\" content=\"Tiempo de lectura\" \/>\n\t<meta name=\"twitter:data1\" content=\"6 minutos\" \/>\n<script type=\"application\/ld+json\" class=\"yoast-schema-graph\">{\"@context\":\"https:\/\/schema.org\",\"@graph\":[{\"@type\":\"WebPage\",\"@id\":\"https:\/\/smart4health.eu\/es\/contacto\/\",\"url\":\"https:\/\/smart4health.eu\/es\/contacto\/\",\"name\":\"Contacto - Smart4Health\",\"isPartOf\":{\"@id\":\"https:\/\/smart4health.eu\/es\/en\/#website\"},\"datePublished\":\"2020-09-10T09:55:25+00:00\",\"dateModified\":\"2020-10-06T17:23:20+00:00\",\"breadcrumb\":{\"@id\":\"https:\/\/smart4health.eu\/es\/contacto\/#breadcrumb\"},\"inLanguage\":\"es\",\"potentialAction\":[{\"@type\":\"ReadAction\",\"target\":[\"https:\/\/smart4health.eu\/es\/contacto\/\"]}]},{\"@type\":\"BreadcrumbList\",\"@id\":\"https:\/\/smart4health.eu\/es\/contacto\/#breadcrumb\",\"itemListElement\":[{\"@type\":\"ListItem\",\"position\":1,\"name\":\"Startseite\",\"item\":\"https:\/\/smart4health.eu\/es\/\"},{\"@type\":\"ListItem\",\"position\":2,\"name\":\"Contacto\"}]},{\"@type\":\"WebSite\",\"@id\":\"https:\/\/smart4health.eu\/es\/en\/#website\",\"url\":\"https:\/\/smart4health.eu\/es\/en\/\",\"name\":\"Smart4Health\",\"description\":\"\",\"potentialAction\":[{\"@type\":\"SearchAction\",\"target\":{\"@type\":\"EntryPoint\",\"urlTemplate\":\"https:\/\/smart4health.eu\/es\/en\/?s={search_term_string}\"},\"query-input\":\"required name=search_term_string\"}],\"inLanguage\":\"es\"}]}<\/script>\n<!-- \/ Yoast SEO plugin. -->","yoast_head_json":{"title":"Contacto - Smart4Health","robots":{"index":"index","follow":"follow","max-snippet":"max-snippet:-1","max-image-preview":"max-image-preview:large","max-video-preview":"max-video-preview:-1"},"canonical":"https:\/\/smart4health.eu\/es\/contacto\/","og_locale":"es_ES","og_type":"article","og_title":"Contacto - Smart4Health","og_description":"\ue010Si usted tiene alguna pregunta sobre el proyecto Smart4Health, o quiz\u00e1s alguna idea que le gustar\u00eda compartir con nosotros, no dude en comunic\u00e1rnoslo por correo electr\u00f3nico a info@smart4health.eu.Coordinador del proyecto: UNINOVAProf. Dr. Ricardo Gon\u00e7alvesProfesor titular, director de UNINOVA CTS\/GRISUNINOVA, Campus FCT UNL, Quinta da Torre2829-516 Caparica, Portugalrg@uninova.pt Coordinador cient\u00edfico: HPIProf. Dr. Erwin BoettingerPresidente de Digital [&hellip;]","og_url":"https:\/\/smart4health.eu\/es\/contacto\/","og_site_name":"Smart4Health","article_modified_time":"2020-10-06T17:23:20+00:00","twitter_card":"summary_large_image","twitter_misc":{"Tiempo de lectura":"6 minutos"},"schema":{"@context":"https:\/\/schema.org","@graph":[{"@type":"WebPage","@id":"https:\/\/smart4health.eu\/es\/contacto\/","url":"https:\/\/smart4health.eu\/es\/contacto\/","name":"Contacto - Smart4Health","isPartOf":{"@id":"https:\/\/smart4health.eu\/es\/en\/#website"},"datePublished":"2020-09-10T09:55:25+00:00","dateModified":"2020-10-06T17:23:20+00:00","breadcrumb":{"@id":"https:\/\/smart4health.eu\/es\/contacto\/#breadcrumb"},"inLanguage":"es","potentialAction":[{"@type":"ReadAction","target":["https:\/\/smart4health.eu\/es\/contacto\/"]}]},{"@type":"BreadcrumbList","@id":"https:\/\/smart4health.eu\/es\/contacto\/#breadcrumb","itemListElement":[{"@type":"ListItem","position":1,"name":"Startseite","item":"https:\/\/smart4health.eu\/es\/"},{"@type":"ListItem","position":2,"name":"Contacto"}]},{"@type":"WebSite","@id":"https:\/\/smart4health.eu\/es\/en\/#website","url":"https:\/\/smart4health.eu\/es\/en\/","name":"Smart4Health","description":"","potentialAction":[{"@type":"SearchAction","target":{"@type":"EntryPoint","urlTemplate":"https:\/\/smart4health.eu\/es\/en\/?s={search_term_string}"},"query-input":"required name=search_term_string"}],"inLanguage":"es"}]}},"_links":{"self":[{"href":"https:\/\/smart4health.eu\/es\/wp-json\/wp\/v2\/pages\/11253"}],"collection":[{"href":"https:\/\/smart4health.eu\/es\/wp-json\/wp\/v2\/pages"}],"about":[{"href":"https:\/\/smart4health.eu\/es\/wp-json\/wp\/v2\/types\/page"}],"author":[{"embeddable":true,"href":"https:\/\/smart4health.eu\/es\/wp-json\/wp\/v2\/users\/10"}],"replies":[{"embeddable":true,"href":"https:\/\/smart4health.eu\/es\/wp-json\/wp\/v2\/comments?post=11253"}],"version-history":[{"count":2,"href":"https:\/\/smart4health.eu\/es\/wp-json\/wp\/v2\/pages\/11253\/revisions"}],"predecessor-version":[{"id":11726,"href":"https:\/\/smart4health.eu\/es\/wp-json\/wp\/v2\/pages\/11253\/revisions\/11726"}],"wp:attachment":[{"href":"https:\/\/smart4health.eu\/es\/wp-json\/wp\/v2\/media?parent=11253"}],"curies":[{"name":"wp","href":"https:\/\/api.w.org\/{rel}","templated":true}]}}