

{"id":8979,"date":"2020-08-16T20:16:35","date_gmt":"2020-08-16T18:16:35","guid":{"rendered":"https:\/\/smart4health.testing.linux15.3pc.de\/?page_id=8979"},"modified":"2021-03-01T14:31:07","modified_gmt":"2021-03-01T13:31:07","slug":"service-und-funktionen","status":"publish","type":"page","link":"https:\/\/smart4health.eu\/de\/service-und-funktionen\/","title":{"rendered":"Service &#038; Funktionen"},"content":{"rendered":"<p>[et_pb_section fb_built=&#8220;1&#8243; _builder_version=&#8220;4.5.1&#8243; _module_preset=&#8220;default&#8220; background_color=&#8220;#ffffff&#8220; custom_margin=&#8220;||||false|false&#8220;][et_pb_row _builder_version=&#8220;4.5.1&#8243; _module_preset=&#8220;default&#8220; background_color=&#8220;#ffffff&#8220; custom_margin=&#8220;||20px||false|false&#8220;][et_pb_column type=&#8220;4_4&#8243; _builder_version=&#8220;4.5.1&#8243; _module_preset=&#8220;default&#8220;][et_pb_text _builder_version=&#8220;4.6.6&#8243; _module_preset=&#8220;default&#8220;]<\/p>\n<p>Der Smart4Health Dienst bietet Ihnen verschiedene Funktionen, die es Ihnen erm\u00f6glichen, Ihre pers\u00f6nlichen Gesundheitsdaten zu verwalten und mit von Ihnen ausgew\u00e4hlten Personen zu teilen. Nach dem Registrierungsprozess werden Sie zu einem Dashboard weitergeleitet, das Ihnen einen \u00dcberblick \u00fcber die verschiedenen Funktionen mit den Namen &#8218;MyHealthview&#8216;, &#8218;Mob.E.Health&#8216;, &#8218;MyTrusted&#8216;, &#8218;MyTime&#8216;, &#8218;MyWork&#8216; und &#8218;MyScience&#8216; gibt. Da diese Teil des Entwicklungsprozesses sind, werden sie im Laufe der Zeit ver\u00e4ndert und weiterentwickelt, indem R\u00fcckmeldungen von Benutzeri*nnen mit in den Anpassungsprozess einbezogen werden.<\/p>\n<p>[\/et_pb_text][\/et_pb_column][\/et_pb_row][et_pb_row _builder_version=&#8220;4.5.1&#8243; _module_preset=&#8220;default&#8220; background_color=&#8220;#ffffff&#8220; custom_margin=&#8220;||20px||false|false&#8220;][et_pb_column type=&#8220;4_4&#8243; _builder_version=&#8220;4.5.1&#8243; _module_preset=&#8220;default&#8220;][et_pb_accordion open_toggle_text_color=&#8220;#35a1ad&#8220; _builder_version=&#8220;4.6.6&#8243; _module_preset=&#8220;default&#8220; toggle_text_color=&#8220;#35a1ad&#8220; toggle_level=&#8220;h3&#8243; toggle_font=&#8220;|600|||||||&#8220; toggle_font_size=&#8220;16px&#8220;][et_pb_accordion_item title=&#8220;MyTrusted&#8220; open=&#8220;off&#8220; _builder_version=&#8220;4.5.1&#8243; _module_preset=&#8220;default&#8220; custom_css_main_element=&#8220;display: none; &#8222;]<span style=\"font-weight: 600;\">Teilen Sie Ihre Krankenakte mit Ihren Lieben oder die Diagnose des Facharztes mit Ihrem Hausarzt.<\/span> <span>Wenn Ihre Mutter pflegebed\u00fcrftig ist oder Ihr Mann sich gerade einer Operation unterziehen musste. Sobald sie Zugang zu ihren Unterlagen haben, k\u00f6nnen Sie die Entscheidungen ihres Arztes oder die Entwicklung ihres Gesundheitszustands verfolgen. Sie k\u00f6nnen Ihre Krankenakte einfach mit Personen Ihres Vertrauens teilen und dabei die vollst\u00e4ndige Kontrolle dar\u00fcber behalten, worauf sie zugreifen k\u00f6nnen und f\u00fcr welche Dauer. Dabei spielt es keine Rolle, ob es sich um eine Patientenzusammenfassung handelt, die Sie in einem Notfall mit einem Arzt teilen, ein Rezept f\u00fcr ein Arzneimittel oder Sie Ihrem Lebenspartner volle Einsicht in Ihre Gesundheitsdaten gew\u00e4hren.<\/span>[\/et_pb_accordion_item][et_pb_accordion_item title=&#8220;MyTrusted&#8220; _builder_version=&#8220;4.6.6&#8243; _module_preset=&#8220;default&#8220; open=&#8220;off&#8220;]<\/p>\n<p>Mit dieser Funktion k\u00f6nnen Sie alle Ihre Gesundheitsdaten mit Personen Ihres Vertrauens austauschen. Sie entscheiden, welche Daten und Informationen Sie mit wem teilen m\u00f6chten, z.B. mit medizinischen Fachpersonal oder mit Familienmitgliedern. Die Funktion bietet auch Transparenz \u00fcber den Verlauf der Aktivit\u00e4ten, indem sie zeigt, wer Zugang zu welchen Daten hatte.<\/p>\n<p>[\/et_pb_accordion_item][et_pb_accordion_item title=&#8220;MyHealthView&#8220; _builder_version=&#8220;4.5.1&#8243; _module_preset=&#8220;default&#8220; open=&#8220;on&#8220;]<\/p>\n<p>Hier k\u00f6nnen Sie alle Ihre pers\u00f6nlichen Gesundheitsdaten wie Medikationspl\u00e4ne, Patientenkurzakte, Diagnoseberichte und Bilder anzeigen und verwalten. Die Funktion erm\u00f6glicht es Ihnen, alle ben\u00f6tigten Informationen leicht zu finden, indem Sie\u00a0 Informationen filtern, markieren und selektiv anzeigen lassen k\u00f6nnen.<\/p>\n<p>[\/et_pb_accordion_item][et_pb_accordion_item title=&#8220;MyTime\/MyWork&#8220; _builder_version=&#8220;4.5.1&#8243; _module_preset=&#8220;default&#8220; open=&#8220;off&#8220;]<\/p>\n<p>Mit diesen Funktionen haben Sie die M\u00f6glichkeit, Ihre selbst generierten gesundheitsbezogenen Daten aus Apps und Wearables (z.B. Gesundheits-Apps, Fitnesstracker etc.) sowie Daten, die Sie an Ihrem Arbeitsplatz erfassen (z.B. Schrittz\u00e4hler etc.), zu sammeln, zu speichern und zur\u00fcckzuverfolgen.<\/p>\n<p>[\/et_pb_accordion_item][et_pb_accordion_item title=&#8220;Mob. E. Health&#8220; _builder_version=&#8220;4.5.1&#8243; _module_preset=&#8220;default&#8220; open=&#8220;off&#8220;]<\/p>\n<p>Mit dieser Funktion k\u00f6nnen Sie eine Reihe von wichtigen Informationen (wie z.B. Medikamente, Allergien usw.) festlegen, die in verschiedene Sprachen \u00fcbersetzt werden, um sie in unvorhergesehenen Situationen Personen zug\u00e4nglich zu machen, die ein schnelles Verst\u00e4ndnis Ihres Gesundheitszustands ben\u00f6tigen. Sie k\u00f6nnen den Inhalt und die Zugriffsrechte auf diese Kerninformationen jederzeit \u00e4ndern.<\/p>\n<p>[\/et_pb_accordion_item][et_pb_accordion_item title=&#8220;MyScience&#8220; _builder_version=&#8220;4.5.1&#8243; _module_preset=&#8220;default&#8220; open=&#8220;off&#8220;]<\/p>\n<p>Diese Funktion gibt Ihnen die M\u00f6glichkeit, Ihre Gesundheitsdaten f\u00fcr Forschungs- und wissenschaftliche Zwecke zur Verf\u00fcgung zu stellen, nachdem Sie eine separate Einverst\u00e4ndniserkl\u00e4rung ausgef\u00fcllt haben. Darin k\u00f6nnen Sie den Zweck f\u00fcr Ihre Datenbereitstellung ausw\u00e4hlen, entscheiden, ob Sie Ihre Daten vollst\u00e4ndig oder nur ausgew\u00e4hlte Teile bereitstellen m\u00f6chten und ob Sie f\u00fcr Forschungsergebnisse erneut kontaktiert werden m\u00f6chten. Die Einwilligung zur Datenbereitstellung kann auch im Nachhinein widerrufen werden.<\/p>\n<p>[\/et_pb_accordion_item][\/et_pb_accordion][\/et_pb_column][\/et_pb_row][\/et_pb_section][et_pb_section fb_built=&#8220;1&#8243; fullwidth=&#8220;on&#8220; _builder_version=&#8220;4.5.1&#8243; _module_preset=&#8220;default&#8220;][et_pb_text_extender _builder_version=&#8220;4.5.1&#8243; _module_preset=&#8220;default&#8220;][\/et_pb_text_extender][\/et_pb_section][et_pb_section fb_built=&#8220;1&#8243; fullwidth=&#8220;on&#8220; _builder_version=&#8220;4.5.1&#8243; _module_preset=&#8220;default&#8220;][et_pb_text_extender _builder_version=&#8220;4.5.1&#8243; _module_preset=&#8220;default&#8220;][\/et_pb_text_extender][\/et_pb_section]<\/p>\n","protected":false},"excerpt":{"rendered":"<p>Der Smart4Health Dienst bietet Ihnen verschiedene Funktionen, die es Ihnen erm\u00f6glichen, Ihre pers\u00f6nlichen Gesundheitsdaten zu verwalten und mit von Ihnen ausgew\u00e4hlten Personen zu teilen. Nach dem Registrierungsprozess werden Sie zu einem Dashboard weitergeleitet, das Ihnen einen \u00dcberblick \u00fcber die verschiedenen Funktionen mit den Namen &#8218;MyHealthview&#8216;, &#8218;Mob.E.Health&#8216;, &#8218;MyTrusted&#8216;, &#8218;MyTime&#8216;, &#8218;MyWork&#8216; und &#8218;MyScience&#8216; gibt. Da diese Teil [&hellip;]<\/p>\n","protected":false},"author":10,"featured_media":0,"parent":0,"menu_order":0,"comment_status":"closed","ping_status":"closed","template":"","meta":{"_et_pb_use_builder":"on","_et_pb_old_content":"","_et_gb_content_width":""},"yoast_head":"<!-- This site is optimized with the Yoast SEO plugin v20.6 - https:\/\/yoast.com\/wordpress\/plugins\/seo\/ -->\n<title>Service &amp; Funktionen - Smart4Health<\/title>\n<meta name=\"robots\" content=\"index, follow, max-snippet:-1, max-image-preview:large, max-video-preview:-1\" \/>\n<link rel=\"canonical\" href=\"https:\/\/smart4health.eu\/de\/service-und-funktionen\/\" \/>\n<meta property=\"og:locale\" content=\"de_DE\" \/>\n<meta property=\"og:type\" content=\"article\" \/>\n<meta property=\"og:title\" content=\"Service &amp; Funktionen - Smart4Health\" \/>\n<meta property=\"og:description\" content=\"Der Smart4Health Dienst bietet Ihnen verschiedene Funktionen, die es Ihnen erm\u00f6glichen, Ihre pers\u00f6nlichen Gesundheitsdaten zu verwalten und mit von Ihnen ausgew\u00e4hlten Personen zu teilen. Nach dem Registrierungsprozess werden Sie zu einem Dashboard weitergeleitet, das Ihnen einen \u00dcberblick \u00fcber die verschiedenen Funktionen mit den Namen &#039;MyHealthview&#039;, &#039;Mob.E.Health&#039;, &#039;MyTrusted&#039;, &#039;MyTime&#039;, &#039;MyWork&#039; und &#039;MyScience&#039; gibt. Da diese Teil [&hellip;]\" \/>\n<meta property=\"og:url\" content=\"https:\/\/smart4health.eu\/de\/service-und-funktionen\/\" \/>\n<meta property=\"og:site_name\" content=\"Smart4Health\" \/>\n<meta property=\"article:modified_time\" content=\"2021-03-01T13:31:07+00:00\" \/>\n<meta name=\"twitter:card\" content=\"summary_large_image\" \/>\n<meta name=\"twitter:label1\" content=\"Gesch\u00e4tzte Lesezeit\" \/>\n\t<meta name=\"twitter:data1\" content=\"4\u00a0Minuten\" \/>\n<script type=\"application\/ld+json\" class=\"yoast-schema-graph\">{\"@context\":\"https:\/\/schema.org\",\"@graph\":[{\"@type\":\"WebPage\",\"@id\":\"https:\/\/smart4health.eu\/de\/service-und-funktionen\/\",\"url\":\"https:\/\/smart4health.eu\/de\/service-und-funktionen\/\",\"name\":\"Service & Funktionen - Smart4Health\",\"isPartOf\":{\"@id\":\"https:\/\/smart4health.eu\/de\/en\/#website\"},\"datePublished\":\"2020-08-16T18:16:35+00:00\",\"dateModified\":\"2021-03-01T13:31:07+00:00\",\"breadcrumb\":{\"@id\":\"https:\/\/smart4health.eu\/de\/service-und-funktionen\/#breadcrumb\"},\"inLanguage\":\"de\",\"potentialAction\":[{\"@type\":\"ReadAction\",\"target\":[\"https:\/\/smart4health.eu\/de\/service-und-funktionen\/\"]}]},{\"@type\":\"BreadcrumbList\",\"@id\":\"https:\/\/smart4health.eu\/de\/service-und-funktionen\/#breadcrumb\",\"itemListElement\":[{\"@type\":\"ListItem\",\"position\":1,\"name\":\"Startseite\",\"item\":\"https:\/\/smart4health.eu\/de\/\"},{\"@type\":\"ListItem\",\"position\":2,\"name\":\"Service &#038; Funktionen\"}]},{\"@type\":\"WebSite\",\"@id\":\"https:\/\/smart4health.eu\/de\/en\/#website\",\"url\":\"https:\/\/smart4health.eu\/de\/en\/\",\"name\":\"Smart4Health\",\"description\":\"\",\"potentialAction\":[{\"@type\":\"SearchAction\",\"target\":{\"@type\":\"EntryPoint\",\"urlTemplate\":\"https:\/\/smart4health.eu\/de\/en\/?s={search_term_string}\"},\"query-input\":\"required name=search_term_string\"}],\"inLanguage\":\"de\"}]}<\/script>\n<!-- \/ Yoast SEO plugin. -->","yoast_head_json":{"title":"Service & Funktionen - Smart4Health","robots":{"index":"index","follow":"follow","max-snippet":"max-snippet:-1","max-image-preview":"max-image-preview:large","max-video-preview":"max-video-preview:-1"},"canonical":"https:\/\/smart4health.eu\/de\/service-und-funktionen\/","og_locale":"de_DE","og_type":"article","og_title":"Service & Funktionen - Smart4Health","og_description":"Der Smart4Health Dienst bietet Ihnen verschiedene Funktionen, die es Ihnen erm\u00f6glichen, Ihre pers\u00f6nlichen Gesundheitsdaten zu verwalten und mit von Ihnen ausgew\u00e4hlten Personen zu teilen. Nach dem Registrierungsprozess werden Sie zu einem Dashboard weitergeleitet, das Ihnen einen \u00dcberblick \u00fcber die verschiedenen Funktionen mit den Namen 'MyHealthview', 'Mob.E.Health', 'MyTrusted', 'MyTime', 'MyWork' und 'MyScience' gibt. Da diese Teil [&hellip;]","og_url":"https:\/\/smart4health.eu\/de\/service-und-funktionen\/","og_site_name":"Smart4Health","article_modified_time":"2021-03-01T13:31:07+00:00","twitter_card":"summary_large_image","twitter_misc":{"Gesch\u00e4tzte Lesezeit":"4\u00a0Minuten"},"schema":{"@context":"https:\/\/schema.org","@graph":[{"@type":"WebPage","@id":"https:\/\/smart4health.eu\/de\/service-und-funktionen\/","url":"https:\/\/smart4health.eu\/de\/service-und-funktionen\/","name":"Service & Funktionen - Smart4Health","isPartOf":{"@id":"https:\/\/smart4health.eu\/de\/en\/#website"},"datePublished":"2020-08-16T18:16:35+00:00","dateModified":"2021-03-01T13:31:07+00:00","breadcrumb":{"@id":"https:\/\/smart4health.eu\/de\/service-und-funktionen\/#breadcrumb"},"inLanguage":"de","potentialAction":[{"@type":"ReadAction","target":["https:\/\/smart4health.eu\/de\/service-und-funktionen\/"]}]},{"@type":"BreadcrumbList","@id":"https:\/\/smart4health.eu\/de\/service-und-funktionen\/#breadcrumb","itemListElement":[{"@type":"ListItem","position":1,"name":"Startseite","item":"https:\/\/smart4health.eu\/de\/"},{"@type":"ListItem","position":2,"name":"Service &#038; Funktionen"}]},{"@type":"WebSite","@id":"https:\/\/smart4health.eu\/de\/en\/#website","url":"https:\/\/smart4health.eu\/de\/en\/","name":"Smart4Health","description":"","potentialAction":[{"@type":"SearchAction","target":{"@type":"EntryPoint","urlTemplate":"https:\/\/smart4health.eu\/de\/en\/?s={search_term_string}"},"query-input":"required name=search_term_string"}],"inLanguage":"de"}]}},"_links":{"self":[{"href":"https:\/\/smart4health.eu\/de\/wp-json\/wp\/v2\/pages\/8979"}],"collection":[{"href":"https:\/\/smart4health.eu\/de\/wp-json\/wp\/v2\/pages"}],"about":[{"href":"https:\/\/smart4health.eu\/de\/wp-json\/wp\/v2\/types\/page"}],"author":[{"embeddable":true,"href":"https:\/\/smart4health.eu\/de\/wp-json\/wp\/v2\/users\/10"}],"replies":[{"embeddable":true,"href":"https:\/\/smart4health.eu\/de\/wp-json\/wp\/v2\/comments?post=8979"}],"version-history":[{"count":21,"href":"https:\/\/smart4health.eu\/de\/wp-json\/wp\/v2\/pages\/8979\/revisions"}],"predecessor-version":[{"id":14315,"href":"https:\/\/smart4health.eu\/de\/wp-json\/wp\/v2\/pages\/8979\/revisions\/14315"}],"wp:attachment":[{"href":"https:\/\/smart4health.eu\/de\/wp-json\/wp\/v2\/media?parent=8979"}],"curies":[{"name":"wp","href":"https:\/\/api.w.org\/{rel}","templated":true}]}}