

{"id":8773,"date":"2020-08-16T12:53:20","date_gmt":"2020-08-16T10:53:20","guid":{"rendered":"https:\/\/smart4health.testing.linux15.3pc.de\/?page_id=8773"},"modified":"2021-06-02T15:55:47","modified_gmt":"2021-06-02T13:55:47","slug":"impressum","status":"publish","type":"page","link":"https:\/\/smart4health.eu\/de\/impressum\/","title":{"rendered":"Impressum"},"content":{"rendered":"<p>[et_pb_section fb_built=&#8220;1&#8243; _builder_version=&#8220;4.5.1&#8243; _module_preset=&#8220;default&#8220; background_color=&#8220;#ffffff&#8220; custom_margin=&#8220;0px||||false|false&#8220;][et_pb_row _builder_version=&#8220;4.5.1&#8243; _module_preset=&#8220;default&#8220; background_color=&#8220;#ffffff&#8220;][et_pb_column type=&#8220;4_4&#8243; _builder_version=&#8220;4.5.1&#8243; _module_preset=&#8220;default&#8220;][et_pb_text _builder_version=&#8220;4.9.4&#8243; _module_preset=&#8220;default&#8220; hover_enabled=&#8220;0&#8243; sticky_enabled=&#8220;0&#8243;]<\/p>\n<p><strong>Hasso-Plattner-Institut f\u00fcr Digital Engineering gGmbH<\/strong><br \/>Prof.-Dr.-Helmert-Str. 2-3<br \/>14482 Potsdam<br \/>Telefon: +49 (0)331 \/ 5509-0<br \/>Telefax: +49 (0)331 \/ 5509-129<br \/>E-Mail: hpi-info(at)hpi.de<br \/>Internet: www.hpi.de<\/p>\n<p>Sitz: Potsdam<br \/>Registergericht: AG Potsdam, HRB 12184 P<br \/>Gesch\u00e4ftsf\u00fchrer: Prof. Dr. Christoph Meinel (CEO), Dr. Marcus K\u00f6lling (CFO)<\/p>\n<p><strong>Verantwortlich f\u00fcr den Inhalt:<\/strong><br \/>Dr. Attila Wohlbrandt<\/p>\n<p><strong>Herausgeber:<\/strong><br \/>Smart4Health-Konsortium<strong><\/strong><\/p>\n<p><strong>Texte:<\/strong><br \/>Smart4Health-Konsortium<\/p>\n<p><strong>Rechtliche Hinweise:<\/strong><br \/>Das Smart4Health-Konsortium pr\u00fcft und aktualisiert die Informationen auf seinen Websites st\u00e4ndig. Trotz aller Sorgfalt k\u00f6nnen wir nicht ausschlie\u00dfen, dass einige Daten inzwischen veraltet sind. Deshalb k\u00f6nnen wir f\u00fcr die Aktualit\u00e4t, Korrektheit und Vollst\u00e4ndigkeit der angezeigten Informationen keine Gew\u00e4hr \u00fcbernehmen. Gleiches gilt auch f\u00fcr alle anderen Websites, auf die mittels Hyperlink verwiesen wird. Das Konsortium ist f\u00fcr den Inhalt der Websites, die \u00fcber einen solchen Link erreicht werden, nicht verantwortlich. Das Konsortium beh\u00e4lt sich au\u00dferdem das Recht vor, \u00c4nderungen oder Erg\u00e4nzungen der bereitgestellten Informationen vorzunehmen. Inhalt und Struktur der Smart4Health-Website sind urheberrechtlich gesch\u00fctzt. Die Vervielf\u00e4ltigung von Informationen oder Daten, insbesondere die Verwendung von Texten, Textteilen oder Bildmaterial, bedarf unserer vorherigen Zustimmung.<\/p>\n<p><strong>Datenschutzerkl\u00e4rung<\/strong>:<br \/>Weitere Informationen finden Sie in der Datenschutzerkl\u00e4rung.<\/p>\n<p>Die Konsortialpartner des Smart4Health-Projekts sind f\u00fcr alle internen Inhalte der Website verantwortlich. Mit Kritik oder Kommentaren zum Inhalt wenden Sie sich bitte an Dr. Attila Wohlbrandt (attila.wohlbrandt(at)hpi.de).<\/p>\n<p><strong>Urheberrecht<\/strong><br \/>Diese Website und ihre Inhalte unterliegen dem deutschen Urheber- und Leistungsschutzrecht. Eine unerlaubte Vervielf\u00e4ltigung au\u00dferhalb der engen Grenzen des Urheberrechtsgesetzes ist ohne schriftliche Zustimmung des Konsortiums nicht gestattet.<\/p>\n<p><strong>Haftung f\u00fcr die abrufbaren Inhalte<br \/><\/strong>Die hier abrufbaren Inhalte erheben keinen Anspruch auf Richtigkeit, Benutzerfreundlichkeit und\/oder Vollst\u00e4ndigkeit. Die rechtlichen Hinweise sind unverbindlich und daher nicht rechtsverbindlich. Sie haben vielmehr informativen Charakter, ohne dass Gew\u00e4hr f\u00fcr ihre Richtigkeit \u00fcbernommen wird.<\/p>\n<p><strong>Haftung f\u00fcr Links<\/strong><br \/>Die externen Links zu Angeboten Dritter, die zu Inhalten der jeweiligen Anbieter f\u00fchren, sind nicht die des Konsortiums. Diese Verweise sind als solche aus dem Zusammenhang erkennbar oder gesondert gekennzeichnet. Das Konsortium hat keinerlei Einfluss auf die dort bereitgestellten Inhalte und macht sich diese Inhalte durch die Links nicht zu eigen.<\/p>\n<p><strong>Fotonachweis<\/strong><br \/>Das Bildrecht f\u00fcr Abbildungen und Bilder liegt, sofern nicht ausdr\u00fccklich anders angegeben, beim Smart4Health-Konsortium.<\/p>\n<p>[\/et_pb_text][\/et_pb_column][\/et_pb_row][\/et_pb_section][et_pb_section fb_built=&#8220;1&#8243; fullwidth=&#8220;on&#8220; _builder_version=&#8220;4.5.1&#8243; _module_preset=&#8220;default&#8220;][et_pb_text_extender _builder_version=&#8220;4.5.1&#8243; _module_preset=&#8220;default&#8220;][\/et_pb_text_extender][\/et_pb_section][et_pb_section fb_built=&#8220;1&#8243; fullwidth=&#8220;on&#8220; _builder_version=&#8220;4.5.1&#8243; _module_preset=&#8220;default&#8220;][et_pb_text_extender _builder_version=&#8220;4.5.1&#8243; _module_preset=&#8220;default&#8220;][\/et_pb_text_extender][\/et_pb_section]<\/p>\n","protected":false},"excerpt":{"rendered":"<p>Hasso-Plattner-Institut f\u00fcr Digital Engineering gGmbHProf.-Dr.-Helmert-Str. 2-314482 PotsdamTelefon: +49 (0)331 \/ 5509-0Telefax: +49 (0)331 \/ 5509-129E-Mail: hpi-info(at)hpi.deInternet: www.hpi.de Sitz: PotsdamRegistergericht: AG Potsdam, HRB 12184 PGesch\u00e4ftsf\u00fchrer: Prof. Dr. Christoph Meinel (CEO), Dr. Marcus K\u00f6lling (CFO) Verantwortlich f\u00fcr den Inhalt:Dr. Attila Wohlbrandt Herausgeber:Smart4Health-Konsortium Texte:Smart4Health-Konsortium Rechtliche Hinweise:Das Smart4Health-Konsortium pr\u00fcft und aktualisiert die Informationen auf seinen Websites st\u00e4ndig. Trotz aller [&hellip;]<\/p>\n","protected":false},"author":10,"featured_media":0,"parent":0,"menu_order":0,"comment_status":"closed","ping_status":"closed","template":"","meta":{"_et_pb_use_builder":"on","_et_pb_old_content":"","_et_gb_content_width":""},"yoast_head":"<!-- This site is optimized with the Yoast SEO plugin v20.6 - https:\/\/yoast.com\/wordpress\/plugins\/seo\/ -->\n<title>Impressum - Smart4Health<\/title>\n<meta name=\"robots\" content=\"index, follow, max-snippet:-1, max-image-preview:large, max-video-preview:-1\" \/>\n<link rel=\"canonical\" href=\"https:\/\/smart4health.eu\/de\/impressum\/\" \/>\n<meta property=\"og:locale\" content=\"de_DE\" \/>\n<meta property=\"og:type\" content=\"article\" \/>\n<meta property=\"og:title\" content=\"Impressum - Smart4Health\" \/>\n<meta property=\"og:description\" content=\"Hasso-Plattner-Institut f\u00fcr Digital Engineering gGmbHProf.-Dr.-Helmert-Str. 2-314482 PotsdamTelefon: +49 (0)331 \/ 5509-0Telefax: +49 (0)331 \/ 5509-129E-Mail: hpi-info(at)hpi.deInternet: www.hpi.de Sitz: PotsdamRegistergericht: AG Potsdam, HRB 12184 PGesch\u00e4ftsf\u00fchrer: Prof. Dr. Christoph Meinel (CEO), Dr. Marcus K\u00f6lling (CFO) Verantwortlich f\u00fcr den Inhalt:Dr. Attila Wohlbrandt Herausgeber:Smart4Health-Konsortium Texte:Smart4Health-Konsortium Rechtliche Hinweise:Das Smart4Health-Konsortium pr\u00fcft und aktualisiert die Informationen auf seinen Websites st\u00e4ndig. Trotz aller [&hellip;]\" \/>\n<meta property=\"og:url\" content=\"https:\/\/smart4health.eu\/de\/impressum\/\" \/>\n<meta property=\"og:site_name\" content=\"Smart4Health\" \/>\n<meta property=\"article:modified_time\" content=\"2021-06-02T13:55:47+00:00\" \/>\n<meta name=\"twitter:card\" content=\"summary_large_image\" \/>\n<meta name=\"twitter:label1\" content=\"Gesch\u00e4tzte Lesezeit\" \/>\n\t<meta name=\"twitter:data1\" content=\"2\u00a0Minuten\" \/>\n<script type=\"application\/ld+json\" class=\"yoast-schema-graph\">{\"@context\":\"https:\/\/schema.org\",\"@graph\":[{\"@type\":\"WebPage\",\"@id\":\"https:\/\/smart4health.eu\/de\/impressum\/\",\"url\":\"https:\/\/smart4health.eu\/de\/impressum\/\",\"name\":\"Impressum - Smart4Health\",\"isPartOf\":{\"@id\":\"https:\/\/smart4health.eu\/de\/en\/#website\"},\"datePublished\":\"2020-08-16T10:53:20+00:00\",\"dateModified\":\"2021-06-02T13:55:47+00:00\",\"breadcrumb\":{\"@id\":\"https:\/\/smart4health.eu\/de\/impressum\/#breadcrumb\"},\"inLanguage\":\"de\",\"potentialAction\":[{\"@type\":\"ReadAction\",\"target\":[\"https:\/\/smart4health.eu\/de\/impressum\/\"]}]},{\"@type\":\"BreadcrumbList\",\"@id\":\"https:\/\/smart4health.eu\/de\/impressum\/#breadcrumb\",\"itemListElement\":[{\"@type\":\"ListItem\",\"position\":1,\"name\":\"Startseite\",\"item\":\"https:\/\/smart4health.eu\/de\/\"},{\"@type\":\"ListItem\",\"position\":2,\"name\":\"Impressum\"}]},{\"@type\":\"WebSite\",\"@id\":\"https:\/\/smart4health.eu\/de\/en\/#website\",\"url\":\"https:\/\/smart4health.eu\/de\/en\/\",\"name\":\"Smart4Health\",\"description\":\"\",\"potentialAction\":[{\"@type\":\"SearchAction\",\"target\":{\"@type\":\"EntryPoint\",\"urlTemplate\":\"https:\/\/smart4health.eu\/de\/en\/?s={search_term_string}\"},\"query-input\":\"required name=search_term_string\"}],\"inLanguage\":\"de\"}]}<\/script>\n<!-- \/ Yoast SEO plugin. -->","yoast_head_json":{"title":"Impressum - Smart4Health","robots":{"index":"index","follow":"follow","max-snippet":"max-snippet:-1","max-image-preview":"max-image-preview:large","max-video-preview":"max-video-preview:-1"},"canonical":"https:\/\/smart4health.eu\/de\/impressum\/","og_locale":"de_DE","og_type":"article","og_title":"Impressum - Smart4Health","og_description":"Hasso-Plattner-Institut f\u00fcr Digital Engineering gGmbHProf.-Dr.-Helmert-Str. 2-314482 PotsdamTelefon: +49 (0)331 \/ 5509-0Telefax: +49 (0)331 \/ 5509-129E-Mail: hpi-info(at)hpi.deInternet: www.hpi.de Sitz: PotsdamRegistergericht: AG Potsdam, HRB 12184 PGesch\u00e4ftsf\u00fchrer: Prof. Dr. Christoph Meinel (CEO), Dr. Marcus K\u00f6lling (CFO) Verantwortlich f\u00fcr den Inhalt:Dr. Attila Wohlbrandt Herausgeber:Smart4Health-Konsortium Texte:Smart4Health-Konsortium Rechtliche Hinweise:Das Smart4Health-Konsortium pr\u00fcft und aktualisiert die Informationen auf seinen Websites st\u00e4ndig. Trotz aller [&hellip;]","og_url":"https:\/\/smart4health.eu\/de\/impressum\/","og_site_name":"Smart4Health","article_modified_time":"2021-06-02T13:55:47+00:00","twitter_card":"summary_large_image","twitter_misc":{"Gesch\u00e4tzte Lesezeit":"2\u00a0Minuten"},"schema":{"@context":"https:\/\/schema.org","@graph":[{"@type":"WebPage","@id":"https:\/\/smart4health.eu\/de\/impressum\/","url":"https:\/\/smart4health.eu\/de\/impressum\/","name":"Impressum - Smart4Health","isPartOf":{"@id":"https:\/\/smart4health.eu\/de\/en\/#website"},"datePublished":"2020-08-16T10:53:20+00:00","dateModified":"2021-06-02T13:55:47+00:00","breadcrumb":{"@id":"https:\/\/smart4health.eu\/de\/impressum\/#breadcrumb"},"inLanguage":"de","potentialAction":[{"@type":"ReadAction","target":["https:\/\/smart4health.eu\/de\/impressum\/"]}]},{"@type":"BreadcrumbList","@id":"https:\/\/smart4health.eu\/de\/impressum\/#breadcrumb","itemListElement":[{"@type":"ListItem","position":1,"name":"Startseite","item":"https:\/\/smart4health.eu\/de\/"},{"@type":"ListItem","position":2,"name":"Impressum"}]},{"@type":"WebSite","@id":"https:\/\/smart4health.eu\/de\/en\/#website","url":"https:\/\/smart4health.eu\/de\/en\/","name":"Smart4Health","description":"","potentialAction":[{"@type":"SearchAction","target":{"@type":"EntryPoint","urlTemplate":"https:\/\/smart4health.eu\/de\/en\/?s={search_term_string}"},"query-input":"required name=search_term_string"}],"inLanguage":"de"}]}},"_links":{"self":[{"href":"https:\/\/smart4health.eu\/de\/wp-json\/wp\/v2\/pages\/8773"}],"collection":[{"href":"https:\/\/smart4health.eu\/de\/wp-json\/wp\/v2\/pages"}],"about":[{"href":"https:\/\/smart4health.eu\/de\/wp-json\/wp\/v2\/types\/page"}],"author":[{"embeddable":true,"href":"https:\/\/smart4health.eu\/de\/wp-json\/wp\/v2\/users\/10"}],"replies":[{"embeddable":true,"href":"https:\/\/smart4health.eu\/de\/wp-json\/wp\/v2\/comments?post=8773"}],"version-history":[{"count":10,"href":"https:\/\/smart4health.eu\/de\/wp-json\/wp\/v2\/pages\/8773\/revisions"}],"predecessor-version":[{"id":14822,"href":"https:\/\/smart4health.eu\/de\/wp-json\/wp\/v2\/pages\/8773\/revisions\/14822"}],"wp:attachment":[{"href":"https:\/\/smart4health.eu\/de\/wp-json\/wp\/v2\/media?parent=8773"}],"curies":[{"name":"wp","href":"https:\/\/api.w.org\/{rel}","templated":true}]}}