

{"id":13075,"date":"2021-02-02T15:00:58","date_gmt":"2021-02-02T14:00:58","guid":{"rendered":"https:\/\/smart4health.eu\/?page_id=13075"},"modified":"2021-07-09T14:52:07","modified_gmt":"2021-07-09T12:52:07","slug":"buerger-anwendungsfall-smart4health-auf-reisen-und-im-taeglichen-leben","status":"publish","type":"page","link":"https:\/\/smart4health.eu\/de\/buerger-anwendungsfall-smart4health-auf-reisen-und-im-taeglichen-leben\/","title":{"rendered":"B\u00fcrger-Anwendungsfall: Smart4Health auf Reisen und im t\u00e4glichen Leben"},"content":{"rendered":"<p>[et_pb_section fb_built=&#8220;1&#8243; admin_label=&#8220;Service Section&#8220; _builder_version=&#8220;4.7.4&#8243; background_color=&#8220;#ffffff&#8220; background_enable_image=&#8220;off&#8220; background_position=&#8220;top_center&#8220; min_height=&#8220;115px&#8220; custom_margin=&#8220;21px|||||&#8220; custom_padding=&#8220;0px|0px|0px|0px||&#8220;][et_pb_row disabled_on=&#8220;on|off|off&#8220; _builder_version=&#8220;4.7.4&#8243; min_height=&#8220;109px&#8220; custom_margin=&#8220;-44px|auto||auto||&#8220; custom_padding=&#8220;1px|||||&#8220;][et_pb_column type=&#8220;4_4&#8243; _builder_version=&#8220;3.25&#8243; custom_padding=&#8220;|||&#8220; custom_padding__hover=&#8220;|||&#8220;][et_pb_text admin_label=&#8220;Title&#8220; _builder_version=&#8220;4.8.1&#8243; text_font=&#8220;Poppins||||||||&#8220; text_font_size=&#8220;16px&#8220; text_line_height=&#8220;1.8em&#8220; header_font=&#8220;||||||||&#8220; header_font_size=&#8220;40px&#8220; header_2_font=&#8220;Poppins|600|||||||&#8220; header_2_text_color=&#8220;#3d9faf&#8220; header_2_font_size=&#8220;36px&#8220; header_2_line_height=&#8220;1.4em&#8220; max_width=&#8220;737px&#8220; min_height=&#8220;104px&#8220; custom_margin=&#8220;3px|-14px|55px|||&#8220; custom_padding=&#8220;0px|0px|0px|||&#8220; animation_style=&#8220;fold&#8220; animation_direction=&#8220;left&#8220; animation_intensity_fold=&#8220;10%&#8220; animation_starting_opacity=&#8220;100%&#8220;]<\/p>\n<h2><strong>Smart4Health auf Reisen und im t\u00e4glichen Leben<\/strong><\/h2>\n<p><strong>Sie k\u00f6nnen jederzeit und \u00fcberall auf Ihre Gesundheitsdaten zugreifen und diese verwalten<\/strong><\/p>\n<p><strong><\/strong>[\/et_pb_text][\/et_pb_column][\/et_pb_row][\/et_pb_section][et_pb_section fb_built=&#8220;1&#8243; specialty=&#8220;on&#8220; admin_label=&#8220;CUC5&#8243; _builder_version=&#8220;4.8.2&#8243; _module_preset=&#8220;default&#8220; custom_margin=&#8220;-20px|||||&#8220;][et_pb_column type=&#8220;1_2&#8243; _builder_version=&#8220;3.25&#8243; custom_padding=&#8220;|||&#8220; custom_padding__hover=&#8220;|||&#8220;][et_pb_image src=&#8220;https:\/\/smart4health.eu\/wp-content\/uploads\/2021\/01\/20210112_CUC_Graphics_final_traveldailylife.png&#8220; title_text=&#8220;20210112_CUC_Graphics_final_traveldailylife&#8220; show_bottom_space=&#8220;off&#8220; force_fullwidth=&#8220;on&#8220; align_tablet=&#8220;center&#8220; align_phone=&#8220;&#8220; align_last_edited=&#8220;on|desktop&#8220; disabled_on=&#8220;on|off|off&#8220; _builder_version=&#8220;4.7.7&#8243; custom_margin=&#8220;|54px|13px|||&#8220; custom_padding=&#8220;26px|77px|0px|||&#8220;][\/et_pb_image][et_pb_text disabled_on=&#8220;off|off|off&#8220; admin_label=&#8220;Title&#8220; _builder_version=&#8220;4.7.4&#8243; text_font=&#8220;Poppins||||||||&#8220; text_font_size=&#8220;16px&#8220; text_line_height=&#8220;1.8em&#8220; header_font=&#8220;||||||||&#8220; header_2_font=&#8220;Poppins|600|||||||&#8220; header_2_text_color=&#8220;#3d9faf&#8220; header_2_font_size=&#8220;36px&#8220; header_2_line_height=&#8220;1.4em&#8220; max_width=&#8220;904px&#8220; custom_margin=&#8220;||50px|||&#8220; custom_padding=&#8220;0px|102px||0px||&#8220; animation_style=&#8220;fold&#8220; animation_direction=&#8220;left&#8220; animation_intensity_fold=&#8220;10%&#8220; animation_starting_opacity=&#8220;100%&#8220; inline_fonts=&#8220;Poppins&#8220;]<\/p>\n<p>#CUC8_Madeira #S4H_Madeira #life_vacation_health #life_vacation_ehealth #saude_f\u00e9rias # EHR_Madeira #saudedigital #saudedigital_Madeira #esaude_Maderia<\/p>\n<p>[\/et_pb_text][\/et_pb_column][et_pb_column type=&#8220;1_2&#8243; specialty_columns=&#8220;2&#8243; _builder_version=&#8220;3.25&#8243; custom_padding=&#8220;|||&#8220; custom_padding__hover=&#8220;|||&#8220;][et_pb_row_inner column_structure=&#8220;1_2,1_2&#8243; _builder_version=&#8220;4.6.1&#8243; _module_preset=&#8220;default&#8220; min_height=&#8220;130px&#8220; custom_margin=&#8220;-28px||-33px|-2px||&#8220; custom_padding=&#8220;2px|||||&#8220;][et_pb_column_inner type=&#8220;1_2&#8243; saved_specialty_column_type=&#8220;1_2&#8243; _builder_version=&#8220;4.6.1&#8243; _module_preset=&#8220;default&#8220;][et_pb_text admin_label=&#8220;Title&#8220; _builder_version=&#8220;4.8.1&#8243; text_font=&#8220;Poppins||||||||&#8220; text_line_height=&#8220;1.8em&#8220; header_font=&#8220;||||||||&#8220; header_2_font=&#8220;Poppins|600|||||||&#8220; header_2_text_color=&#8220;#3d9faf&#8220; header_2_font_size=&#8220;36px&#8220; header_2_line_height=&#8220;1.4em&#8220; max_width=&#8220;550px&#8220; min_height=&#8220;120px&#8220; custom_margin=&#8220;||-2px|-2px||&#8220; custom_padding=&#8220;|0px|0px|||&#8220; animation_style=&#8220;fold&#8220; animation_direction=&#8220;left&#8220; animation_intensity_fold=&#8220;10%&#8220; animation_starting_opacity=&#8220;100%&#8220; inline_fonts=&#8220;Poppins&#8220;]<\/p>\n<h2><span style=\"font-size: x-large; font-family: Poppins;\">Wo?<br \/> <\/span><\/h2>\n<ul>\n<li>\n<p>Madeira, Portugal<\/p>\n<\/li>\n<\/ul>\n<p>[\/et_pb_text][\/et_pb_column_inner][et_pb_column_inner type=&#8220;1_2&#8243; saved_specialty_column_type=&#8220;1_2&#8243; _builder_version=&#8220;4.6.1&#8243; _module_preset=&#8220;default&#8220;][et_pb_text admin_label=&#8220;Title&#8220; _builder_version=&#8220;4.8.1&#8243; text_font=&#8220;Poppins||||||||&#8220; text_font_size=&#8220;16px&#8220; text_line_height=&#8220;1.8em&#8220; header_font=&#8220;||||||||&#8220; header_2_font=&#8220;Poppins|600|||||||&#8220; header_2_text_color=&#8220;#3d9faf&#8220; header_2_font_size=&#8220;36px&#8220; header_2_line_height=&#8220;1.4em&#8220; max_width=&#8220;563px&#8220; custom_margin=&#8220;|||-1px||&#8220; custom_padding=&#8220;|0px|17px|0px||&#8220; animation_style=&#8220;fold&#8220; animation_direction=&#8220;left&#8220; animation_intensity_fold=&#8220;10%&#8220; animation_starting_opacity=&#8220;100%&#8220; inline_fonts=&#8220;Poppins&#8220;]<\/p>\n<h2><span style=\"font-size: x-large; font-family: Poppins;\">Who?<br \/><\/span><\/h2>\n<ul>\n<li>\n<p>Touristen und B\u00fcrger*innen<\/p>\n<\/li>\n<\/ul>\n<p>[\/et_pb_text][\/et_pb_column_inner][\/et_pb_row_inner][et_pb_row_inner _builder_version=&#8220;4.6.1&#8243; _module_preset=&#8220;default&#8220; custom_padding=&#8220;0px|||||&#8220;][et_pb_column_inner saved_specialty_column_type=&#8220;1_2&#8243; _builder_version=&#8220;4.6.1&#8243; _module_preset=&#8220;default&#8220;][et_pb_text admin_label=&#8220;Title&#8220; _builder_version=&#8220;4.8.2&#8243; text_font=&#8220;Poppins||||||||&#8220; text_font_size=&#8220;16px&#8220; text_line_height=&#8220;1.8em&#8220; header_font=&#8220;||||||||&#8220; header_2_font=&#8220;Poppins|600|||||||&#8220; header_2_text_color=&#8220;#3d9faf&#8220; header_2_font_size=&#8220;36px&#8220; header_2_line_height=&#8220;1.4em&#8220; max_width=&#8220;575px&#8220; min_height=&#8220;279px&#8220; custom_margin=&#8220;2px||-2px|-1px||&#8220; custom_padding=&#8220;|0px|0px|0px||&#8220; animation_style=&#8220;fold&#8220; animation_direction=&#8220;left&#8220; animation_intensity_fold=&#8220;10%&#8220; animation_starting_opacity=&#8220;100%&#8220; inline_fonts=&#8220;Poppins&#8220;]<\/p>\n<h2><span style=\"font-size: x-large; font-family: Poppins;\">Was?<br \/>\n<\/span><\/h2>\n<ul>\n<li><span style=\"font-size: small;\">Wir bieten den Teilnehmenden eine R\u00fccken-Check-up.<\/span><\/li>\n<li><span style=\"font-size: small;\">Wir bieten Teilnehmenden ein spezifisches Training zur St\u00e4rkung der unteren R\u00fcckenmuskulatur und zur Vorbeugung von Verletzungen an.<\/span><\/li>\n<li><span style=\"font-size: small;\">Die Teilnehmenden nutzen Wearables, um Daten zu Gesundheit und Wohlbefinden zu sammeln.<\/span><\/li>\n<li><span style=\"font-size: small;\">Wir bieten den Teilnehmenden die M\u00f6glichkeit, ihre lokalen EHR-Daten in die 4HealthPlatform hochzuladen.<\/span><\/li>\n<li><span style=\"font-size: small;\">Auf Reisen und in unvorhergesehenen Situationen k\u00f6nnen Sie Ihre Gesundheitsdaten weitergeben und eine bessere Gesundheitsversorgung erm\u00f6glichen.<\/span><\/li>\n<li><span style=\"font-size: small;\">Daten zu Gesundheit und Wohlbefinden werden gesammelt und auf die Smart4Health-Plattform hochgeladen.<\/span><\/li>\n<li><span style=\"font-size: small;\">Die Teilnehmenden geben wertvolles Feedback und validieren die L\u00f6sung.<\/span><\/li>\n<\/ul>\n<p>[\/et_pb_text][et_pb_text admin_label=&#8220;Title&#8220; _builder_version=&#8220;4.8.1&#8243; text_font=&#8220;Poppins||||||||&#8220; text_font_size=&#8220;16px&#8220; text_line_height=&#8220;1.8em&#8220; header_font=&#8220;||||||||&#8220; header_2_font=&#8220;Poppins|600|||||||&#8220; header_2_text_color=&#8220;#3d9faf&#8220; header_2_font_size=&#8220;36px&#8220; header_2_line_height=&#8220;1.4em&#8220; max_width=&#8220;572px&#8220; min_height=&#8220;178px&#8220; custom_margin=&#8220;0px||0px|0px|false|false&#8220; custom_padding=&#8220;0px|0px|0px|0px||&#8220; animation_style=&#8220;fold&#8220; animation_direction=&#8220;left&#8220; animation_intensity_fold=&#8220;10%&#8220; animation_starting_opacity=&#8220;100%&#8220; inline_fonts=&#8220;Poppins&#8220;]<\/p>\n<h2><span style=\"font-size: x-large; font-family: Poppins;\">Warum?<br \/> <\/span><\/h2>\n<ul>\n<li><span style=\"font-size: small;\">Sie k\u00f6nnen Ihre Gesundheitsdaten sicher speichern und verwalten..<\/span><\/li>\n<li><span style=\"font-size: small;\">Teilen Sie Ihre Gesundheitsdaten mit medizinischem Fachpersonal und Vertrauenspersonen.<\/span><span style=\"font-size: small;\"><\/span><\/li>\n<li><span style=\"font-size: small;\">Sie k\u00f6nnen Erkenntnisse \u00fcber Ihre eigene Gesundheit erhalten.<\/span><\/li>\n<\/ul>\n<p>[\/et_pb_text][\/et_pb_column_inner][\/et_pb_row_inner][\/et_pb_column][\/et_pb_section][et_pb_section fb_built=&#8220;1&#8243; _builder_version=&#8220;4.7.4&#8243; _module_preset=&#8220;default&#8220;][et_pb_row _builder_version=&#8220;4.7.4&#8243; _module_preset=&#8220;default&#8220;][et_pb_column type=&#8220;4_4&#8243; _builder_version=&#8220;4.7.4&#8243; _module_preset=&#8220;default&#8220;][et_pb_text admin_label=&#8220;Title&#8220; _builder_version=&#8220;4.8.1&#8243; text_font=&#8220;Poppins||||||||&#8220; text_line_height=&#8220;1.8em&#8220; header_font=&#8220;||||||||&#8220; header_2_font=&#8220;Poppins|600|||||||&#8220; header_2_text_color=&#8220;#3d9faf&#8220; header_2_font_size=&#8220;36px&#8220; header_2_line_height=&#8220;1.4em&#8220; max_width=&#8220;550px&#8220; min_height=&#8220;83px&#8220; custom_margin=&#8220;||-41px|-2px||&#8220; custom_padding=&#8220;|0px|0px|||&#8220; animation_style=&#8220;fold&#8220; animation_direction=&#8220;left&#8220; animation_intensity_fold=&#8220;10%&#8220; animation_starting_opacity=&#8220;100%&#8220; inline_fonts=&#8220;Poppins&#8220;]<\/p>\n<h2><span style=\"font-size: x-large; font-family: Poppins;\">F\u00fchrende Projektpartner<br \/> <\/span><\/h2>\n<p>&nbsp;<\/p>\n<p>[\/et_pb_text][\/et_pb_column][\/et_pb_row][\/et_pb_section][et_pb_section fb_built=&#8220;1&#8243; _builder_version=&#8220;4.7.4&#8243; _module_preset=&#8220;default&#8220;][et_pb_row column_structure=&#8220;1_5,1_5,1_5,1_5,1_5&#8243; _builder_version=&#8220;4.7.4&#8243; _module_preset=&#8220;default&#8220;][et_pb_column type=&#8220;1_5&#8243; _builder_version=&#8220;4.7.4&#8243; _module_preset=&#8220;default&#8220;][et_pb_image src=&#8220;https:\/\/smart4health.eu\/wp-content\/uploads\/2020\/08\/Madeira-200&#215;110-1.png&#8220; title_text=&#8220;Madeira-200&#215;110-1&#8243; _builder_version=&#8220;4.7.4&#8243; _module_preset=&#8220;default&#8220; custom_padding=&#8220;|20px||20px|false|false&#8220;][\/et_pb_image][\/et_pb_column][et_pb_column type=&#8220;1_5&#8243; _builder_version=&#8220;4.7.4&#8243; _module_preset=&#8220;default&#8220;][et_pb_image src=&#8220;https:\/\/smart4health.eu\/wp-content\/uploads\/2021\/02\/UNINOVA-1.png&#8220; title_text=&#8220;UNINOVA&#8220; _builder_version=&#8220;4.9.0&#8243; _module_preset=&#8220;default&#8220; custom_padding=&#8220;|20px||20px|false|false&#8220;][\/et_pb_image][\/et_pb_column][et_pb_column type=&#8220;1_5&#8243; _builder_version=&#8220;4.7.4&#8243; _module_preset=&#8220;default&#8220;][et_pb_image src=&#8220;https:\/\/smart4health.eu\/wp-content\/uploads\/2020\/08\/uniklinik-300&#215;148-1.png&#8220; title_text=&#8220;uniklinik-300&#215;148-1&#8243; _builder_version=&#8220;4.7.4&#8243; _module_preset=&#8220;default&#8220; custom_padding=&#8220;|20px||20px|false|false&#8220;][\/et_pb_image][\/et_pb_column][et_pb_column type=&#8220;1_5&#8243; _builder_version=&#8220;4.7.4&#8243; _module_preset=&#8220;default&#8220;][et_pb_image src=&#8220;https:\/\/smart4health.eu\/wp-content\/uploads\/2020\/08\/k-bis-200&#215;110-1.png&#8220; title_text=&#8220;k-bis-200&#215;110-1&#8243; _builder_version=&#8220;4.7.4&#8243; _module_preset=&#8220;default&#8220; custom_padding=&#8220;|20px||20px|false|false&#8220;][\/et_pb_image][\/et_pb_column][et_pb_column type=&#8220;1_5&#8243; _builder_version=&#8220;4.7.4&#8243; _module_preset=&#8220;default&#8220;][et_pb_image src=&#8220;https:\/\/smart4health.eu\/wp-content\/uploads\/2020\/08\/ospedale-200&#215;110-1.png&#8220; title_text=&#8220;ospedale-200&#215;110-1&#8243; _builder_version=&#8220;4.7.4&#8243; _module_preset=&#8220;default&#8220; custom_padding=&#8220;|20px||20px|false|false&#8220;][\/et_pb_image][\/et_pb_column][\/et_pb_row][\/et_pb_section][et_pb_section fb_built=&#8220;1&#8243; _builder_version=&#8220;4.7.4&#8243; _module_preset=&#8220;default&#8220;][et_pb_row _builder_version=&#8220;4.7.4&#8243; _module_preset=&#8220;default&#8220;][et_pb_column type=&#8220;4_4&#8243; _builder_version=&#8220;4.7.4&#8243; _module_preset=&#8220;default&#8220;][et_pb_button button_url=&#8220;https:\/\/smart4health.eu\/?page_id=12938&#8243; button_text=&#8220;Mehr Anwendungsf\u00e4lle&#8220; button_alignment=&#8220;center&#8220; _builder_version=&#8220;4.8.1&#8243; _module_preset=&#8220;default&#8220; custom_margin=&#8220;31px|||||&#8220;][\/et_pb_button][\/et_pb_column][\/et_pb_row][et_pb_row _builder_version=&#8220;4.9.7&#8243; _module_preset=&#8220;default&#8220;][et_pb_column type=&#8220;4_4&#8243; _builder_version=&#8220;4.9.7&#8243; _module_preset=&#8220;default&#8220;][et_pb_text admin_label=&#8220;Title&#8220; _builder_version=&#8220;4.8.1&#8243; text_font=&#8220;Poppins||||||||&#8220; text_line_height=&#8220;1.8em&#8220; header_font=&#8220;||||||||&#8220; header_2_font=&#8220;Poppins|600|||||||&#8220; header_2_text_color=&#8220;#3d9faf&#8220; header_2_font_size=&#8220;36px&#8220; header_2_line_height=&#8220;1.4em&#8220; max_width=&#8220;550px&#8220; min_height=&#8220;51px&#8220; custom_margin=&#8220;||52px|-2px||&#8220; custom_padding=&#8220;26px|0px|0px|||&#8220; animation_style=&#8220;fold&#8220; animation_direction=&#8220;left&#8220; animation_intensity_fold=&#8220;10%&#8220; animation_starting_opacity=&#8220;100%&#8220; locked=&#8220;off&#8220; inline_fonts=&#8220;Poppins&#8220;]<\/p>\n<h2><span style=\"font-family: Poppins; font-size: x-large;\">Kontakt<\/span><\/h2>\n<p>[\/et_pb_text][et_pb_text _builder_version=&#8220;4.9.7&#8243; _module_preset=&#8220;default&#8220; custom_margin=&#8220;-40px|||||&#8220; custom_padding=&#8220;||0px|||&#8220;]<\/p>\n<p><span style=\"font-size: large;\">Sollten Sie Fragen oder Anmerkungen haben, senden Sie uns gerne eine E-Mail. <\/span><span style=\"font-size: large;\"><\/span><\/p>\n<p><span style=\"font-size: large;\"><br \/><\/span><span style=\"font-size: large;\"><\/span><strong><span style=\"font-size: large; color: #31a1ad;\"><\/span><\/strong><\/p>\n<p>[\/et_pb_text][et_pb_button button_url=&#8220;mailto:CUC_8@smart4health.eu&#8220; button_text=&#8220;CUC_8@smart4health.eu&#8220; button_alignment=&#8220;center&#8220; _builder_version=&#8220;4.9.7&#8243; _module_preset=&#8220;default&#8220; hover_enabled=&#8220;0&#8243; sticky_enabled=&#8220;0&#8243;][\/et_pb_button][\/et_pb_column][\/et_pb_row][\/et_pb_section]<\/p>\n","protected":false},"excerpt":{"rendered":"<p>Smart4Health auf Reisen und im t\u00e4glichen Leben Sie k\u00f6nnen jederzeit und \u00fcberall auf Ihre Gesundheitsdaten zugreifen und diese verwalten #CUC8_Madeira #S4H_Madeira #life_vacation_health #life_vacation_ehealth #saude_f\u00e9rias # EHR_Madeira #saudedigital #saudedigital_Madeira #esaude_MaderiaWo? Madeira, Portugal Who? Touristen und B\u00fcrger*innen Was? Wir bieten den Teilnehmenden eine R\u00fccken-Check-up. Wir bieten Teilnehmenden ein spezifisches Training zur St\u00e4rkung der unteren R\u00fcckenmuskulatur und zur [&hellip;]<\/p>\n","protected":false},"author":10,"featured_media":0,"parent":0,"menu_order":0,"comment_status":"closed","ping_status":"closed","template":"","meta":{"_et_pb_use_builder":"on","_et_pb_old_content":"","_et_gb_content_width":""},"yoast_head":"<!-- This site is optimized with the Yoast SEO plugin v20.6 - https:\/\/yoast.com\/wordpress\/plugins\/seo\/ -->\n<title>B\u00fcrger-Anwendungsfall: Smart4Health auf Reisen und im t\u00e4glichen Leben - Smart4Health<\/title>\n<meta name=\"robots\" content=\"index, follow, max-snippet:-1, max-image-preview:large, max-video-preview:-1\" \/>\n<link rel=\"canonical\" href=\"https:\/\/smart4health.eu\/de\/buerger-anwendungsfall-smart4health-auf-reisen-und-im-taeglichen-leben\/\" \/>\n<meta property=\"og:locale\" content=\"de_DE\" \/>\n<meta property=\"og:type\" content=\"article\" \/>\n<meta property=\"og:title\" content=\"B\u00fcrger-Anwendungsfall: Smart4Health auf Reisen und im t\u00e4glichen Leben - Smart4Health\" \/>\n<meta property=\"og:description\" content=\"Smart4Health auf Reisen und im t\u00e4glichen Leben Sie k\u00f6nnen jederzeit und \u00fcberall auf Ihre Gesundheitsdaten zugreifen und diese verwalten #CUC8_Madeira #S4H_Madeira #life_vacation_health #life_vacation_ehealth #saude_f\u00e9rias # EHR_Madeira #saudedigital #saudedigital_Madeira #esaude_MaderiaWo? Madeira, Portugal Who? Touristen und B\u00fcrger*innen Was? Wir bieten den Teilnehmenden eine R\u00fccken-Check-up. Wir bieten Teilnehmenden ein spezifisches Training zur St\u00e4rkung der unteren R\u00fcckenmuskulatur und zur [&hellip;]\" \/>\n<meta property=\"og:url\" content=\"https:\/\/smart4health.eu\/de\/buerger-anwendungsfall-smart4health-auf-reisen-und-im-taeglichen-leben\/\" \/>\n<meta property=\"og:site_name\" content=\"Smart4Health\" \/>\n<meta property=\"article:modified_time\" content=\"2021-07-09T12:52:07+00:00\" \/>\n<meta name=\"twitter:card\" content=\"summary_large_image\" \/>\n<script type=\"application\/ld+json\" class=\"yoast-schema-graph\">{\"@context\":\"https:\/\/schema.org\",\"@graph\":[{\"@type\":\"WebPage\",\"@id\":\"https:\/\/smart4health.eu\/de\/buerger-anwendungsfall-smart4health-auf-reisen-und-im-taeglichen-leben\/\",\"url\":\"https:\/\/smart4health.eu\/de\/buerger-anwendungsfall-smart4health-auf-reisen-und-im-taeglichen-leben\/\",\"name\":\"B\u00fcrger-Anwendungsfall: Smart4Health auf Reisen und im t\u00e4glichen Leben - Smart4Health\",\"isPartOf\":{\"@id\":\"https:\/\/smart4health.eu\/de\/en\/#website\"},\"datePublished\":\"2021-02-02T14:00:58+00:00\",\"dateModified\":\"2021-07-09T12:52:07+00:00\",\"breadcrumb\":{\"@id\":\"https:\/\/smart4health.eu\/de\/buerger-anwendungsfall-smart4health-auf-reisen-und-im-taeglichen-leben\/#breadcrumb\"},\"inLanguage\":\"de\",\"potentialAction\":[{\"@type\":\"ReadAction\",\"target\":[\"https:\/\/smart4health.eu\/de\/buerger-anwendungsfall-smart4health-auf-reisen-und-im-taeglichen-leben\/\"]}]},{\"@type\":\"BreadcrumbList\",\"@id\":\"https:\/\/smart4health.eu\/de\/buerger-anwendungsfall-smart4health-auf-reisen-und-im-taeglichen-leben\/#breadcrumb\",\"itemListElement\":[{\"@type\":\"ListItem\",\"position\":1,\"name\":\"Startseite\",\"item\":\"https:\/\/smart4health.eu\/de\/\"},{\"@type\":\"ListItem\",\"position\":2,\"name\":\"B\u00fcrger-Anwendungsfall: Smart4Health auf Reisen und im t\u00e4glichen Leben\"}]},{\"@type\":\"WebSite\",\"@id\":\"https:\/\/smart4health.eu\/de\/en\/#website\",\"url\":\"https:\/\/smart4health.eu\/de\/en\/\",\"name\":\"Smart4Health\",\"description\":\"\",\"potentialAction\":[{\"@type\":\"SearchAction\",\"target\":{\"@type\":\"EntryPoint\",\"urlTemplate\":\"https:\/\/smart4health.eu\/de\/en\/?s={search_term_string}\"},\"query-input\":\"required name=search_term_string\"}],\"inLanguage\":\"de\"}]}<\/script>\n<!-- \/ Yoast SEO plugin. -->","yoast_head_json":{"title":"B\u00fcrger-Anwendungsfall: Smart4Health auf Reisen und im t\u00e4glichen Leben - Smart4Health","robots":{"index":"index","follow":"follow","max-snippet":"max-snippet:-1","max-image-preview":"max-image-preview:large","max-video-preview":"max-video-preview:-1"},"canonical":"https:\/\/smart4health.eu\/de\/buerger-anwendungsfall-smart4health-auf-reisen-und-im-taeglichen-leben\/","og_locale":"de_DE","og_type":"article","og_title":"B\u00fcrger-Anwendungsfall: Smart4Health auf Reisen und im t\u00e4glichen Leben - Smart4Health","og_description":"Smart4Health auf Reisen und im t\u00e4glichen Leben Sie k\u00f6nnen jederzeit und \u00fcberall auf Ihre Gesundheitsdaten zugreifen und diese verwalten #CUC8_Madeira #S4H_Madeira #life_vacation_health #life_vacation_ehealth #saude_f\u00e9rias # EHR_Madeira #saudedigital #saudedigital_Madeira #esaude_MaderiaWo? Madeira, Portugal Who? Touristen und B\u00fcrger*innen Was? Wir bieten den Teilnehmenden eine R\u00fccken-Check-up. Wir bieten Teilnehmenden ein spezifisches Training zur St\u00e4rkung der unteren R\u00fcckenmuskulatur und zur [&hellip;]","og_url":"https:\/\/smart4health.eu\/de\/buerger-anwendungsfall-smart4health-auf-reisen-und-im-taeglichen-leben\/","og_site_name":"Smart4Health","article_modified_time":"2021-07-09T12:52:07+00:00","twitter_card":"summary_large_image","schema":{"@context":"https:\/\/schema.org","@graph":[{"@type":"WebPage","@id":"https:\/\/smart4health.eu\/de\/buerger-anwendungsfall-smart4health-auf-reisen-und-im-taeglichen-leben\/","url":"https:\/\/smart4health.eu\/de\/buerger-anwendungsfall-smart4health-auf-reisen-und-im-taeglichen-leben\/","name":"B\u00fcrger-Anwendungsfall: Smart4Health auf Reisen und im t\u00e4glichen Leben - Smart4Health","isPartOf":{"@id":"https:\/\/smart4health.eu\/de\/en\/#website"},"datePublished":"2021-02-02T14:00:58+00:00","dateModified":"2021-07-09T12:52:07+00:00","breadcrumb":{"@id":"https:\/\/smart4health.eu\/de\/buerger-anwendungsfall-smart4health-auf-reisen-und-im-taeglichen-leben\/#breadcrumb"},"inLanguage":"de","potentialAction":[{"@type":"ReadAction","target":["https:\/\/smart4health.eu\/de\/buerger-anwendungsfall-smart4health-auf-reisen-und-im-taeglichen-leben\/"]}]},{"@type":"BreadcrumbList","@id":"https:\/\/smart4health.eu\/de\/buerger-anwendungsfall-smart4health-auf-reisen-und-im-taeglichen-leben\/#breadcrumb","itemListElement":[{"@type":"ListItem","position":1,"name":"Startseite","item":"https:\/\/smart4health.eu\/de\/"},{"@type":"ListItem","position":2,"name":"B\u00fcrger-Anwendungsfall: Smart4Health auf Reisen und im t\u00e4glichen Leben"}]},{"@type":"WebSite","@id":"https:\/\/smart4health.eu\/de\/en\/#website","url":"https:\/\/smart4health.eu\/de\/en\/","name":"Smart4Health","description":"","potentialAction":[{"@type":"SearchAction","target":{"@type":"EntryPoint","urlTemplate":"https:\/\/smart4health.eu\/de\/en\/?s={search_term_string}"},"query-input":"required name=search_term_string"}],"inLanguage":"de"}]}},"_links":{"self":[{"href":"https:\/\/smart4health.eu\/de\/wp-json\/wp\/v2\/pages\/13075"}],"collection":[{"href":"https:\/\/smart4health.eu\/de\/wp-json\/wp\/v2\/pages"}],"about":[{"href":"https:\/\/smart4health.eu\/de\/wp-json\/wp\/v2\/types\/page"}],"author":[{"embeddable":true,"href":"https:\/\/smart4health.eu\/de\/wp-json\/wp\/v2\/users\/10"}],"replies":[{"embeddable":true,"href":"https:\/\/smart4health.eu\/de\/wp-json\/wp\/v2\/comments?post=13075"}],"version-history":[{"count":8,"href":"https:\/\/smart4health.eu\/de\/wp-json\/wp\/v2\/pages\/13075\/revisions"}],"predecessor-version":[{"id":15084,"href":"https:\/\/smart4health.eu\/de\/wp-json\/wp\/v2\/pages\/13075\/revisions\/15084"}],"wp:attachment":[{"href":"https:\/\/smart4health.eu\/de\/wp-json\/wp\/v2\/media?parent=13075"}],"curies":[{"name":"wp","href":"https:\/\/api.w.org\/{rel}","templated":true}]}}