

{"id":13004,"date":"2021-02-02T13:29:31","date_gmt":"2021-02-02T12:29:31","guid":{"rendered":"https:\/\/smart4health.eu\/?page_id=13004"},"modified":"2021-02-04T17:21:01","modified_gmt":"2021-02-04T16:21:01","slug":"buerger-anwendungsfall-smart4health-und-grenzuebergreifender-epa-austausch","status":"publish","type":"page","link":"https:\/\/smart4health.eu\/de\/buerger-anwendungsfall-smart4health-und-grenzuebergreifender-epa-austausch\/","title":{"rendered":"B\u00fcrger-Anwendungsfall:  Smart4Health und grenz\u00fcbergreifender ePA Austausch"},"content":{"rendered":"<p>[et_pb_section fb_built=&#8220;1&#8243; admin_label=&#8220;Service Section&#8220; _builder_version=&#8220;4.7.4&#8243; background_color=&#8220;#ffffff&#8220; background_enable_image=&#8220;off&#8220; background_position=&#8220;top_center&#8220; min_height=&#8220;115px&#8220; custom_margin=&#8220;21px|||||&#8220; custom_padding=&#8220;0px|0px|0px|0px||&#8220;][et_pb_row disabled_on=&#8220;on|off|off&#8220; _builder_version=&#8220;4.7.4&#8243; min_height=&#8220;109px&#8220; custom_margin=&#8220;-44px|auto||auto||&#8220; custom_padding=&#8220;1px|||||&#8220;][et_pb_column type=&#8220;4_4&#8243; _builder_version=&#8220;3.25&#8243; custom_padding=&#8220;|||&#8220; custom_padding__hover=&#8220;|||&#8220;][et_pb_text admin_label=&#8220;Title&#8220; _builder_version=&#8220;4.8.2&#8243; text_font=&#8220;Poppins||||||||&#8220; text_font_size=&#8220;16px&#8220; text_line_height=&#8220;1.8em&#8220; header_font=&#8220;||||||||&#8220; header_font_size=&#8220;40px&#8220; header_2_font=&#8220;Poppins|600|||||||&#8220; header_2_text_color=&#8220;#3d9faf&#8220; header_2_font_size=&#8220;36px&#8220; header_2_line_height=&#8220;1.4em&#8220; max_width=&#8220;737px&#8220; min_height=&#8220;104px&#8220; custom_margin=&#8220;3px|-280px|29px|||&#8220; custom_padding=&#8220;0px|0px|0px|||&#8220; animation_style=&#8220;fold&#8220; animation_direction=&#8220;left&#8220; animation_intensity_fold=&#8220;10%&#8220; animation_starting_opacity=&#8220;100%&#8220;]<\/p>\n<h2>Smart4Health und grenz\u00fcbergreifender ePA Austausch<\/h2>\n<p><strong>Sicherer Zugriff, Verwaltung und gemeinsame Nutzung der eigenen Gesundheitsdaten in ganz Europa<\/strong><\/p>\n<p>[\/et_pb_text][\/et_pb_column][\/et_pb_row][\/et_pb_section][et_pb_section fb_built=&#8220;1&#8243; specialty=&#8220;on&#8220; admin_label=&#8220;CUC5&#8243; _builder_version=&#8220;4.8.2&#8243; _module_preset=&#8220;default&#8220; custom_margin=&#8220;-20px|||||&#8220; hover_enabled=&#8220;0&#8243; sticky_enabled=&#8220;0&#8243;][et_pb_column type=&#8220;1_2&#8243; _builder_version=&#8220;3.25&#8243; custom_padding=&#8220;|||&#8220; custom_padding__hover=&#8220;|||&#8220;][et_pb_image src=&#8220;https:\/\/smart4health.eu\/wp-content\/uploads\/2021\/01\/20210112_s4h_cuc_final_CrossBorderEHR.png&#8220; title_text=&#8220;20210112_s4h_cuc_final_CrossBorderEHR&#8220; show_bottom_space=&#8220;off&#8220; force_fullwidth=&#8220;on&#8220; align_tablet=&#8220;center&#8220; align_phone=&#8220;&#8220; align_last_edited=&#8220;on|desktop&#8220; disabled_on=&#8220;on|off|off&#8220; _builder_version=&#8220;4.7.7&#8243; custom_margin=&#8220;|54px||||&#8220; custom_padding=&#8220;26px|77px|14px|||&#8220;][\/et_pb_image][et_pb_text disabled_on=&#8220;off|off|off&#8220; admin_label=&#8220;Title&#8220; _builder_version=&#8220;4.7.4&#8243; text_font=&#8220;Poppins||||||||&#8220; text_font_size=&#8220;16px&#8220; text_line_height=&#8220;1.8em&#8220; header_font=&#8220;||||||||&#8220; header_2_font=&#8220;Poppins|600|||||||&#8220; header_2_text_color=&#8220;#3d9faf&#8220; header_2_font_size=&#8220;36px&#8220; header_2_line_height=&#8220;1.4em&#8220; max_width=&#8220;904px&#8220; custom_margin=&#8220;||50px|||&#8220; custom_padding=&#8220;0px|102px||0px||&#8220; animation_style=&#8220;fold&#8220; animation_direction=&#8220;left&#8220; animation_intensity_fold=&#8220;10%&#8220; animation_starting_opacity=&#8220;100%&#8220; inline_fonts=&#8220;Poppins&#8220;]<\/p>\n<p>#CUC 2_Aachen #CUC 2_Maastricht #CUC2_Milan #EHR_Europe<\/p>\n<p>[\/et_pb_text][\/et_pb_column][et_pb_column type=&#8220;1_2&#8243; specialty_columns=&#8220;2&#8243; _builder_version=&#8220;3.25&#8243; custom_padding=&#8220;|||&#8220; custom_padding__hover=&#8220;|||&#8220;][et_pb_row_inner column_structure=&#8220;1_2,1_2&#8243; _builder_version=&#8220;4.6.1&#8243; _module_preset=&#8220;default&#8220; min_height=&#8220;130px&#8220; custom_margin=&#8220;-28px||-33px|-2px||&#8220; custom_padding=&#8220;2px|||||&#8220;][et_pb_column_inner type=&#8220;1_2&#8243; saved_specialty_column_type=&#8220;1_2&#8243; _builder_version=&#8220;4.6.1&#8243; _module_preset=&#8220;default&#8220;][et_pb_text admin_label=&#8220;Title&#8220; _builder_version=&#8220;4.8.1&#8243; text_font=&#8220;Poppins||||||||&#8220; text_line_height=&#8220;1.8em&#8220; header_font=&#8220;||||||||&#8220; header_2_font=&#8220;Poppins|600|||||||&#8220; header_2_text_color=&#8220;#3d9faf&#8220; header_2_font_size=&#8220;36px&#8220; header_2_line_height=&#8220;1.4em&#8220; max_width=&#8220;550px&#8220; min_height=&#8220;83px&#8220; custom_margin=&#8220;||-2px|-2px||&#8220; custom_padding=&#8220;|0px|0px|||&#8220; animation_style=&#8220;fold&#8220; animation_direction=&#8220;left&#8220; animation_intensity_fold=&#8220;10%&#8220; animation_starting_opacity=&#8220;100%&#8220; inline_fonts=&#8220;Poppins&#8220;]<\/p>\n<h2><span style=\"font-size: x-large; font-family: Poppins;\">Wo?<br \/> <\/span><\/h2>\n<ul>\n<li>\n<p>Aachen, Deutschland;\u00a0<br \/>Maastricht, Niederlande; Milan, Italien<\/p>\n<\/li>\n<\/ul>\n<p>[\/et_pb_text][\/et_pb_column_inner][et_pb_column_inner type=&#8220;1_2&#8243; saved_specialty_column_type=&#8220;1_2&#8243; _builder_version=&#8220;4.6.1&#8243; _module_preset=&#8220;default&#8220;][et_pb_text admin_label=&#8220;Title&#8220; _builder_version=&#8220;4.8.1&#8243; text_font=&#8220;Poppins||||||||&#8220; text_font_size=&#8220;16px&#8220; text_line_height=&#8220;1.8em&#8220; header_font=&#8220;||||||||&#8220; header_2_font=&#8220;Poppins|600|||||||&#8220; header_2_text_color=&#8220;#3d9faf&#8220; header_2_font_size=&#8220;36px&#8220; header_2_line_height=&#8220;1.4em&#8220; max_width=&#8220;563px&#8220; custom_margin=&#8220;|||0px||&#8220; custom_padding=&#8220;|0px|17px|0px||&#8220; animation_style=&#8220;fold&#8220; animation_direction=&#8220;left&#8220; animation_intensity_fold=&#8220;10%&#8220; animation_starting_opacity=&#8220;100%&#8220; inline_fonts=&#8220;Poppins&#8220;]<\/p>\n<h2><span style=\"font-size: x-large; font-family: Poppins;\">Wer?<br \/><\/span><\/h2>\n<ul>\n<li>\n<p>B\u00fcrger*innen als Patient*innen<\/p>\n<\/li>\n<\/ul>\n<p>[\/et_pb_text][\/et_pb_column_inner][\/et_pb_row_inner][et_pb_row_inner _builder_version=&#8220;4.6.1&#8243; _module_preset=&#8220;default&#8220; custom_padding=&#8220;0px|||||&#8220;][et_pb_column_inner saved_specialty_column_type=&#8220;1_2&#8243; _builder_version=&#8220;4.6.1&#8243; _module_preset=&#8220;default&#8220;][et_pb_text admin_label=&#8220;Title&#8220; _builder_version=&#8220;4.8.1&#8243; text_font=&#8220;Poppins||||||||&#8220; text_font_size=&#8220;16px&#8220; text_line_height=&#8220;1.8em&#8220; header_font=&#8220;||||||||&#8220; header_2_font=&#8220;Poppins|600|||||||&#8220; header_2_text_color=&#8220;#3d9faf&#8220; header_2_font_size=&#8220;36px&#8220; header_2_line_height=&#8220;1.4em&#8220; max_width=&#8220;575px&#8220; min_height=&#8220;187px&#8220; custom_margin=&#8220;2px||-2px|-1px||&#8220; custom_padding=&#8220;|0px|0px|0px||&#8220; animation_style=&#8220;fold&#8220; animation_direction=&#8220;left&#8220; animation_intensity_fold=&#8220;10%&#8220; animation_starting_opacity=&#8220;100%&#8220; inline_fonts=&#8220;Poppins&#8220;]<\/p>\n<h2><span style=\"font-size: x-large; font-family: Poppins;\">Was?<br \/> <\/span><\/h2>\n<ul>\n<li><span style=\"font-size: small;\">Wir bieten den B\u00fcrger*innen die M\u00f6glichkeit, ihre lokalen Gesundheitsdaten in die 4HealthPlatform hochzuladen.<\/span><\/li>\n<li><span style=\"font-size: small;\">Auf Reisen und in medizinischen Notf\u00e4llen k\u00f6nnen Sie auf Ihre pers\u00f6nlicheb Daten zugegreifen und diese mit anderen teilen.<\/span>.<\/li>\n<\/ul>\n<p>&nbsp;<\/p>\n<ul><\/ul>\n<p>[\/et_pb_text][et_pb_text admin_label=&#8220;Title&#8220; _builder_version=&#8220;4.8.1&#8243; text_font=&#8220;Poppins||||||||&#8220; text_font_size=&#8220;16px&#8220; text_line_height=&#8220;1.8em&#8220; header_font=&#8220;||||||||&#8220; header_2_font=&#8220;Poppins|600|||||||&#8220; header_2_text_color=&#8220;#3d9faf&#8220; header_2_font_size=&#8220;36px&#8220; header_2_line_height=&#8220;1.4em&#8220; max_width=&#8220;572px&#8220; min_height=&#8220;195px&#8220; custom_margin=&#8220;0px||0px|0px|false|false&#8220; custom_padding=&#8220;0px|0px|0px|0px||&#8220; animation_style=&#8220;fold&#8220; animation_direction=&#8220;left&#8220; animation_intensity_fold=&#8220;10%&#8220; animation_starting_opacity=&#8220;100%&#8220; inline_fonts=&#8220;Poppins&#8220;]<\/p>\n<h2><span style=\"font-size: x-large; font-family: Poppins;\">Warum?<br \/> <\/span><\/h2>\n<ul>\n<li><span style=\"font-size: small;\">Sie k\u00f6nnen Ihre Gesundheitsdaten sicher speichern und verwalten.<\/span><\/li>\n<li><span style=\"font-size: small;\">Sie k\u00f6nnen Ihre Gesundheitsdaten auf einfache Weise teilen.<\/span><\/li>\n<li><span style=\"font-size: small;\"><\/span><span style=\"font-size: small;\">Sie k\u00f6nnen Erkenntnisse \u00fcber Ihre eigene Gesundheit erhalten.<\/span><\/li>\n<\/ul>\n<p>[\/et_pb_text][\/et_pb_column_inner][\/et_pb_row_inner][\/et_pb_column][\/et_pb_section][et_pb_section fb_built=&#8220;1&#8243; _builder_version=&#8220;4.7.4&#8243; _module_preset=&#8220;default&#8220;][et_pb_row _builder_version=&#8220;4.7.4&#8243; _module_preset=&#8220;default&#8220;][et_pb_column type=&#8220;4_4&#8243; _builder_version=&#8220;4.7.4&#8243; _module_preset=&#8220;default&#8220;][et_pb_text admin_label=&#8220;Title&#8220; _builder_version=&#8220;4.8.1&#8243; text_font=&#8220;Poppins||||||||&#8220; text_line_height=&#8220;1.8em&#8220; header_font=&#8220;||||||||&#8220; header_2_font=&#8220;Poppins|600|||||||&#8220; header_2_text_color=&#8220;#3d9faf&#8220; header_2_font_size=&#8220;36px&#8220; header_2_line_height=&#8220;1.4em&#8220; max_width=&#8220;550px&#8220; min_height=&#8220;83px&#8220; custom_margin=&#8220;||-41px|-2px||&#8220; custom_padding=&#8220;|0px|0px|||&#8220; animation_style=&#8220;fold&#8220; animation_direction=&#8220;left&#8220; animation_intensity_fold=&#8220;10%&#8220; animation_starting_opacity=&#8220;100%&#8220; inline_fonts=&#8220;Poppins&#8220;]<\/p>\n<h2><span style=\"font-size: x-large; font-family: Poppins;\">F\u00fchrende Projektpartner<br \/> <\/span><\/h2>\n<p>&nbsp;<\/p>\n<p>[\/et_pb_text][\/et_pb_column][\/et_pb_row][\/et_pb_section][et_pb_section fb_built=&#8220;1&#8243; _builder_version=&#8220;4.7.4&#8243; _module_preset=&#8220;default&#8220;][et_pb_row column_structure=&#8220;1_3,1_3,1_3&#8243; _builder_version=&#8220;4.7.4&#8243; _module_preset=&#8220;default&#8220;][et_pb_column type=&#8220;1_3&#8243; _builder_version=&#8220;4.7.4&#8243; _module_preset=&#8220;default&#8220;][et_pb_image src=&#8220;https:\/\/smart4health.eu\/wp-content\/uploads\/2020\/08\/uniklinik-300&#215;148-1.png&#8220; title_text=&#8220;uniklinik-300&#215;148-1&#8243; _builder_version=&#8220;4.7.4&#8243; _module_preset=&#8220;default&#8220; custom_padding=&#8220;|20px||20px|false|false&#8220;][\/et_pb_image][\/et_pb_column][et_pb_column type=&#8220;1_3&#8243; _builder_version=&#8220;4.7.4&#8243; _module_preset=&#8220;default&#8220;][et_pb_image src=&#8220;https:\/\/smart4health.eu\/wp-content\/uploads\/2020\/08\/maastrich-500&#215;246-1-300&#215;148-1.png&#8220; title_text=&#8220;maastrich-500&#215;246-1-300&#215;148&#8243; _builder_version=&#8220;4.7.4&#8243; _module_preset=&#8220;default&#8220; custom_padding=&#8220;|20px||20px|false|false&#8220;][\/et_pb_image][\/et_pb_column][et_pb_column type=&#8220;1_3&#8243; _builder_version=&#8220;4.7.4&#8243; _module_preset=&#8220;default&#8220;][et_pb_image src=&#8220;https:\/\/smart4health.eu\/wp-content\/uploads\/2020\/08\/ospedale-200&#215;110-1.png&#8220; title_text=&#8220;ospedale-200&#215;110-1&#8243; _builder_version=&#8220;4.7.4&#8243; _module_preset=&#8220;default&#8220; custom_padding=&#8220;|20px||20px|false|false&#8220;][\/et_pb_image][\/et_pb_column][\/et_pb_row][\/et_pb_section][et_pb_section fb_built=&#8220;1&#8243; _builder_version=&#8220;4.7.4&#8243; _module_preset=&#8220;default&#8220;][et_pb_row _builder_version=&#8220;4.7.4&#8243; _module_preset=&#8220;default&#8220;][et_pb_column type=&#8220;4_4&#8243; _builder_version=&#8220;4.7.4&#8243; _module_preset=&#8220;default&#8220;][et_pb_button button_url=&#8220;https:\/\/smart4health.eu\/?page_id=12938&#8243; button_text=&#8220;Mehr Anwendungsf\u00e4lle&#8220; button_alignment=&#8220;center&#8220; _builder_version=&#8220;4.8.1&#8243; _module_preset=&#8220;default&#8220; custom_margin=&#8220;-1px|||||&#8220;][\/et_pb_button][\/et_pb_column][\/et_pb_row][\/et_pb_section]<\/p>\n","protected":false},"excerpt":{"rendered":"<p>Smart4Health und grenz\u00fcbergreifender ePA Austausch Sicherer Zugriff, Verwaltung und gemeinsame Nutzung der eigenen Gesundheitsdaten in ganz Europa#CUC 2_Aachen #CUC 2_Maastricht #CUC2_Milan #EHR_EuropeWo? Aachen, Deutschland;\u00a0Maastricht, Niederlande; Milan, Italien Wer? B\u00fcrger*innen als Patient*innen Was? Wir bieten den B\u00fcrger*innen die M\u00f6glichkeit, ihre lokalen Gesundheitsdaten in die 4HealthPlatform hochzuladen. Auf Reisen und in medizinischen Notf\u00e4llen k\u00f6nnen Sie auf Ihre [&hellip;]<\/p>\n","protected":false},"author":10,"featured_media":0,"parent":0,"menu_order":0,"comment_status":"closed","ping_status":"closed","template":"","meta":{"_et_pb_use_builder":"on","_et_pb_old_content":"","_et_gb_content_width":""},"yoast_head":"<!-- This site is optimized with the Yoast SEO plugin v20.6 - https:\/\/yoast.com\/wordpress\/plugins\/seo\/ -->\n<title>B\u00fcrger-Anwendungsfall: Smart4Health und grenz\u00fcbergreifender ePA Austausch - Smart4Health<\/title>\n<meta name=\"robots\" content=\"index, follow, max-snippet:-1, max-image-preview:large, max-video-preview:-1\" \/>\n<link rel=\"canonical\" href=\"https:\/\/smart4health.eu\/de\/buerger-anwendungsfall-smart4health-und-grenzuebergreifender-epa-austausch\/\" \/>\n<meta property=\"og:locale\" content=\"de_DE\" \/>\n<meta property=\"og:type\" content=\"article\" \/>\n<meta property=\"og:title\" content=\"B\u00fcrger-Anwendungsfall: Smart4Health und grenz\u00fcbergreifender ePA Austausch - Smart4Health\" \/>\n<meta property=\"og:description\" content=\"Smart4Health und grenz\u00fcbergreifender ePA Austausch Sicherer Zugriff, Verwaltung und gemeinsame Nutzung der eigenen Gesundheitsdaten in ganz Europa#CUC 2_Aachen #CUC 2_Maastricht #CUC2_Milan #EHR_EuropeWo? Aachen, Deutschland;\u00a0Maastricht, Niederlande; Milan, Italien Wer? B\u00fcrger*innen als Patient*innen Was? Wir bieten den B\u00fcrger*innen die M\u00f6glichkeit, ihre lokalen Gesundheitsdaten in die 4HealthPlatform hochzuladen. Auf Reisen und in medizinischen Notf\u00e4llen k\u00f6nnen Sie auf Ihre [&hellip;]\" \/>\n<meta property=\"og:url\" content=\"https:\/\/smart4health.eu\/de\/buerger-anwendungsfall-smart4health-und-grenzuebergreifender-epa-austausch\/\" \/>\n<meta property=\"og:site_name\" content=\"Smart4Health\" \/>\n<meta property=\"article:modified_time\" content=\"2021-02-04T16:21:01+00:00\" \/>\n<meta name=\"twitter:card\" content=\"summary_large_image\" \/>\n<meta name=\"twitter:label1\" content=\"Gesch\u00e4tzte Lesezeit\" \/>\n\t<meta name=\"twitter:data1\" content=\"2\u00a0Minuten\" \/>\n<script type=\"application\/ld+json\" class=\"yoast-schema-graph\">{\"@context\":\"https:\/\/schema.org\",\"@graph\":[{\"@type\":\"WebPage\",\"@id\":\"https:\/\/smart4health.eu\/de\/buerger-anwendungsfall-smart4health-und-grenzuebergreifender-epa-austausch\/\",\"url\":\"https:\/\/smart4health.eu\/de\/buerger-anwendungsfall-smart4health-und-grenzuebergreifender-epa-austausch\/\",\"name\":\"B\u00fcrger-Anwendungsfall: Smart4Health und grenz\u00fcbergreifender ePA Austausch - Smart4Health\",\"isPartOf\":{\"@id\":\"https:\/\/smart4health.eu\/de\/en\/#website\"},\"datePublished\":\"2021-02-02T12:29:31+00:00\",\"dateModified\":\"2021-02-04T16:21:01+00:00\",\"breadcrumb\":{\"@id\":\"https:\/\/smart4health.eu\/de\/buerger-anwendungsfall-smart4health-und-grenzuebergreifender-epa-austausch\/#breadcrumb\"},\"inLanguage\":\"de\",\"potentialAction\":[{\"@type\":\"ReadAction\",\"target\":[\"https:\/\/smart4health.eu\/de\/buerger-anwendungsfall-smart4health-und-grenzuebergreifender-epa-austausch\/\"]}]},{\"@type\":\"BreadcrumbList\",\"@id\":\"https:\/\/smart4health.eu\/de\/buerger-anwendungsfall-smart4health-und-grenzuebergreifender-epa-austausch\/#breadcrumb\",\"itemListElement\":[{\"@type\":\"ListItem\",\"position\":1,\"name\":\"Startseite\",\"item\":\"https:\/\/smart4health.eu\/de\/\"},{\"@type\":\"ListItem\",\"position\":2,\"name\":\"B\u00fcrger-Anwendungsfall: Smart4Health und grenz\u00fcbergreifender ePA Austausch\"}]},{\"@type\":\"WebSite\",\"@id\":\"https:\/\/smart4health.eu\/de\/en\/#website\",\"url\":\"https:\/\/smart4health.eu\/de\/en\/\",\"name\":\"Smart4Health\",\"description\":\"\",\"potentialAction\":[{\"@type\":\"SearchAction\",\"target\":{\"@type\":\"EntryPoint\",\"urlTemplate\":\"https:\/\/smart4health.eu\/de\/en\/?s={search_term_string}\"},\"query-input\":\"required name=search_term_string\"}],\"inLanguage\":\"de\"}]}<\/script>\n<!-- \/ Yoast SEO plugin. -->","yoast_head_json":{"title":"B\u00fcrger-Anwendungsfall: Smart4Health und grenz\u00fcbergreifender ePA Austausch - Smart4Health","robots":{"index":"index","follow":"follow","max-snippet":"max-snippet:-1","max-image-preview":"max-image-preview:large","max-video-preview":"max-video-preview:-1"},"canonical":"https:\/\/smart4health.eu\/de\/buerger-anwendungsfall-smart4health-und-grenzuebergreifender-epa-austausch\/","og_locale":"de_DE","og_type":"article","og_title":"B\u00fcrger-Anwendungsfall: Smart4Health und grenz\u00fcbergreifender ePA Austausch - Smart4Health","og_description":"Smart4Health und grenz\u00fcbergreifender ePA Austausch Sicherer Zugriff, Verwaltung und gemeinsame Nutzung der eigenen Gesundheitsdaten in ganz Europa#CUC 2_Aachen #CUC 2_Maastricht #CUC2_Milan #EHR_EuropeWo? Aachen, Deutschland;\u00a0Maastricht, Niederlande; Milan, Italien Wer? B\u00fcrger*innen als Patient*innen Was? Wir bieten den B\u00fcrger*innen die M\u00f6glichkeit, ihre lokalen Gesundheitsdaten in die 4HealthPlatform hochzuladen. Auf Reisen und in medizinischen Notf\u00e4llen k\u00f6nnen Sie auf Ihre [&hellip;]","og_url":"https:\/\/smart4health.eu\/de\/buerger-anwendungsfall-smart4health-und-grenzuebergreifender-epa-austausch\/","og_site_name":"Smart4Health","article_modified_time":"2021-02-04T16:21:01+00:00","twitter_card":"summary_large_image","twitter_misc":{"Gesch\u00e4tzte Lesezeit":"2\u00a0Minuten"},"schema":{"@context":"https:\/\/schema.org","@graph":[{"@type":"WebPage","@id":"https:\/\/smart4health.eu\/de\/buerger-anwendungsfall-smart4health-und-grenzuebergreifender-epa-austausch\/","url":"https:\/\/smart4health.eu\/de\/buerger-anwendungsfall-smart4health-und-grenzuebergreifender-epa-austausch\/","name":"B\u00fcrger-Anwendungsfall: Smart4Health und grenz\u00fcbergreifender ePA Austausch - Smart4Health","isPartOf":{"@id":"https:\/\/smart4health.eu\/de\/en\/#website"},"datePublished":"2021-02-02T12:29:31+00:00","dateModified":"2021-02-04T16:21:01+00:00","breadcrumb":{"@id":"https:\/\/smart4health.eu\/de\/buerger-anwendungsfall-smart4health-und-grenzuebergreifender-epa-austausch\/#breadcrumb"},"inLanguage":"de","potentialAction":[{"@type":"ReadAction","target":["https:\/\/smart4health.eu\/de\/buerger-anwendungsfall-smart4health-und-grenzuebergreifender-epa-austausch\/"]}]},{"@type":"BreadcrumbList","@id":"https:\/\/smart4health.eu\/de\/buerger-anwendungsfall-smart4health-und-grenzuebergreifender-epa-austausch\/#breadcrumb","itemListElement":[{"@type":"ListItem","position":1,"name":"Startseite","item":"https:\/\/smart4health.eu\/de\/"},{"@type":"ListItem","position":2,"name":"B\u00fcrger-Anwendungsfall: Smart4Health und grenz\u00fcbergreifender ePA Austausch"}]},{"@type":"WebSite","@id":"https:\/\/smart4health.eu\/de\/en\/#website","url":"https:\/\/smart4health.eu\/de\/en\/","name":"Smart4Health","description":"","potentialAction":[{"@type":"SearchAction","target":{"@type":"EntryPoint","urlTemplate":"https:\/\/smart4health.eu\/de\/en\/?s={search_term_string}"},"query-input":"required name=search_term_string"}],"inLanguage":"de"}]}},"_links":{"self":[{"href":"https:\/\/smart4health.eu\/de\/wp-json\/wp\/v2\/pages\/13004"}],"collection":[{"href":"https:\/\/smart4health.eu\/de\/wp-json\/wp\/v2\/pages"}],"about":[{"href":"https:\/\/smart4health.eu\/de\/wp-json\/wp\/v2\/types\/page"}],"author":[{"embeddable":true,"href":"https:\/\/smart4health.eu\/de\/wp-json\/wp\/v2\/users\/10"}],"replies":[{"embeddable":true,"href":"https:\/\/smart4health.eu\/de\/wp-json\/wp\/v2\/comments?post=13004"}],"version-history":[{"count":9,"href":"https:\/\/smart4health.eu\/de\/wp-json\/wp\/v2\/pages\/13004\/revisions"}],"predecessor-version":[{"id":15019,"href":"https:\/\/smart4health.eu\/de\/wp-json\/wp\/v2\/pages\/13004\/revisions\/15019"}],"wp:attachment":[{"href":"https:\/\/smart4health.eu\/de\/wp-json\/wp\/v2\/media?parent=13004"}],"curies":[{"name":"wp","href":"https:\/\/api.w.org\/{rel}","templated":true}]}}