

{"id":11251,"date":"2020-09-10T11:55:25","date_gmt":"2020-09-10T09:55:25","guid":{"rendered":"https:\/\/smart4health.testing.linux15.3pc.de\/?page_id=11251"},"modified":"2020-09-10T12:12:05","modified_gmt":"2020-09-10T10:12:05","slug":"kontakt","status":"publish","type":"page","link":"https:\/\/smart4health.eu\/de\/kontakt\/","title":{"rendered":"Kontakt"},"content":{"rendered":"<p>[et_pb_section fb_built=&#8220;1&#8243; _builder_version=&#8220;4.5.1&#8243; _module_preset=&#8220;default&#8220; background_color=&#8220;#ffffff&#8220; custom_margin=&#8220;10px||50px||false|false&#8220;][et_pb_row _builder_version=&#8220;4.5.1&#8243; _module_preset=&#8220;default&#8220;][et_pb_column type=&#8220;4_4&#8243; _builder_version=&#8220;4.5.1&#8243; _module_preset=&#8220;default&#8220; custom_padding=&#8220;|30px|||false|false&#8220;][et_pb_text _builder_version=&#8220;4.5.1&#8243; _module_preset=&#8220;default&#8220; custom_margin=&#8220;||20px||false|false&#8220;]<\/p>\n<p style=\"text-align: center;\"><span class=\"et-pb-icon\" style=\"color: #33a0ab;\">\ue010<\/span><\/p>\n<p>[\/et_pb_text][et_pb_text _builder_version=&#8220;4.5.1&#8243; _module_preset=&#8220;default&#8220; custom_margin=&#8220;||50px||false|false&#8220; custom_padding=&#8220;|20px|||false|false&#8220;]<\/p>\n<p style=\"text-align: center;\">Wenn Sie Fragen zum Smart4Health-Projekt oder Ideen haben, die Sie mit uns teilen m\u00f6chten, z\u00f6gern Sie bitte nicht, uns per Kontaktformular oder via E-Mail zu kontaktieren: info@smart4health.eu<\/p>\n<p>[\/et_pb_text][\/et_pb_column][\/et_pb_row][et_pb_row column_structure=&#8220;1_2,1_2&#8243; _builder_version=&#8220;4.5.1&#8243; _module_preset=&#8220;default&#8220;][et_pb_column type=&#8220;1_2&#8243; _builder_version=&#8220;4.5.1&#8243; _module_preset=&#8220;default&#8220; custom_padding=&#8220;|30px|||false|false&#8220;][et_pb_text _builder_version=&#8220;4.5.1&#8243; _module_preset=&#8220;default&#8220; custom_padding=&#8220;|20px|||false|false&#8220;]<\/p>\n<p><strong>Projektkoordinator: UNINOVA<\/strong><br \/> Prof. Dr. Ricardo Goncalves<br \/> Ordentlicher Professor, Leiter UNINOVA CTS\/GRIS<br \/> UNINOVA \u2013 Campus FCT UNL, Quinta da Torre<br \/> 2829-516 Caparica, Portugal<br \/> rg@uninova.pt<\/p>\n<p><strong>Wissenschaftlicher Koordinator: HPI<\/strong><br \/> Prof. Dr. Erwin Boettinger<br \/> Lehrstuhl f\u00fcr Digitale Gesundheit \u2013 Personalisierte Medizin<br \/> Campus III Geb\u00e4ude G2<br \/> Rudolf-Breitscheid-Stra\u00dfe 187<br \/> 14482 Potsdam, Deutschland<br \/> office-boettinger@hpi.de<\/p>\n<p>[\/et_pb_text][\/et_pb_column][et_pb_column type=&#8220;1_2&#8243; _builder_version=&#8220;4.5.1&#8243; _module_preset=&#8220;default&#8220;][et_pb_contact_form captcha=&#8220;off&#8220; email=&#8220;contact@smart4health.eu&#8220; success_message=&#8220;Ihre Nachricht wurde versendet&#8220; submit_button_text=&#8220;Nachricht senden&#8220; _builder_version=&#8220;4.5.1&#8243; _module_preset=&#8220;default&#8220; captcha_font=&#8220;Poppins||||||||&#8220; captcha_text_color=&#8220;#000000&#8243; captcha_font_size=&#8220;15px&#8220; captcha_line_height=&#8220;1.4em&#8220; custom_button=&#8220;on&#8220; button_text_size=&#8220;14px&#8220; button_text_color=&#8220;#ffffff&#8220; button_bg_color=&#8220;#33a0ab&#8220; button_border_width=&#8220;6px&#8220; button_border_color=&#8220;#33a0ab&#8220; button_border_radius=&#8220;0px&#8220; button_font=&#8220;Poppins|700|||||||&#8220; button_use_icon=&#8220;off&#8220; button_custom_margin=&#8220;10px||||false|false&#8220; button_custom_padding=&#8220;|50px||50px|false|false&#8220;][et_pb_contact_field field_id=&#8220;Name&#8220; field_title=&#8220;Name&#8220; fullwidth_field=&#8220;on&#8220; _builder_version=&#8220;4.5.1&#8243; form_field_background_color=&#8220;#ffffff&#8220; form_field_text_color=&#8220;#797979  &#8220; form_field_font=&#8220;Poppins||||||||&#8220; form_field_text_align=&#8220;left&#8220; text_orientation=&#8220;left&#8220; width=&#8220;100%&#8220; max_width=&#8220;100%&#8220; height=&#8220;35px&#8220; max_height=&#8220;35px&#8220; border_width_all=&#8220;1px&#8220; border_color_all=&#8220;#797979 &#8220; button_text_size__hover_enabled=&#8220;off&#8220; button_one_text_size__hover_enabled=&#8220;off&#8220; button_two_text_size__hover_enabled=&#8220;off&#8220; button_text_color__hover_enabled=&#8220;off&#8220; button_one_text_color__hover_enabled=&#8220;off&#8220; button_two_text_color__hover_enabled=&#8220;off&#8220; button_border_width__hover_enabled=&#8220;off&#8220; button_one_border_width__hover_enabled=&#8220;off&#8220; button_two_border_width__hover_enabled=&#8220;off&#8220; button_border_color__hover_enabled=&#8220;off&#8220; button_one_border_color__hover_enabled=&#8220;off&#8220; button_two_border_color__hover_enabled=&#8220;off&#8220; button_border_radius__hover_enabled=&#8220;off&#8220; button_one_border_radius__hover_enabled=&#8220;off&#8220; button_two_border_radius__hover_enabled=&#8220;off&#8220; button_letter_spacing__hover_enabled=&#8220;off&#8220; button_one_letter_spacing__hover_enabled=&#8220;off&#8220; button_two_letter_spacing__hover_enabled=&#8220;off&#8220; button_bg_color__hover_enabled=&#8220;off&#8220; button_one_bg_color__hover_enabled=&#8220;off&#8220; button_two_bg_color__hover_enabled=&#8220;off&#8220;][\/et_pb_contact_field][et_pb_contact_field field_id=&#8220;Email&#8220; field_title=&#8220;E-Mail&#8220; field_type=&#8220;email&#8220; fullwidth_field=&#8220;on&#8220; _builder_version=&#8220;4.5.1&#8243; form_field_background_color=&#8220;#ffffff&#8220; form_field_text_color=&#8220;#797979 &#8220; form_field_font=&#8220;Poppins||||||||&#8220; form_field_text_align=&#8220;left&#8220; text_orientation=&#8220;left&#8220; min_height=&#8220;35px&#8220; height=&#8220;35px&#8220; max_height=&#8220;35px&#8220; border_width_all=&#8220;1px&#8220; border_color_all=&#8220;#797979 &#8220; button_text_size__hover_enabled=&#8220;off&#8220; button_one_text_size__hover_enabled=&#8220;off&#8220; button_two_text_size__hover_enabled=&#8220;off&#8220; button_text_color__hover_enabled=&#8220;off&#8220; button_one_text_color__hover_enabled=&#8220;off&#8220; button_two_text_color__hover_enabled=&#8220;off&#8220; button_border_width__hover_enabled=&#8220;off&#8220; button_one_border_width__hover_enabled=&#8220;off&#8220; button_two_border_width__hover_enabled=&#8220;off&#8220; button_border_color__hover_enabled=&#8220;off&#8220; button_one_border_color__hover_enabled=&#8220;off&#8220; button_two_border_color__hover_enabled=&#8220;off&#8220; button_border_radius__hover_enabled=&#8220;off&#8220; button_one_border_radius__hover_enabled=&#8220;off&#8220; button_two_border_radius__hover_enabled=&#8220;off&#8220; button_letter_spacing__hover_enabled=&#8220;off&#8220; button_one_letter_spacing__hover_enabled=&#8220;off&#8220; button_two_letter_spacing__hover_enabled=&#8220;off&#8220; button_bg_color__hover_enabled=&#8220;off&#8220; button_one_bg_color__hover_enabled=&#8220;off&#8220; button_two_bg_color__hover_enabled=&#8220;off&#8220;][\/et_pb_contact_field][et_pb_contact_field field_id=&#8220;Nachricht&#8220; field_title=&#8220;Nachricht&#8220; field_type=&#8220;text&#8220; fullwidth_field=&#8220;on&#8220; _builder_version=&#8220;4.5.1&#8243; form_field_background_color=&#8220;#ffffff&#8220; form_field_text_color=&#8220;#797979 &#8220; form_field_font=&#8220;Poppins||||||||&#8220; form_field_text_align=&#8220;left&#8220; border_radii=&#8220;on|1px|1px|1px|1px&#8220; border_width_all=&#8220;1px&#8220; border_color_all=&#8220;#797979 &#8220; button_text_size__hover_enabled=&#8220;off&#8220; button_one_text_size__hover_enabled=&#8220;off&#8220; button_two_text_size__hover_enabled=&#8220;off&#8220; button_text_color__hover_enabled=&#8220;off&#8220; button_one_text_color__hover_enabled=&#8220;off&#8220; button_two_text_color__hover_enabled=&#8220;off&#8220; button_border_width__hover_enabled=&#8220;off&#8220; button_one_border_width__hover_enabled=&#8220;off&#8220; button_two_border_width__hover_enabled=&#8220;off&#8220; button_border_color__hover_enabled=&#8220;off&#8220; button_one_border_color__hover_enabled=&#8220;off&#8220; button_two_border_color__hover_enabled=&#8220;off&#8220; button_border_radius__hover_enabled=&#8220;off&#8220; button_one_border_radius__hover_enabled=&#8220;off&#8220; button_two_border_radius__hover_enabled=&#8220;off&#8220; button_letter_spacing__hover_enabled=&#8220;off&#8220; button_one_letter_spacing__hover_enabled=&#8220;off&#8220; button_two_letter_spacing__hover_enabled=&#8220;off&#8220; button_bg_color__hover_enabled=&#8220;off&#8220; button_one_bg_color__hover_enabled=&#8220;off&#8220; button_two_bg_color__hover_enabled=&#8220;off&#8220;][\/et_pb_contact_field][et_pb_contact_field field_id=&#8220;Checkbox&#8220; field_title=&#8220; &#8220; field_type=&#8220;checkbox&#8220; checkbox_options=&#8220;%91{%22value%22:%22 Wir nehmen das Thema Datenschutz ernst. Der Inhalt Ihrer Nachricht, Ihr Name und Ihre E-Mail-Adresse werden verschl\u00fcsselt \u00fcbertragen und von uns nur f\u00fcr die weitere Kontaktaufnahme gespeichert. Ihre Daten werden nicht an Dritte weitergegeben und vertraulich behandelt. Mit anderen Worten: Mit dem Absenden Ihrer Anfrage erkl\u00e4ren Sie sich mit der Verarbeitung der angegebenen Daten zum Zweck der Bearbeitung Ihrer Anfrage einverstanden. Weitere Informationen finden Sie in unserer %22,%22checked%22:0,%22dragID%22:-1,%22link_url%22:%22\/datenschutzerklaerung\/%22,%22link_text%22:%22Datenschutzerkl\u00e4rung%22}%93&#8243; fullwidth_field=&#8220;on&#8220; _builder_version=&#8220;4.5.1&#8243; _module_preset=&#8220;default&#8220;][\/et_pb_contact_field][\/et_pb_contact_form][\/et_pb_column][\/et_pb_row][\/et_pb_section][et_pb_section fb_built=&#8220;1&#8243; fullwidth=&#8220;on&#8220; _builder_version=&#8220;4.5.1&#8243; _module_preset=&#8220;default&#8220;][et_pb_text_extender _builder_version=&#8220;4.5.1&#8243; _module_preset=&#8220;default&#8220;][\/et_pb_text_extender][\/et_pb_section][et_pb_section fb_built=&#8220;1&#8243; fullwidth=&#8220;on&#8220; _builder_version=&#8220;4.5.1&#8243; _module_preset=&#8220;default&#8220;][et_pb_text_extender _builder_version=&#8220;4.5.1&#8243; _module_preset=&#8220;default&#8220;][\/et_pb_text_extender][\/et_pb_section]<\/p>\n","protected":false},"excerpt":{"rendered":"<p>\ue010Wenn Sie Fragen zum Smart4Health-Projekt oder Ideen haben, die Sie mit uns teilen m\u00f6chten, z\u00f6gern Sie bitte nicht, uns per Kontaktformular oder via E-Mail zu kontaktieren: info@smart4health.euProjektkoordinator: UNINOVA Prof. Dr. Ricardo Goncalves Ordentlicher Professor, Leiter UNINOVA CTS\/GRIS UNINOVA \u2013 Campus FCT UNL, Quinta da Torre 2829-516 Caparica, Portugal rg@uninova.pt Wissenschaftlicher Koordinator: HPI Prof. Dr. Erwin [&hellip;]<\/p>\n","protected":false},"author":10,"featured_media":0,"parent":0,"menu_order":0,"comment_status":"closed","ping_status":"closed","template":"","meta":{"_et_pb_use_builder":"on","_et_pb_old_content":"","_et_gb_content_width":""},"yoast_head":"<!-- This site is optimized with the Yoast SEO plugin v20.6 - https:\/\/yoast.com\/wordpress\/plugins\/seo\/ -->\n<title>Kontakt - Smart4Health<\/title>\n<meta name=\"robots\" content=\"index, follow, max-snippet:-1, max-image-preview:large, max-video-preview:-1\" \/>\n<link rel=\"canonical\" href=\"https:\/\/smart4health.eu\/de\/kontakt\/\" \/>\n<meta property=\"og:locale\" content=\"de_DE\" \/>\n<meta property=\"og:type\" content=\"article\" \/>\n<meta property=\"og:title\" content=\"Kontakt - Smart4Health\" \/>\n<meta property=\"og:description\" content=\"\ue010Wenn Sie Fragen zum Smart4Health-Projekt oder Ideen haben, die Sie mit uns teilen m\u00f6chten, z\u00f6gern Sie bitte nicht, uns per Kontaktformular oder via E-Mail zu kontaktieren: info@smart4health.euProjektkoordinator: UNINOVA Prof. Dr. Ricardo Goncalves Ordentlicher Professor, Leiter UNINOVA CTS\/GRIS UNINOVA \u2013 Campus FCT UNL, Quinta da Torre 2829-516 Caparica, Portugal rg@uninova.pt Wissenschaftlicher Koordinator: HPI Prof. Dr. Erwin [&hellip;]\" \/>\n<meta property=\"og:url\" content=\"https:\/\/smart4health.eu\/de\/kontakt\/\" \/>\n<meta property=\"og:site_name\" content=\"Smart4Health\" \/>\n<meta property=\"article:modified_time\" content=\"2020-09-10T10:12:05+00:00\" \/>\n<meta name=\"twitter:card\" content=\"summary_large_image\" \/>\n<meta name=\"twitter:label1\" content=\"Gesch\u00e4tzte Lesezeit\" \/>\n\t<meta name=\"twitter:data1\" content=\"5\u00a0Minuten\" \/>\n<script type=\"application\/ld+json\" class=\"yoast-schema-graph\">{\"@context\":\"https:\/\/schema.org\",\"@graph\":[{\"@type\":\"WebPage\",\"@id\":\"https:\/\/smart4health.eu\/de\/kontakt\/\",\"url\":\"https:\/\/smart4health.eu\/de\/kontakt\/\",\"name\":\"Kontakt - Smart4Health\",\"isPartOf\":{\"@id\":\"https:\/\/smart4health.eu\/de\/en\/#website\"},\"datePublished\":\"2020-09-10T09:55:25+00:00\",\"dateModified\":\"2020-09-10T10:12:05+00:00\",\"breadcrumb\":{\"@id\":\"https:\/\/smart4health.eu\/de\/kontakt\/#breadcrumb\"},\"inLanguage\":\"de\",\"potentialAction\":[{\"@type\":\"ReadAction\",\"target\":[\"https:\/\/smart4health.eu\/de\/kontakt\/\"]}]},{\"@type\":\"BreadcrumbList\",\"@id\":\"https:\/\/smart4health.eu\/de\/kontakt\/#breadcrumb\",\"itemListElement\":[{\"@type\":\"ListItem\",\"position\":1,\"name\":\"Startseite\",\"item\":\"https:\/\/smart4health.eu\/de\/\"},{\"@type\":\"ListItem\",\"position\":2,\"name\":\"Kontakt\"}]},{\"@type\":\"WebSite\",\"@id\":\"https:\/\/smart4health.eu\/de\/en\/#website\",\"url\":\"https:\/\/smart4health.eu\/de\/en\/\",\"name\":\"Smart4Health\",\"description\":\"\",\"potentialAction\":[{\"@type\":\"SearchAction\",\"target\":{\"@type\":\"EntryPoint\",\"urlTemplate\":\"https:\/\/smart4health.eu\/de\/en\/?s={search_term_string}\"},\"query-input\":\"required name=search_term_string\"}],\"inLanguage\":\"de\"}]}<\/script>\n<!-- \/ Yoast SEO plugin. -->","yoast_head_json":{"title":"Kontakt - Smart4Health","robots":{"index":"index","follow":"follow","max-snippet":"max-snippet:-1","max-image-preview":"max-image-preview:large","max-video-preview":"max-video-preview:-1"},"canonical":"https:\/\/smart4health.eu\/de\/kontakt\/","og_locale":"de_DE","og_type":"article","og_title":"Kontakt - Smart4Health","og_description":"\ue010Wenn Sie Fragen zum Smart4Health-Projekt oder Ideen haben, die Sie mit uns teilen m\u00f6chten, z\u00f6gern Sie bitte nicht, uns per Kontaktformular oder via E-Mail zu kontaktieren: info@smart4health.euProjektkoordinator: UNINOVA Prof. Dr. Ricardo Goncalves Ordentlicher Professor, Leiter UNINOVA CTS\/GRIS UNINOVA \u2013 Campus FCT UNL, Quinta da Torre 2829-516 Caparica, Portugal rg@uninova.pt Wissenschaftlicher Koordinator: HPI Prof. Dr. Erwin [&hellip;]","og_url":"https:\/\/smart4health.eu\/de\/kontakt\/","og_site_name":"Smart4Health","article_modified_time":"2020-09-10T10:12:05+00:00","twitter_card":"summary_large_image","twitter_misc":{"Gesch\u00e4tzte Lesezeit":"5\u00a0Minuten"},"schema":{"@context":"https:\/\/schema.org","@graph":[{"@type":"WebPage","@id":"https:\/\/smart4health.eu\/de\/kontakt\/","url":"https:\/\/smart4health.eu\/de\/kontakt\/","name":"Kontakt - Smart4Health","isPartOf":{"@id":"https:\/\/smart4health.eu\/de\/en\/#website"},"datePublished":"2020-09-10T09:55:25+00:00","dateModified":"2020-09-10T10:12:05+00:00","breadcrumb":{"@id":"https:\/\/smart4health.eu\/de\/kontakt\/#breadcrumb"},"inLanguage":"de","potentialAction":[{"@type":"ReadAction","target":["https:\/\/smart4health.eu\/de\/kontakt\/"]}]},{"@type":"BreadcrumbList","@id":"https:\/\/smart4health.eu\/de\/kontakt\/#breadcrumb","itemListElement":[{"@type":"ListItem","position":1,"name":"Startseite","item":"https:\/\/smart4health.eu\/de\/"},{"@type":"ListItem","position":2,"name":"Kontakt"}]},{"@type":"WebSite","@id":"https:\/\/smart4health.eu\/de\/en\/#website","url":"https:\/\/smart4health.eu\/de\/en\/","name":"Smart4Health","description":"","potentialAction":[{"@type":"SearchAction","target":{"@type":"EntryPoint","urlTemplate":"https:\/\/smart4health.eu\/de\/en\/?s={search_term_string}"},"query-input":"required name=search_term_string"}],"inLanguage":"de"}]}},"_links":{"self":[{"href":"https:\/\/smart4health.eu\/de\/wp-json\/wp\/v2\/pages\/11251"}],"collection":[{"href":"https:\/\/smart4health.eu\/de\/wp-json\/wp\/v2\/pages"}],"about":[{"href":"https:\/\/smart4health.eu\/de\/wp-json\/wp\/v2\/types\/page"}],"author":[{"embeddable":true,"href":"https:\/\/smart4health.eu\/de\/wp-json\/wp\/v2\/users\/10"}],"replies":[{"embeddable":true,"href":"https:\/\/smart4health.eu\/de\/wp-json\/wp\/v2\/comments?post=11251"}],"version-history":[{"count":3,"href":"https:\/\/smart4health.eu\/de\/wp-json\/wp\/v2\/pages\/11251\/revisions"}],"predecessor-version":[{"id":11283,"href":"https:\/\/smart4health.eu\/de\/wp-json\/wp\/v2\/pages\/11251\/revisions\/11283"}],"wp:attachment":[{"href":"https:\/\/smart4health.eu\/de\/wp-json\/wp\/v2\/media?parent=11251"}],"curies":[{"name":"wp","href":"https:\/\/api.w.org\/{rel}","templated":true}]}}